{"id":2128,"date":"2025-04-29T16:47:12","date_gmt":"2025-04-29T14:47:12","guid":{"rendered":"https:\/\/vinitor.wine\/?post_type=product&#038;p=2128"},"modified":"2025-10-07T12:42:16","modified_gmt":"2025-10-07T10:42:16","slug":"mudefer-crianca-negre","status":"publish","type":"product","link":"https:\/\/vinitor.wine\/cs\/wines\/mudefer-crianca-negre\/","title":{"rendered":"Mud\u00e8fer Crian\u00e7a Negre"},"content":{"rendered":"<p data-start=\"245\" data-end=\"479\">Mud\u00e8fer Crian\u00e7a Negre p\u0159edstavuje nejrafinovan\u011bj\u0161\u00ed a nejvyzr\u00e1lej\u0161\u00ed v\u00fdraz p\u016fvodn\u00edch \u010derven\u00fdch odr\u016fd Terra Alta. Jeho n\u00e1zev vzd\u00e1v\u00e1 hold ho\u0159e Mud\u00e8fer, p\u0159\u00edrodn\u00edmu \u00fatvaru, kter\u00fd dominuje m\u00edstn\u00ed krajin\u011b a chr\u00e1n\u00ed nejstar\u0161\u00ed vinice vina\u0159stv\u00ed.<\/p>\n<p data-start=\"481\" data-end=\"875\">Tyto vinice Cari\u00f1ena a Garnacha Negra jsou vysazeny na p\u0159\u00edrodn\u00edch teras\u00e1ch na p\u016fd\u00e1ch \u201cpanal\u201d, fosilizovan\u00e9 p\u00edskov\u00e9 formaci jedine\u010dn\u00e9 pro tento region. Nach\u00e1zej\u00ed se ve v\u00fd\u0161ce mezi 400 a 550 metry nad mo\u0159em, obklopen\u00e9 lesy, a rostou v podm\u00ednk\u00e1ch n\u00edzk\u00fdch ro\u010dn\u00edch sr\u00e1\u017eek, obvykle pod 400 mm. Toto prost\u0159ed\u00ed podporuje zdrav\u00e9 vinice, minim\u00e1ln\u00ed z\u00e1sahy a maxim\u00e1ln\u00ed vyj\u00e1d\u0159en\u00ed terroiru.<\/p>\n<p data-start=\"877\" data-end=\"1368\">V\u011btry hraj\u00ed rozhoduj\u00edc\u00ed roli v charakteru v\u00edna. B\u011bhem dne such\u00fd v\u00edtr Cierzo ze severoz\u00e1padu proh\u00e1n\u00ed vinice, udr\u017euje rostliny zdrav\u00e9 a sni\u017euje pot\u0159ebu o\u0161et\u0159en\u00ed. Ve\u010der p\u0159in\u00e1\u0161\u00ed Garb\u00ed, jemn\u00fd mo\u0159sk\u00fd v\u00e1nek, vlhkost a ochlazuje vzduch, co\u017e umo\u017e\u0148uje pomal\u00e9 a vyv\u00e1\u017een\u00e9 zr\u00e1n\u00ed hrozn\u016f. Toto jedine\u010dn\u00e9 setk\u00e1n\u00ed kontinent\u00e1ln\u00edch a st\u0159edomo\u0159sk\u00fdch vliv\u016f vytv\u00e1\u0159\u00ed v\u00edna s v\u00fdraznou strukturou a p\u0159irozenou kyselost\u00ed, kter\u00e1 l\u00e1k\u00e1 k dal\u0161\u00edmu dou\u0161ku.<\/p>\n<p data-start=\"1370\" data-end=\"1695\">V\u00fdroba v\u00edna sleduje respektuj\u00edc\u00ed a precizn\u00ed p\u0159\u00edstup. Fermentace prob\u00edh\u00e1 p\u0159i kontrolovan\u00fdch teplot\u00e1ch v nerezov\u00fdch tanc\u00edch, aby se zachovala \u010distota ka\u017ed\u00e9 odr\u016fdy. V\u00edno pak zraje osm a\u017e deset m\u011bs\u00edc\u016f v kombinaci francouzsk\u00fdch a americk\u00fdch dubov\u00fdch sud\u016f, \u010d\u00edm\u017e z\u00edsk\u00e1v\u00e1 t\u011blo, hedv\u00e1bnou texturu a aromatickou komplexnost.<\/p>\n<p data-start=\"1697\" data-end=\"1961\">V\u00fdsledkem je \u010derven\u00e9 v\u00edno s v\u00fdraznou aromatickou intenzitou, s t\u00f3ny zral\u00e9ho \u010derven\u00e9ho ovoce, n\u00e1znaky d\u017eemu, op\u00e9kan\u00fdmi t\u00f3ny a jemn\u00fdm kou\u0159ov\u00fdm n\u00e1dechem. Na pat\u0159e je \u0161irok\u00e9, \u017eiv\u00e9 a vyv\u00e1\u017een\u00e9, s jemn\u00fdmi hedv\u00e1bn\u00fdmi t\u0159\u00edslovinami a dlouh\u00fdm z\u00e1v\u011brem, kter\u00fd odr\u00e1\u017e\u00ed autenti\u010dnost jeho p\u016fvodu.<\/p>\n<p data-start=\"1963\" data-end=\"2205\">Mud\u00e8fer Crian\u00e7a Negre je ide\u00e1ln\u00ed pro milovn\u00edky \u010derven\u00fdch v\u00edn s potenci\u00e1lem zr\u00e1n\u00ed. Skv\u011ble se hod\u00ed k tradi\u010dn\u00edm pokrm\u016fm, pe\u010den\u00fdm \u010derven\u00fdm mas\u016fm, horsk\u00fdm du\u0161en\u00fdm pokrm\u016fm a zral\u00fdm s\u00fdr\u016fm. Je to v\u00edno, kter\u00e9 vypr\u00e1v\u00ed o zemi, v\u011btru a klidn\u00e9 kr\u00e1se Terra Alta.<\/p>","protected":false},"excerpt":{"rendered":"<p>Vlajkov\u00e1 \u010derven\u00e1 z Terra Alta, kombinuj\u00edc\u00ed Cari\u00f1ena a Garnacha Negra se zr\u00e1n\u00edm ve francouzsk\u00e9m dubu pro bohatost, eleganci a st\u0159edomo\u0159skou hloubku.<\/p>","protected":false},"featured_media":2129,"template":"","meta":{"_acf_changed":false,"site-sidebar-layout":"default","site-content-layout":"","ast-site-content-layout":"default","site-content-style":"default","site-sidebar-style":"default","ast-global-header-display":"","ast-banner-title-visibility":"","ast-main-header-display":"","ast-hfb-above-header-display":"","ast-hfb-below-header-display":"","ast-hfb-mobile-header-display":"","site-post-title":"","ast-breadcrumbs-content":"","ast-featured-img":"","footer-sml-layout":"","ast-disable-related-posts":"","theme-transparent-header-meta":"default","adv-header-id-meta":"","stick-header-meta":"","header-above-stick-meta":"","header-main-stick-meta":"","header-below-stick-meta":"","astra-migrate-meta-layouts":"set","ast-page-background-enabled":"default","ast-page-background-meta":{"desktop":{"background-color":"var(--ast-global-color-4)","background-image":"","background-repeat":"repeat","background-position":"center center","background-size":"auto","background-attachment":"scroll","background-type":"","background-media":"","overlay-type":"","overlay-color":"","overlay-opacity":"","overlay-gradient":""},"tablet":{"background-color":"","background-image":"","background-repeat":"repeat","background-position":"center center","background-size":"auto","background-attachment":"scroll","background-type":"","background-media":"","overlay-type":"","overlay-color":"","overlay-opacity":"","overlay-gradient":""},"mobile":{"background-color":"","background-image":"","background-repeat":"repeat","background-position":"center center","background-size":"auto","background-attachment":"scroll","background-type":"","background-media":"","overlay-type":"","overlay-color":"","overlay-opacity":"","overlay-gradient":""}},"ast-content-background-meta":{"desktop":{"background-color":"var(--ast-global-color-5)","background-image":"","background-repeat":"repeat","background-position":"center center","background-size":"auto","background-attachment":"scroll","background-type":"","background-media":"","overlay-type":"","overlay-color":"","overlay-opacity":"","overlay-gradient":""},"tablet":{"background-color":"var(--ast-global-color-5)","background-image":"","background-repeat":"repeat","background-position":"center center","background-size":"auto","background-attachment":"scroll","background-type":"","background-media":"","overlay-type":"","overlay-color":"","overlay-opacity":"","overlay-gradient":""},"mobile":{"background-color":"var(--ast-global-color-5)","background-image":"","background-repeat":"repeat","background-position":"center center","background-size":"auto","background-attachment":"scroll","background-type":"","background-media":"","overlay-type":"","overlay-color":"","overlay-opacity":"","overlay-gradient":""}}},"product_brand":[397],"product_cat":[15],"product_tag":[],"class_list":{"0":"post-2128","1":"product","2":"type-product","3":"status-publish","4":"has-post-thumbnail","6":"product_brand-celler-la-botera","7":"product_cat-sin-categoria","8":"desktop-align-left","9":"tablet-align-left","10":"mobile-align-left","12":"first","13":"outofstock","14":"shipping-taxable","15":"product-type-variable"},"acf":[],"yoast_head":"<!-- This site is optimized with the Yoast SEO plugin v22.9 - https:\/\/yoast.com\/wordpress\/plugins\/seo\/ -->\n<title>Mud\u00e8fer Crian\u00e7a Negre - VINITOR<\/title>\n<meta name=\"description\" content=\"Flagship Cari\u00f1ena and Garnacha Negra from Terra Alta, aged 8\u201310 months in French oak, with ripe fruit, fine tannins, and elegant balance.\" \/>\n<meta name=\"robots\" content=\"index, follow, max-snippet:-1, max-image-preview:large, max-video-preview:-1\" \/>\n<link rel=\"canonical\" href=\"https:\/\/vinitor.wine\/cs\/vina\/mudefer-crianca-negre\/\" \/>\n<meta property=\"og:locale\" content=\"cs_CZ\" \/>\n<meta property=\"og:type\" content=\"article\" \/>\n<meta property=\"og:title\" content=\"Mud\u00e8fer Crian\u00e7a Negre - VINITOR\" \/>\n<meta property=\"og:description\" content=\"Flagship Cari\u00f1ena and Garnacha Negra from Terra Alta, aged 8\u201310 months in French oak, with ripe fruit, fine tannins, and elegant balance.\" \/>\n<meta property=\"og:url\" content=\"https:\/\/vinitor.wine\/cs\/vina\/mudefer-crianca-negre\/\" \/>\n<meta property=\"og:site_name\" content=\"VINITOR\" \/>\n<meta property=\"article:publisher\" content=\"https:\/\/www.facebook.com\/vinitor.wine\/\" \/>\n<meta property=\"article:modified_time\" content=\"2025-10-07T10:42:16+00:00\" \/>\n<meta property=\"og:image\" content=\"https:\/\/vinitor.wine\/wp-content\/uploads\/2025\/04\/VINO-MUDEFER-CRIANCA-NEGRE.png\" \/>\n\t<meta property=\"og:image:width\" content=\"1080\" \/>\n\t<meta property=\"og:image:height\" content=\"1080\" \/>\n\t<meta property=\"og:image:type\" content=\"image\/png\" \/>\n<meta name=\"twitter:card\" content=\"summary_large_image\" \/>\n<meta name=\"twitter:label1\" content=\"Odhadovan\u00e1 doba \u010dten\u00ed\" \/>\n\t<meta name=\"twitter:data1\" content=\"2 minuty\" \/>\n<script type=\"application\/ld+json\" class=\"yoast-schema-graph\">{\"@context\":\"https:\/\/schema.org\",\"@graph\":[{\"@type\":\"WebPage\",\"@id\":\"https:\/\/vinitor.wine\/wines\/mudefer-crianca-negre\/\",\"url\":\"https:\/\/vinitor.wine\/wines\/mudefer-crianca-negre\/\",\"name\":\"Mud\u00e8fer Crian\u00e7a Negre - VINITOR\",\"isPartOf\":{\"@id\":\"https:\/\/vinitor.wine\/#website\"},\"primaryImageOfPage\":{\"@id\":\"https:\/\/vinitor.wine\/wines\/mudefer-crianca-negre\/#primaryimage\"},\"image\":{\"@id\":\"https:\/\/vinitor.wine\/wines\/mudefer-crianca-negre\/#primaryimage\"},\"thumbnailUrl\":\"https:\/\/vinitor.wine\/wp-content\/uploads\/2025\/04\/VINO-MUDEFER-CRIANCA-NEGRE.png\",\"datePublished\":\"2025-04-29T14:47:12+00:00\",\"dateModified\":\"2025-10-07T10:42:16+00:00\",\"description\":\"Flagship Cari\u00f1ena and Garnacha Negra from Terra Alta, aged 8\u201310 months in French oak, with ripe fruit, fine tannins, and elegant balance.\",\"breadcrumb\":{\"@id\":\"https:\/\/vinitor.wine\/wines\/mudefer-crianca-negre\/#breadcrumb\"},\"inLanguage\":\"cs\",\"potentialAction\":[{\"@type\":\"ReadAction\",\"target\":[\"https:\/\/vinitor.wine\/wines\/mudefer-crianca-negre\/\"]}]},{\"@type\":\"ImageObject\",\"inLanguage\":\"cs\",\"@id\":\"https:\/\/vinitor.wine\/wines\/mudefer-crianca-negre\/#primaryimage\",\"url\":\"https:\/\/vinitor.wine\/wp-content\/uploads\/2025\/04\/VINO-MUDEFER-CRIANCA-NEGRE.png\",\"contentUrl\":\"https:\/\/vinitor.wine\/wp-content\/uploads\/2025\/04\/VINO-MUDEFER-CRIANCA-NEGRE.png\",\"width\":1080,\"height\":1080},{\"@type\":\"BreadcrumbList\",\"@id\":\"https:\/\/vinitor.wine\/wines\/mudefer-crianca-negre\/#breadcrumb\",\"itemListElement\":[{\"@type\":\"ListItem\",\"position\":1,\"name\":\"Home\",\"item\":\"https:\/\/vinitor.wine\/en\/\"},{\"@type\":\"ListItem\",\"position\":2,\"name\":\"Productos\",\"item\":\"https:\/\/vinitor.wine\/tienda\/\"},{\"@type\":\"ListItem\",\"position\":3,\"name\":\"Mud\u00e8fer Crian\u00e7a Negre\"}]},{\"@type\":\"WebSite\",\"@id\":\"https:\/\/vinitor.wine\/#website\",\"url\":\"https:\/\/vinitor.wine\/\",\"name\":\"VINITOR\",\"description\":\"Your dedicated export department for premium Spanish wines, bridging wineries in Spain with importers worldwide\",\"publisher\":{\"@id\":\"https:\/\/vinitor.wine\/#organization\"},\"potentialAction\":[{\"@type\":\"SearchAction\",\"target\":{\"@type\":\"EntryPoint\",\"urlTemplate\":\"https:\/\/vinitor.wine\/?s={search_term_string}\"},\"query-input\":\"required name=search_term_string\"}],\"inLanguage\":\"cs\"},{\"@type\":\"Organization\",\"@id\":\"https:\/\/vinitor.wine\/#organization\",\"name\":\"VINITOR\",\"url\":\"https:\/\/vinitor.wine\/\",\"logo\":{\"@type\":\"ImageObject\",\"inLanguage\":\"cs\",\"@id\":\"https:\/\/vinitor.wine\/#\/schema\/logo\/image\/\",\"url\":\"https:\/\/vinitor.wine\/wp-content\/uploads\/2024\/10\/cropped-Vinitor_Logo-03.png\",\"contentUrl\":\"https:\/\/vinitor.wine\/wp-content\/uploads\/2024\/10\/cropped-Vinitor_Logo-03.png\",\"width\":512,\"height\":512,\"caption\":\"VINITOR\"},\"image\":{\"@id\":\"https:\/\/vinitor.wine\/#\/schema\/logo\/image\/\"},\"sameAs\":[\"https:\/\/www.facebook.com\/vinitor.wine\/\",\"https:\/\/www.instagram.com\/vinitor.wine\/\",\"https:\/\/es.linkedin.com\/company\/vinitor\"]}]}<\/script>\n<!-- \/ Yoast SEO plugin. -->","yoast_head_json":{"title":"Mud\u00e8fer Crian\u00e7a Negre - VINITOR","description":"Vlajkov\u00e1 lo\u010f z odr\u016fd Cari\u00f1ena a Garnacha Negra z oblasti Terra Alta, zraj\u00edc\u00ed 8\u201310 m\u011bs\u00edc\u016f ve francouzsk\u00e9m dubu, s vyzr\u00e1l\u00fdm ovocem, jemn\u00fdmi t\u0159\u00edslovinami a elegantn\u00ed rovnov\u00e1hou.","robots":{"index":"index","follow":"follow","max-snippet":"max-snippet:-1","max-image-preview":"max-image-preview:large","max-video-preview":"max-video-preview:-1"},"canonical":"https:\/\/vinitor.wine\/cs\/vina\/mudefer-crianca-negre\/","og_locale":"cs_CZ","og_type":"article","og_title":"Mud\u00e8fer Crian\u00e7a Negre - VINITOR","og_description":"Flagship Cari\u00f1ena and Garnacha Negra from Terra Alta, aged 8\u201310 months in French oak, with ripe fruit, fine tannins, and elegant balance.","og_url":"https:\/\/vinitor.wine\/cs\/vina\/mudefer-crianca-negre\/","og_site_name":"VINITOR","article_publisher":"https:\/\/www.facebook.com\/vinitor.wine\/","article_modified_time":"2025-10-07T10:42:16+00:00","og_image":[{"width":1080,"height":1080,"url":"https:\/\/vinitor.wine\/wp-content\/uploads\/2025\/04\/VINO-MUDEFER-CRIANCA-NEGRE.png","type":"image\/png"}],"twitter_card":"summary_large_image","twitter_misc":{"Odhadovan\u00e1 doba \u010dten\u00ed":"2 minuty"},"schema":{"@context":"https:\/\/schema.org","@graph":[{"@type":"WebPage","@id":"https:\/\/vinitor.wine\/wines\/mudefer-crianca-negre\/","url":"https:\/\/vinitor.wine\/wines\/mudefer-crianca-negre\/","name":"Mud\u00e8fer Crian\u00e7a Negre - VINITOR","isPartOf":{"@id":"https:\/\/vinitor.wine\/#website"},"primaryImageOfPage":{"@id":"https:\/\/vinitor.wine\/wines\/mudefer-crianca-negre\/#primaryimage"},"image":{"@id":"https:\/\/vinitor.wine\/wines\/mudefer-crianca-negre\/#primaryimage"},"thumbnailUrl":"https:\/\/vinitor.wine\/wp-content\/uploads\/2025\/04\/VINO-MUDEFER-CRIANCA-NEGRE.png","datePublished":"2025-04-29T14:47:12+00:00","dateModified":"2025-10-07T10:42:16+00:00","description":"Vlajkov\u00e1 lo\u010f z odr\u016fd Cari\u00f1ena a Garnacha Negra z oblasti Terra Alta, zraj\u00edc\u00ed 8\u201310 m\u011bs\u00edc\u016f ve francouzsk\u00e9m dubu, s vyzr\u00e1l\u00fdm ovocem, jemn\u00fdmi t\u0159\u00edslovinami a elegantn\u00ed rovnov\u00e1hou.","breadcrumb":{"@id":"https:\/\/vinitor.wine\/wines\/mudefer-crianca-negre\/#breadcrumb"},"inLanguage":"cs","potentialAction":[{"@type":"ReadAction","target":["https:\/\/vinitor.wine\/wines\/mudefer-crianca-negre\/"]}]},{"@type":"ImageObject","inLanguage":"cs","@id":"https:\/\/vinitor.wine\/wines\/mudefer-crianca-negre\/#primaryimage","url":"https:\/\/vinitor.wine\/wp-content\/uploads\/2025\/04\/VINO-MUDEFER-CRIANCA-NEGRE.png","contentUrl":"https:\/\/vinitor.wine\/wp-content\/uploads\/2025\/04\/VINO-MUDEFER-CRIANCA-NEGRE.png","width":1080,"height":1080},{"@type":"BreadcrumbList","@id":"https:\/\/vinitor.wine\/wines\/mudefer-crianca-negre\/#breadcrumb","itemListElement":[{"@type":"ListItem","position":1,"name":"Home","item":"https:\/\/vinitor.wine\/en\/"},{"@type":"ListItem","position":2,"name":"Productos","item":"https:\/\/vinitor.wine\/tienda\/"},{"@type":"ListItem","position":3,"name":"Mud\u00e8fer Crian\u00e7a Negre"}]},{"@type":"WebSite","@id":"https:\/\/vinitor.wine\/#website","url":"https:\/\/vinitor.wine\/","name":"VINITOR","description":"V\u00e1\u0161 specializovan\u00fd exportn\u00ed t\u00fdm pro pr\u00e9miov\u00e1 \u0161pan\u011blsk\u00e1 v\u00edna, spojuj\u00edc\u00ed vina\u0159stv\u00ed ve \u0160pan\u011blsku s import\u00e9ry po cel\u00e9m sv\u011bt\u011b","publisher":{"@id":"https:\/\/vinitor.wine\/#organization"},"potentialAction":[{"@type":"SearchAction","target":{"@type":"EntryPoint","urlTemplate":"https:\/\/vinitor.wine\/?s={search_term_string}"},"query-input":"required name=search_term_string"}],"inLanguage":"cs"},{"@type":"Organization","@id":"https:\/\/vinitor.wine\/#organization","name":"VINITOR","url":"https:\/\/vinitor.wine\/","logo":{"@type":"ImageObject","inLanguage":"cs","@id":"https:\/\/vinitor.wine\/#\/schema\/logo\/image\/","url":"https:\/\/vinitor.wine\/wp-content\/uploads\/2024\/10\/cropped-Vinitor_Logo-03.png","contentUrl":"https:\/\/vinitor.wine\/wp-content\/uploads\/2024\/10\/cropped-Vinitor_Logo-03.png","width":512,"height":512,"caption":"VINITOR"},"image":{"@id":"https:\/\/vinitor.wine\/#\/schema\/logo\/image\/"},"sameAs":["https:\/\/www.facebook.com\/vinitor.wine\/","https:\/\/www.instagram.com\/vinitor.wine\/","https:\/\/es.linkedin.com\/company\/vinitor"]}]}},"_links":{"self":[{"href":"https:\/\/vinitor.wine\/cs\/wp-json\/wp\/v2\/product\/2128","targetHints":{"allow":["GET"]}}],"collection":[{"href":"https:\/\/vinitor.wine\/cs\/wp-json\/wp\/v2\/product"}],"about":[{"href":"https:\/\/vinitor.wine\/cs\/wp-json\/wp\/v2\/types\/product"}],"version-history":[{"count":0,"href":"https:\/\/vinitor.wine\/cs\/wp-json\/wp\/v2\/product\/2128\/revisions"}],"wp:featuredmedia":[{"embeddable":true,"href":"https:\/\/vinitor.wine\/cs\/wp-json\/wp\/v2\/media\/2129"}],"wp:attachment":[{"href":"https:\/\/vinitor.wine\/cs\/wp-json\/wp\/v2\/media?parent=2128"}],"wp:term":[{"taxonomy":"product_brand","embeddable":true,"href":"https:\/\/vinitor.wine\/cs\/wp-json\/wp\/v2\/product_brand?post=2128"},{"taxonomy":"product_cat","embeddable":true,"href":"https:\/\/vinitor.wine\/cs\/wp-json\/wp\/v2\/product_cat?post=2128"},{"taxonomy":"product_tag","embeddable":true,"href":"https:\/\/vinitor.wine\/cs\/wp-json\/wp\/v2\/product_tag?post=2128"}],"curies":[{"name":"wp","href":"https:\/\/api.w.org\/{rel}","templated":true}]}}