{"id":3978,"date":"2025-05-06T14:55:49","date_gmt":"2025-05-06T12:55:49","guid":{"rendered":"https:\/\/vinitor.wine\/?post_type=product&#038;p=3978"},"modified":"2025-10-07T11:50:00","modified_gmt":"2025-10-07T09:50:00","slug":"3-pueblos-albarino-rias-baixas","status":"publish","type":"product","link":"https:\/\/vinitor.wine\/cs\/wines\/3-pueblos-albarino-rias-baixas\/","title":{"rendered":"3 Pueblos Albari\u00f1o"},"content":{"rendered":"<p data-start=\"1388\" data-end=\"1737\">3 Pueblos Albari\u00f1o je \u010dist\u00fdm vyj\u00e1d\u0159en\u00edm R\u00edas Baixas a atlantick\u00e9 esence Galicie. Rod\u00ed se v Cambados, uzn\u00e1van\u00e9m jako kol\u00e9bka Albari\u00f1a, kde r\u00e9vy star\u0161\u00ed 40 let zapou\u0161t\u011bj\u00ed sv\u00e9 ko\u0159eny do p\u00eds\u010dit\u00fdch a \u017eulov\u00fdch p\u016fd. Tyto p\u016fdy, spolu s m\u00edrn\u00fdm mo\u0159sk\u00fdm klimatem, formuj\u00ed hrozny s pozoruhodnou kyselost\u00ed, mineralitou a jemnost\u00ed.<\/p>\n<p data-start=\"1739\" data-end=\"2083\">Podoblast Val do Saln\u00e9s je pova\u017eov\u00e1na za rodi\u0161t\u011b Albari\u00f1a. Zde mo\u0159sk\u00e9 v\u00e1nky, \u010dast\u00e9 sr\u00e1\u017eky a jemn\u00e9 slune\u010dn\u00ed paprsky vytv\u00e1\u0159ej\u00ed ide\u00e1ln\u00ed podm\u00ednky pro pomal\u00e9 zr\u00e1n\u00ed, zachov\u00e1n\u00ed sv\u011b\u017eesti a rozvoj charakteristick\u00e9ho slan\u00e9ho doteku hrozn\u016f. Star\u00e9 r\u00e9vy poskytuj\u00ed koncentrovan\u00e9 ovoce, p\u0159in\u00e1\u0161ej\u00edc\u00ed jak aromatickou intenzitu, tak hlubok\u00fd smysl pro terroir.<\/p>\n<p data-start=\"2085\" data-end=\"2473\">Sklize\u0148 se prov\u00e1d\u00ed ru\u010dn\u011b do mal\u00fdch beden, aby se chr\u00e1nilo ovoce. Fermentace je rozd\u011blena: v\u011bt\u0161ina prob\u00edh\u00e1 v nerezov\u00fdch tanc\u00edch, aby zachytila kv\u011btinovou a citrusovou jasnost Albari\u00f1a, a mal\u00e1 \u010d\u00e1st ve francouzsk\u00fdch dubov\u00fdch sudech, aby p\u0159idala hloubku a jemnou zaoblenost. Po fermentaci v\u00edno odpo\u010d\u00edv\u00e1 na jemn\u00fdch kalech po dobu \u0161esti m\u011bs\u00edc\u016f, co\u017e p\u0159irozen\u011b zvy\u0161uje t\u011blo, texturu a slo\u017eitost.<\/p>\n<p data-start=\"2475\" data-end=\"2947\">V\u00fdsledkem je v\u00edno, kter\u00e9 vyva\u017euje preciznost s bohatost\u00ed, vyjad\u0159uje jak \u010distotu Albari\u00f1a, tak s\u00edlu jeho atlantick\u00e9ho prost\u0159ed\u00ed. Sv\u011b\u017e\u00ed, miner\u00e1ln\u00ed a vrstevnat\u00e9, 3 Pueblos Albari\u00f1o odr\u00e1\u017e\u00ed kolektivn\u00ed filozofii sv\u00e9ho jm\u00e9na: t\u0159i vesnice spolupracuj\u00edc\u00ed na v\u00fdrob\u011b autentick\u00fdch v\u00edn zako\u0159en\u011bn\u00fdch v tradici a m\u00edst\u011b. Ide\u00e1ln\u00ed s galicijsk\u00fdmi mo\u0159sk\u00fdmi plody, je tak\u00e9 v\u0161estrann\u00fdm spole\u010dn\u00edkem pro mezin\u00e1rodn\u00ed kuchyn\u011b, zt\u011bles\u0148uj\u00edc\u00ed nad\u010dasov\u00e9 kouzlo galicijsk\u00fdch vinic.<\/p>","protected":false},"excerpt":{"rendered":"<p>Sv\u011b\u017e\u00ed a slan\u00e9 Albari\u00f1o z Cambadosu, obohacen\u00e9 \u0161esti m\u011bs\u00edci na kalech pro eleganci, objem a atlantick\u00fd charakter.<\/p>","protected":false},"featured_media":3980,"template":"","meta":{"_acf_changed":false,"site-sidebar-layout":"default","site-content-layout":"","ast-site-content-layout":"default","site-content-style":"default","site-sidebar-style":"default","ast-global-header-display":"","ast-banner-title-visibility":"","ast-main-header-display":"","ast-hfb-above-header-display":"","ast-hfb-below-header-display":"","ast-hfb-mobile-header-display":"","site-post-title":"","ast-breadcrumbs-content":"","ast-featured-img":"","footer-sml-layout":"","ast-disable-related-posts":"","theme-transparent-header-meta":"default","adv-header-id-meta":"","stick-header-meta":"","header-above-stick-meta":"","header-main-stick-meta":"","header-below-stick-meta":"","astra-migrate-meta-layouts":"set","ast-page-background-enabled":"default","ast-page-background-meta":{"desktop":{"background-color":"var(--ast-global-color-4)","background-image":"","background-repeat":"repeat","background-position":"center center","background-size":"auto","background-attachment":"scroll","background-type":"","background-media":"","overlay-type":"","overlay-color":"","overlay-opacity":"","overlay-gradient":""},"tablet":{"background-color":"","background-image":"","background-repeat":"repeat","background-position":"center center","background-size":"auto","background-attachment":"scroll","background-type":"","background-media":"","overlay-type":"","overlay-color":"","overlay-opacity":"","overlay-gradient":""},"mobile":{"background-color":"","background-image":"","background-repeat":"repeat","background-position":"center center","background-size":"auto","background-attachment":"scroll","background-type":"","background-media":"","overlay-type":"","overlay-color":"","overlay-opacity":"","overlay-gradient":""}},"ast-content-background-meta":{"desktop":{"background-color":"var(--ast-global-color-5)","background-image":"","background-repeat":"repeat","background-position":"center center","background-size":"auto","background-attachment":"scroll","background-type":"","background-media":"","overlay-type":"","overlay-color":"","overlay-opacity":"","overlay-gradient":""},"tablet":{"background-color":"var(--ast-global-color-5)","background-image":"","background-repeat":"repeat","background-position":"center center","background-size":"auto","background-attachment":"scroll","background-type":"","background-media":"","overlay-type":"","overlay-color":"","overlay-opacity":"","overlay-gradient":""},"mobile":{"background-color":"var(--ast-global-color-5)","background-image":"","background-repeat":"repeat","background-position":"center center","background-size":"auto","background-attachment":"scroll","background-type":"","background-media":"","overlay-type":"","overlay-color":"","overlay-opacity":"","overlay-gradient":""}}},"product_brand":[497],"product_cat":[15],"product_tag":[],"class_list":{"0":"post-3978","1":"product","2":"type-product","3":"status-publish","4":"has-post-thumbnail","6":"product_brand-3-pueblos-wine-project","7":"product_cat-sin-categoria","8":"desktop-align-left","9":"tablet-align-left","10":"mobile-align-left","12":"first","13":"instock","14":"shipping-taxable","15":"product-type-simple"},"acf":[],"yoast_head":"<!-- This site is optimized with the Yoast SEO plugin v22.9 - https:\/\/yoast.com\/wordpress\/plugins\/seo\/ -->\n<title>3 Pueblos Albari\u00f1o - VINITOR<\/title>\n<meta name=\"description\" content=\"3 Pueblos Albari\u00f1o from Cambados in R\u00edas Baixas, fresh and saline, aged six months on lees for elegance and Atlantic character.\" \/>\n<meta name=\"robots\" content=\"index, follow, max-snippet:-1, max-image-preview:large, max-video-preview:-1\" \/>\n<link rel=\"canonical\" href=\"https:\/\/vinitor.wine\/cs\/vina\/3-pueblos-albarino-rias-baixas\/\" \/>\n<meta property=\"og:locale\" content=\"cs_CZ\" \/>\n<meta property=\"og:type\" content=\"article\" \/>\n<meta property=\"og:title\" content=\"3 Pueblos Albari\u00f1o - VINITOR\" \/>\n<meta property=\"og:description\" content=\"3 Pueblos Albari\u00f1o from Cambados in R\u00edas Baixas, fresh and saline, aged six months on lees for elegance and Atlantic character.\" \/>\n<meta property=\"og:url\" content=\"https:\/\/vinitor.wine\/cs\/vina\/3-pueblos-albarino-rias-baixas\/\" \/>\n<meta property=\"og:site_name\" content=\"VINITOR\" \/>\n<meta property=\"article:publisher\" content=\"https:\/\/www.facebook.com\/vinitor.wine\/\" \/>\n<meta property=\"article:modified_time\" content=\"2025-10-07T09:50:00+00:00\" \/>\n<meta property=\"og:image\" content=\"https:\/\/vinitor.wine\/wp-content\/uploads\/2025\/08\/3-Pueblos-albarino-1080x1080-1.png\" \/>\n\t<meta property=\"og:image:width\" content=\"1080\" \/>\n\t<meta property=\"og:image:height\" content=\"1080\" \/>\n\t<meta property=\"og:image:type\" content=\"image\/png\" \/>\n<meta name=\"twitter:card\" content=\"summary_large_image\" \/>\n<meta name=\"twitter:label1\" content=\"Odhadovan\u00e1 doba \u010dten\u00ed\" \/>\n\t<meta name=\"twitter:data1\" content=\"2 minuty\" \/>\n<script type=\"application\/ld+json\" class=\"yoast-schema-graph\">{\"@context\":\"https:\/\/schema.org\",\"@graph\":[{\"@type\":\"WebPage\",\"@id\":\"https:\/\/vinitor.wine\/wines\/3-pueblos-albarino-rias-baixas\/\",\"url\":\"https:\/\/vinitor.wine\/wines\/3-pueblos-albarino-rias-baixas\/\",\"name\":\"3 Pueblos Albari\u00f1o - VINITOR\",\"isPartOf\":{\"@id\":\"https:\/\/vinitor.wine\/#website\"},\"primaryImageOfPage\":{\"@id\":\"https:\/\/vinitor.wine\/wines\/3-pueblos-albarino-rias-baixas\/#primaryimage\"},\"image\":{\"@id\":\"https:\/\/vinitor.wine\/wines\/3-pueblos-albarino-rias-baixas\/#primaryimage\"},\"thumbnailUrl\":\"https:\/\/vinitor.wine\/wp-content\/uploads\/2025\/08\/3-Pueblos-albarino-1080x1080-1.png\",\"datePublished\":\"2025-05-06T12:55:49+00:00\",\"dateModified\":\"2025-10-07T09:50:00+00:00\",\"description\":\"3 Pueblos Albari\u00f1o from Cambados in R\u00edas Baixas, fresh and saline, aged six months on lees for elegance and Atlantic character.\",\"breadcrumb\":{\"@id\":\"https:\/\/vinitor.wine\/wines\/3-pueblos-albarino-rias-baixas\/#breadcrumb\"},\"inLanguage\":\"cs\",\"potentialAction\":[{\"@type\":\"ReadAction\",\"target\":[\"https:\/\/vinitor.wine\/wines\/3-pueblos-albarino-rias-baixas\/\"]}]},{\"@type\":\"ImageObject\",\"inLanguage\":\"cs\",\"@id\":\"https:\/\/vinitor.wine\/wines\/3-pueblos-albarino-rias-baixas\/#primaryimage\",\"url\":\"https:\/\/vinitor.wine\/wp-content\/uploads\/2025\/08\/3-Pueblos-albarino-1080x1080-1.png\",\"contentUrl\":\"https:\/\/vinitor.wine\/wp-content\/uploads\/2025\/08\/3-Pueblos-albarino-1080x1080-1.png\",\"width\":1080,\"height\":1080},{\"@type\":\"BreadcrumbList\",\"@id\":\"https:\/\/vinitor.wine\/wines\/3-pueblos-albarino-rias-baixas\/#breadcrumb\",\"itemListElement\":[{\"@type\":\"ListItem\",\"position\":1,\"name\":\"Home\",\"item\":\"https:\/\/vinitor.wine\/en\/\"},{\"@type\":\"ListItem\",\"position\":2,\"name\":\"Productos\",\"item\":\"https:\/\/vinitor.wine\/tienda\/\"},{\"@type\":\"ListItem\",\"position\":3,\"name\":\"3 Pueblos Albari\u00f1o\"}]},{\"@type\":\"WebSite\",\"@id\":\"https:\/\/vinitor.wine\/#website\",\"url\":\"https:\/\/vinitor.wine\/\",\"name\":\"VINITOR\",\"description\":\"Your dedicated export department for premium Spanish wines, bridging wineries in Spain with importers worldwide\",\"publisher\":{\"@id\":\"https:\/\/vinitor.wine\/#organization\"},\"potentialAction\":[{\"@type\":\"SearchAction\",\"target\":{\"@type\":\"EntryPoint\",\"urlTemplate\":\"https:\/\/vinitor.wine\/?s={search_term_string}\"},\"query-input\":\"required name=search_term_string\"}],\"inLanguage\":\"cs\"},{\"@type\":\"Organization\",\"@id\":\"https:\/\/vinitor.wine\/#organization\",\"name\":\"VINITOR\",\"url\":\"https:\/\/vinitor.wine\/\",\"logo\":{\"@type\":\"ImageObject\",\"inLanguage\":\"cs\",\"@id\":\"https:\/\/vinitor.wine\/#\/schema\/logo\/image\/\",\"url\":\"https:\/\/vinitor.wine\/wp-content\/uploads\/2024\/10\/cropped-Vinitor_Logo-03.png\",\"contentUrl\":\"https:\/\/vinitor.wine\/wp-content\/uploads\/2024\/10\/cropped-Vinitor_Logo-03.png\",\"width\":512,\"height\":512,\"caption\":\"VINITOR\"},\"image\":{\"@id\":\"https:\/\/vinitor.wine\/#\/schema\/logo\/image\/\"},\"sameAs\":[\"https:\/\/www.facebook.com\/vinitor.wine\/\",\"https:\/\/www.instagram.com\/vinitor.wine\/\",\"https:\/\/es.linkedin.com\/company\/vinitor\"]}]}<\/script>\n<!-- \/ Yoast SEO plugin. -->","yoast_head_json":{"title":"3 Pueblos Albari\u00f1o - VINITOR","description":"3 Pueblos Albari\u00f1o z Cambados v R\u00edas Baixas, sv\u011b\u017e\u00ed a slan\u00fd, \u0161est m\u011bs\u00edc\u016f zraje na kalech pro eleganci a atlantsk\u00fd charakter.","robots":{"index":"index","follow":"follow","max-snippet":"max-snippet:-1","max-image-preview":"max-image-preview:large","max-video-preview":"max-video-preview:-1"},"canonical":"https:\/\/vinitor.wine\/cs\/vina\/3-pueblos-albarino-rias-baixas\/","og_locale":"cs_CZ","og_type":"article","og_title":"3 Pueblos Albari\u00f1o - VINITOR","og_description":"3 Pueblos Albari\u00f1o from Cambados in R\u00edas Baixas, fresh and saline, aged six months on lees for elegance and Atlantic character.","og_url":"https:\/\/vinitor.wine\/cs\/vina\/3-pueblos-albarino-rias-baixas\/","og_site_name":"VINITOR","article_publisher":"https:\/\/www.facebook.com\/vinitor.wine\/","article_modified_time":"2025-10-07T09:50:00+00:00","og_image":[{"width":1080,"height":1080,"url":"https:\/\/vinitor.wine\/wp-content\/uploads\/2025\/08\/3-Pueblos-albarino-1080x1080-1.png","type":"image\/png"}],"twitter_card":"summary_large_image","twitter_misc":{"Odhadovan\u00e1 doba \u010dten\u00ed":"2 minuty"},"schema":{"@context":"https:\/\/schema.org","@graph":[{"@type":"WebPage","@id":"https:\/\/vinitor.wine\/wines\/3-pueblos-albarino-rias-baixas\/","url":"https:\/\/vinitor.wine\/wines\/3-pueblos-albarino-rias-baixas\/","name":"3 Pueblos Albari\u00f1o - VINITOR","isPartOf":{"@id":"https:\/\/vinitor.wine\/#website"},"primaryImageOfPage":{"@id":"https:\/\/vinitor.wine\/wines\/3-pueblos-albarino-rias-baixas\/#primaryimage"},"image":{"@id":"https:\/\/vinitor.wine\/wines\/3-pueblos-albarino-rias-baixas\/#primaryimage"},"thumbnailUrl":"https:\/\/vinitor.wine\/wp-content\/uploads\/2025\/08\/3-Pueblos-albarino-1080x1080-1.png","datePublished":"2025-05-06T12:55:49+00:00","dateModified":"2025-10-07T09:50:00+00:00","description":"3 Pueblos Albari\u00f1o z Cambados v R\u00edas Baixas, sv\u011b\u017e\u00ed a slan\u00fd, \u0161est m\u011bs\u00edc\u016f zraje na kalech pro eleganci a atlantsk\u00fd charakter.","breadcrumb":{"@id":"https:\/\/vinitor.wine\/wines\/3-pueblos-albarino-rias-baixas\/#breadcrumb"},"inLanguage":"cs","potentialAction":[{"@type":"ReadAction","target":["https:\/\/vinitor.wine\/wines\/3-pueblos-albarino-rias-baixas\/"]}]},{"@type":"ImageObject","inLanguage":"cs","@id":"https:\/\/vinitor.wine\/wines\/3-pueblos-albarino-rias-baixas\/#primaryimage","url":"https:\/\/vinitor.wine\/wp-content\/uploads\/2025\/08\/3-Pueblos-albarino-1080x1080-1.png","contentUrl":"https:\/\/vinitor.wine\/wp-content\/uploads\/2025\/08\/3-Pueblos-albarino-1080x1080-1.png","width":1080,"height":1080},{"@type":"BreadcrumbList","@id":"https:\/\/vinitor.wine\/wines\/3-pueblos-albarino-rias-baixas\/#breadcrumb","itemListElement":[{"@type":"ListItem","position":1,"name":"Home","item":"https:\/\/vinitor.wine\/en\/"},{"@type":"ListItem","position":2,"name":"Productos","item":"https:\/\/vinitor.wine\/tienda\/"},{"@type":"ListItem","position":3,"name":"3 Pueblos Albari\u00f1o"}]},{"@type":"WebSite","@id":"https:\/\/vinitor.wine\/#website","url":"https:\/\/vinitor.wine\/","name":"VINITOR","description":"V\u00e1\u0161 specializovan\u00fd exportn\u00ed t\u00fdm pro pr\u00e9miov\u00e1 \u0161pan\u011blsk\u00e1 v\u00edna, spojuj\u00edc\u00ed vina\u0159stv\u00ed ve \u0160pan\u011blsku s import\u00e9ry po cel\u00e9m sv\u011bt\u011b","publisher":{"@id":"https:\/\/vinitor.wine\/#organization"},"potentialAction":[{"@type":"SearchAction","target":{"@type":"EntryPoint","urlTemplate":"https:\/\/vinitor.wine\/?s={search_term_string}"},"query-input":"required name=search_term_string"}],"inLanguage":"cs"},{"@type":"Organization","@id":"https:\/\/vinitor.wine\/#organization","name":"VINITOR","url":"https:\/\/vinitor.wine\/","logo":{"@type":"ImageObject","inLanguage":"cs","@id":"https:\/\/vinitor.wine\/#\/schema\/logo\/image\/","url":"https:\/\/vinitor.wine\/wp-content\/uploads\/2024\/10\/cropped-Vinitor_Logo-03.png","contentUrl":"https:\/\/vinitor.wine\/wp-content\/uploads\/2024\/10\/cropped-Vinitor_Logo-03.png","width":512,"height":512,"caption":"VINITOR"},"image":{"@id":"https:\/\/vinitor.wine\/#\/schema\/logo\/image\/"},"sameAs":["https:\/\/www.facebook.com\/vinitor.wine\/","https:\/\/www.instagram.com\/vinitor.wine\/","https:\/\/es.linkedin.com\/company\/vinitor"]}]}},"_links":{"self":[{"href":"https:\/\/vinitor.wine\/cs\/wp-json\/wp\/v2\/product\/3978","targetHints":{"allow":["GET"]}}],"collection":[{"href":"https:\/\/vinitor.wine\/cs\/wp-json\/wp\/v2\/product"}],"about":[{"href":"https:\/\/vinitor.wine\/cs\/wp-json\/wp\/v2\/types\/product"}],"version-history":[{"count":0,"href":"https:\/\/vinitor.wine\/cs\/wp-json\/wp\/v2\/product\/3978\/revisions"}],"wp:featuredmedia":[{"embeddable":true,"href":"https:\/\/vinitor.wine\/cs\/wp-json\/wp\/v2\/media\/3980"}],"wp:attachment":[{"href":"https:\/\/vinitor.wine\/cs\/wp-json\/wp\/v2\/media?parent=3978"}],"wp:term":[{"taxonomy":"product_brand","embeddable":true,"href":"https:\/\/vinitor.wine\/cs\/wp-json\/wp\/v2\/product_brand?post=3978"},{"taxonomy":"product_cat","embeddable":true,"href":"https:\/\/vinitor.wine\/cs\/wp-json\/wp\/v2\/product_cat?post=3978"},{"taxonomy":"product_tag","embeddable":true,"href":"https:\/\/vinitor.wine\/cs\/wp-json\/wp\/v2\/product_tag?post=3978"}],"curies":[{"name":"wp","href":"https:\/\/api.w.org\/{rel}","templated":true}]}}