{"id":972,"date":"2024-11-06T15:35:55","date_gmt":"2024-11-06T14:35:55","guid":{"rendered":"https:\/\/desarrollo.vinitor.wine\/stores-list\/"},"modified":"2025-11-08T16:12:47","modified_gmt":"2025-11-08T15:12:47","slug":"weinguter","status":"publish","type":"page","link":"https:\/\/vinitor.wine\/de\/wineries\/","title":{"rendered":"Weing\u00fcter"},"content":{"rendered":"<div data-elementor-type=\"wp-page\" data-elementor-id=\"972\" class=\"elementor elementor-972\" data-elementor-post-type=\"page\">\n\t\t\t\t<div class=\"elementor-element elementor-element-c0c6b7d e-flex e-con-boxed e-con e-parent\" data-id=\"c0c6b7d\" data-element_type=\"container\" data-e-type=\"container\">\n\t\t\t\t\t<div class=\"e-con-inner\">\n\t\t\t\t<div class=\"elementor-element elementor-element-73970b2 elementor-widget elementor-widget-text-editor\" data-id=\"73970b2\" data-element_type=\"widget\" data-e-type=\"widget\" data-widget_type=\"text-editor.default\">\n\t\t\t\t\t\t\t\t\t<h2 data-start=\"264\" data-end=\"307\">Entdecken Sie unser Netzwerk spanischer Weing\u00fcter<\/h2><p data-start=\"309\" data-end=\"722\">Weing\u00fcter in ganz Spanien bieten mehr als nur regionale Vielfalt. Sie vereinen Tradition, Pr\u00e4zision und kommerzielle Bereitschaft. Dieses sich entwickelnde Verzeichnis hebt spanische Weing\u00fcter hervor, die nicht nur wegen der Qualit\u00e4t ihrer Weine ausgew\u00e4hlt wurden, sondern auch wegen ihrer Ausrichtung auf die tats\u00e4chlichen Bed\u00fcrfnisse des internationalen Handels. Von K\u00fcstenweinbergen bis hin zu Anbaugebieten im Landesinneren spiegelt jeder Produzent die Tiefe und Vielseitigkeit des spanischen Weinbaus wider.<\/p><p data-start=\"724\" data-end=\"1100\">Alle teilnehmenden Weing\u00fcter erf\u00fcllen klar definierte professionelle Kriterien. Jedes arbeitet transparent, h\u00e4lt sich an DO-Vorschriften oder besitzt anerkannten regionalen Status und unterst\u00fctzt aktiv die Exportlogistik. Ihre Teams verstehen sich auf Dokumentation, Etikettierung und die Zeitpl\u00e4ne, auf die Importeure und Distributoren angewiesen sind. Dies gew\u00e4hrleistet reibungslosere Abl\u00e4ufe und weniger Markteintrittsrisiken.<\/p><p data-start=\"1102\" data-end=\"1486\">Jedes Weingutprofil enth\u00e4lt praktische Informationen: Region, Rebsorten, Weinbereitungsmethode und aktuelle Exportkapazit\u00e4t. Einige Produzenten konzentrieren sich auf biologischen Anbau und autochthone Rebsorten. Andere arbeiten auf mehrgenerationen\u00fcbergreifenden G\u00fctern, die Tradition in strukturierte kommerzielle Pl\u00e4ne einbringen. Trotz unterschiedlicher Gr\u00f6\u00dfe oder Stil n\u00e4hern sie sich dem Handel als Partner, nicht nur als Produzenten.<\/p><p data-start=\"1488\" data-end=\"1853\">Mit der Erweiterung der Auswahl werden neue Zonen, aufstrebende Terroirs und weniger bekannte DOs einbezogen, die in vielen M\u00e4rkten noch unterrepr\u00e4sentiert sind. Dies macht das Verzeichnis zu mehr als nur statischen Informationen. Es wird zu einem strategischen Werkzeug f\u00fcr Fachleute, die ihre Beschaffung diversifizieren, regionale Kollektionen entwickeln oder exportbereite Weing\u00fcter mit gemeinsamen Gesch\u00e4ftswerten finden m\u00f6chten.<\/p><p data-start=\"1855\" data-end=\"2129\">Ob das Ziel darin besteht, ein Sortiment aufzufrischen, eine Eigenmarkenlinie aufzubauen oder Weine f\u00fcr ein gezieltes Segment zu beziehen, die richtige Verbindung k\u00f6nnte bereits hier sein. Jedes Weingut ist fest in Spanien verwurzelt, mit der Professionalit\u00e4t, Wachstum zu unterst\u00fctzen und der Flexibilit\u00e4t, den Marktanforderungen gerecht zu werden.<\/p>\t\t\t\t\t\t\t\t<\/div>\n\t\t\t\t\t<\/div>\n\t\t\t\t<\/div>\n\t\t\t\t<\/div>","protected":false},"excerpt":{"rendered":"<p>Discover Our Network of Spanish Wineries Wineries across Spain offer more than regional diversity. They combine heritage, precision, and commercial [&hellip;]<\/p>\n","protected":false},"author":4,"featured_media":5297,"parent":0,"menu_order":0,"comment_status":"closed","ping_status":"closed","template":"","meta":{"_acf_changed":false,"site-sidebar-layout":"no-sidebar","site-content-layout":"","ast-site-content-layout":"normal-width-container","site-content-style":"unboxed","site-sidebar-style":"default","ast-global-header-display":"","ast-banner-title-visibility":"","ast-main-header-display":"","ast-hfb-above-header-display":"","ast-hfb-below-header-display":"","ast-hfb-mobile-header-display":"","site-post-title":"disabled","ast-breadcrumbs-content":"","ast-featured-img":"disabled","footer-sml-layout":"","ast-disable-related-posts":"","theme-transparent-header-meta":"","adv-header-id-meta":"","stick-header-meta":"","header-above-stick-meta":"","header-main-stick-meta":"","header-below-stick-meta":"","astra-migrate-meta-layouts":"default","ast-page-background-enabled":"default","ast-page-background-meta":{"desktop":{"background-color":"var(--ast-global-color-4)","background-image":"","background-repeat":"repeat","background-position":"center center","background-size":"auto","background-attachment":"scroll","background-type":"","background-media":"","overlay-type":"","overlay-color":"","overlay-opacity":"","overlay-gradient":""},"tablet":{"background-color":"","background-image":"","background-repeat":"repeat","background-position":"center center","background-size":"auto","background-attachment":"scroll","background-type":"","background-media":"","overlay-type":"","overlay-color":"","overlay-opacity":"","overlay-gradient":""},"mobile":{"background-color":"","background-image":"","background-repeat":"repeat","background-position":"center center","background-size":"auto","background-attachment":"scroll","background-type":"","background-media":"","overlay-type":"","overlay-color":"","overlay-opacity":"","overlay-gradient":""}},"ast-content-background-meta":{"desktop":{"background-color":"var(--ast-global-color-5)","background-image":"","background-repeat":"repeat","background-position":"center center","background-size":"auto","background-attachment":"scroll","background-type":"","background-media":"","overlay-type":"","overlay-color":"","overlay-opacity":"","overlay-gradient":""},"tablet":{"background-color":"var(--ast-global-color-5)","background-image":"","background-repeat":"repeat","background-position":"center center","background-size":"auto","background-attachment":"scroll","background-type":"","background-media":"","overlay-type":"","overlay-color":"","overlay-opacity":"","overlay-gradient":""},"mobile":{"background-color":"var(--ast-global-color-5)","background-image":"","background-repeat":"repeat","background-position":"center center","background-size":"auto","background-attachment":"scroll","background-type":"","background-media":"","overlay-type":"","overlay-color":"","overlay-opacity":"","overlay-gradient":""}},"footnotes":""},"class_list":["post-972","page","type-page","status-publish","has-post-thumbnail","hentry"],"acf":[],"yoast_head":"<!-- This site is optimized with the Yoast SEO plugin v22.9 - https:\/\/yoast.com\/wordpress\/plugins\/seo\/ -->\n<title>Wineries - VINITOR<\/title>\n<meta name=\"description\" content=\"Explore Spanish wineries prepared for export. DO-certified, importer-ready, and focused on long-term professional partnerships.\" \/>\n<meta name=\"robots\" content=\"index, follow, max-snippet:-1, max-image-preview:large, max-video-preview:-1\" \/>\n<link rel=\"canonical\" href=\"https:\/\/vinitor.wine\/de\/weinguter\/\" \/>\n<meta property=\"og:locale\" content=\"de_DE\" \/>\n<meta property=\"og:type\" content=\"article\" \/>\n<meta property=\"og:title\" content=\"Wineries - VINITOR\" \/>\n<meta property=\"og:description\" content=\"Explore Spanish wineries prepared for export. DO-certified, importer-ready, and focused on long-term professional partnerships.\" \/>\n<meta property=\"og:url\" content=\"https:\/\/vinitor.wine\/de\/weinguter\/\" \/>\n<meta property=\"og:site_name\" content=\"VINITOR\" \/>\n<meta property=\"article:publisher\" content=\"https:\/\/www.facebook.com\/vinitor.wine\/\" \/>\n<meta property=\"article:modified_time\" content=\"2025-11-08T15:12:47+00:00\" \/>\n<meta property=\"og:image\" content=\"https:\/\/vinitor.wine\/wp-content\/uploads\/2025\/11\/Mapa-Espana-1-1-1024x907.png\" \/>\n\t<meta property=\"og:image:width\" content=\"1024\" \/>\n\t<meta property=\"og:image:height\" content=\"907\" \/>\n\t<meta property=\"og:image:type\" content=\"image\/png\" \/>\n<meta name=\"twitter:card\" content=\"summary_large_image\" \/>\n<meta name=\"twitter:label1\" content=\"Gesch\u00e4tzte Lesezeit\" \/>\n\t<meta name=\"twitter:data1\" content=\"2\u00a0Minuten\" \/>\n<script type=\"application\/ld+json\" class=\"yoast-schema-graph\">{\"@context\":\"https:\/\/schema.org\",\"@graph\":[{\"@type\":\"WebPage\",\"@id\":\"https:\/\/vinitor.wine\/wineries\/\",\"url\":\"https:\/\/vinitor.wine\/wineries\/\",\"name\":\"Wineries - VINITOR\",\"isPartOf\":{\"@id\":\"https:\/\/vinitor.wine\/#website\"},\"primaryImageOfPage\":{\"@id\":\"https:\/\/vinitor.wine\/wineries\/#primaryimage\"},\"image\":{\"@id\":\"https:\/\/vinitor.wine\/wineries\/#primaryimage\"},\"thumbnailUrl\":\"https:\/\/vinitor.wine\/wp-content\/uploads\/2025\/11\/Mapa-Espana-1-1.png\",\"datePublished\":\"2024-11-06T14:35:55+00:00\",\"dateModified\":\"2025-11-08T15:12:47+00:00\",\"description\":\"Explore Spanish wineries prepared for export. DO-certified, importer-ready, and focused on long-term professional partnerships.\",\"breadcrumb\":{\"@id\":\"https:\/\/vinitor.wine\/wineries\/#breadcrumb\"},\"inLanguage\":\"de\",\"potentialAction\":[{\"@type\":\"ReadAction\",\"target\":[\"https:\/\/vinitor.wine\/wineries\/\"]}]},{\"@type\":\"ImageObject\",\"inLanguage\":\"de\",\"@id\":\"https:\/\/vinitor.wine\/wineries\/#primaryimage\",\"url\":\"https:\/\/vinitor.wine\/wp-content\/uploads\/2025\/11\/Mapa-Espana-1-1.png\",\"contentUrl\":\"https:\/\/vinitor.wine\/wp-content\/uploads\/2025\/11\/Mapa-Espana-1-1.png\",\"width\":2126,\"height\":1884,\"caption\":\"From tradition to trade, each Spanish winery partner carries a legacy shaped by people, place, and purpose.\"},{\"@type\":\"BreadcrumbList\",\"@id\":\"https:\/\/vinitor.wine\/wineries\/#breadcrumb\",\"itemListElement\":[{\"@type\":\"ListItem\",\"position\":1,\"name\":\"Home\",\"item\":\"https:\/\/vinitor.wine\/en\/\"},{\"@type\":\"ListItem\",\"position\":2,\"name\":\"Wineries\"}]},{\"@type\":\"WebSite\",\"@id\":\"https:\/\/vinitor.wine\/#website\",\"url\":\"https:\/\/vinitor.wine\/\",\"name\":\"VINITOR\",\"description\":\"Your dedicated export department for premium Spanish wines, bridging wineries in Spain with importers worldwide\",\"publisher\":{\"@id\":\"https:\/\/vinitor.wine\/#organization\"},\"potentialAction\":[{\"@type\":\"SearchAction\",\"target\":{\"@type\":\"EntryPoint\",\"urlTemplate\":\"https:\/\/vinitor.wine\/?s={search_term_string}\"},\"query-input\":\"required name=search_term_string\"}],\"inLanguage\":\"de\"},{\"@type\":\"Organization\",\"@id\":\"https:\/\/vinitor.wine\/#organization\",\"name\":\"VINITOR\",\"url\":\"https:\/\/vinitor.wine\/\",\"logo\":{\"@type\":\"ImageObject\",\"inLanguage\":\"de\",\"@id\":\"https:\/\/vinitor.wine\/#\/schema\/logo\/image\/\",\"url\":\"https:\/\/vinitor.wine\/wp-content\/uploads\/2024\/10\/cropped-Vinitor_Logo-03.png\",\"contentUrl\":\"https:\/\/vinitor.wine\/wp-content\/uploads\/2024\/10\/cropped-Vinitor_Logo-03.png\",\"width\":512,\"height\":512,\"caption\":\"VINITOR\"},\"image\":{\"@id\":\"https:\/\/vinitor.wine\/#\/schema\/logo\/image\/\"},\"sameAs\":[\"https:\/\/www.facebook.com\/vinitor.wine\/\",\"https:\/\/www.instagram.com\/vinitor.wine\/\",\"https:\/\/es.linkedin.com\/company\/vinitor\"]}]}<\/script>\n<!-- \/ Yoast SEO plugin. -->","yoast_head_json":{"title":"Weing\u00fcter - VINITOR","description":"Entdecken Sie spanische Weing\u00fcter, die f\u00fcr den Export bereit sind. DO-zertifiziert, importbereit und auf langfristige professionelle Partnerschaften ausgerichtet.","robots":{"index":"index","follow":"follow","max-snippet":"max-snippet:-1","max-image-preview":"max-image-preview:large","max-video-preview":"max-video-preview:-1"},"canonical":"https:\/\/vinitor.wine\/de\/weinguter\/","og_locale":"de_DE","og_type":"article","og_title":"Wineries - VINITOR","og_description":"Explore Spanish wineries prepared for export. DO-certified, importer-ready, and focused on long-term professional partnerships.","og_url":"https:\/\/vinitor.wine\/de\/weinguter\/","og_site_name":"VINITOR","article_publisher":"https:\/\/www.facebook.com\/vinitor.wine\/","article_modified_time":"2025-11-08T15:12:47+00:00","og_image":[{"width":1024,"height":907,"url":"https:\/\/vinitor.wine\/wp-content\/uploads\/2025\/11\/Mapa-Espana-1-1-1024x907.png","type":"image\/png"}],"twitter_card":"summary_large_image","twitter_misc":{"Gesch\u00e4tzte Lesezeit":"2\u00a0Minuten"},"schema":{"@context":"https:\/\/schema.org","@graph":[{"@type":"WebPage","@id":"https:\/\/vinitor.wine\/wineries\/","url":"https:\/\/vinitor.wine\/wineries\/","name":"Weing\u00fcter - VINITOR","isPartOf":{"@id":"https:\/\/vinitor.wine\/#website"},"primaryImageOfPage":{"@id":"https:\/\/vinitor.wine\/wineries\/#primaryimage"},"image":{"@id":"https:\/\/vinitor.wine\/wineries\/#primaryimage"},"thumbnailUrl":"https:\/\/vinitor.wine\/wp-content\/uploads\/2025\/11\/Mapa-Espana-1-1.png","datePublished":"2024-11-06T14:35:55+00:00","dateModified":"2025-11-08T15:12:47+00:00","description":"Entdecken Sie spanische Weing\u00fcter, die f\u00fcr den Export bereit sind. DO-zertifiziert, importbereit und auf langfristige professionelle Partnerschaften ausgerichtet.","breadcrumb":{"@id":"https:\/\/vinitor.wine\/wineries\/#breadcrumb"},"inLanguage":"de","potentialAction":[{"@type":"ReadAction","target":["https:\/\/vinitor.wine\/wineries\/"]}]},{"@type":"ImageObject","inLanguage":"de","@id":"https:\/\/vinitor.wine\/wineries\/#primaryimage","url":"https:\/\/vinitor.wine\/wp-content\/uploads\/2025\/11\/Mapa-Espana-1-1.png","contentUrl":"https:\/\/vinitor.wine\/wp-content\/uploads\/2025\/11\/Mapa-Espana-1-1.png","width":2126,"height":1884,"caption":"From tradition to trade, each Spanish winery partner carries a legacy shaped by people, place, and purpose."},{"@type":"BreadcrumbList","@id":"https:\/\/vinitor.wine\/wineries\/#breadcrumb","itemListElement":[{"@type":"ListItem","position":1,"name":"Home","item":"https:\/\/vinitor.wine\/en\/"},{"@type":"ListItem","position":2,"name":"Wineries"}]},{"@type":"WebSite","@id":"https:\/\/vinitor.wine\/#website","url":"https:\/\/vinitor.wine\/","name":"VINITOR","description":"Ihre spezialisierte Exportabteilung f\u00fcr spanische Premiumweine, die spanische Weing\u00fcter mit Importeuren weltweit verbindet","publisher":{"@id":"https:\/\/vinitor.wine\/#organization"},"potentialAction":[{"@type":"SearchAction","target":{"@type":"EntryPoint","urlTemplate":"https:\/\/vinitor.wine\/?s={search_term_string}"},"query-input":"required name=search_term_string"}],"inLanguage":"de"},{"@type":"Organization","@id":"https:\/\/vinitor.wine\/#organization","name":"VINITOR","url":"https:\/\/vinitor.wine\/","logo":{"@type":"ImageObject","inLanguage":"de","@id":"https:\/\/vinitor.wine\/#\/schema\/logo\/image\/","url":"https:\/\/vinitor.wine\/wp-content\/uploads\/2024\/10\/cropped-Vinitor_Logo-03.png","contentUrl":"https:\/\/vinitor.wine\/wp-content\/uploads\/2024\/10\/cropped-Vinitor_Logo-03.png","width":512,"height":512,"caption":"VINITOR"},"image":{"@id":"https:\/\/vinitor.wine\/#\/schema\/logo\/image\/"},"sameAs":["https:\/\/www.facebook.com\/vinitor.wine\/","https:\/\/www.instagram.com\/vinitor.wine\/","https:\/\/es.linkedin.com\/company\/vinitor"]}]}},"_links":{"self":[{"href":"https:\/\/vinitor.wine\/de\/wp-json\/wp\/v2\/pages\/972","targetHints":{"allow":["GET"]}}],"collection":[{"href":"https:\/\/vinitor.wine\/de\/wp-json\/wp\/v2\/pages"}],"about":[{"href":"https:\/\/vinitor.wine\/de\/wp-json\/wp\/v2\/types\/page"}],"author":[{"embeddable":true,"href":"https:\/\/vinitor.wine\/de\/wp-json\/wp\/v2\/users\/4"}],"replies":[{"embeddable":true,"href":"https:\/\/vinitor.wine\/de\/wp-json\/wp\/v2\/comments?post=972"}],"version-history":[{"count":0,"href":"https:\/\/vinitor.wine\/de\/wp-json\/wp\/v2\/pages\/972\/revisions"}],"wp:featuredmedia":[{"embeddable":true,"href":"https:\/\/vinitor.wine\/de\/wp-json\/wp\/v2\/media\/5297"}],"wp:attachment":[{"href":"https:\/\/vinitor.wine\/de\/wp-json\/wp\/v2\/media?parent=972"}],"curies":[{"name":"wp","href":"https:\/\/api.w.org\/{rel}","templated":true}]}}