{"id":2190,"date":"2025-05-02T16:39:34","date_gmt":"2025-05-02T14:39:34","guid":{"rendered":"https:\/\/vinitor.wine\/?post_type=product&#038;p=2190"},"modified":"2025-10-07T12:17:23","modified_gmt":"2025-10-07T10:17:23","slug":"bruna-dolcor-negre","status":"publish","type":"product","link":"https:\/\/vinitor.wine\/de\/wines\/bruna-dolcor-negre\/","title":{"rendered":"Bruna Dol\u00e7or Negre"},"content":{"rendered":"<p data-start=\"1301\" data-end=\"1615\">runa Dol\u00e7or Negre ist der s\u00fc\u00dfe rote Schatz von Celler La Botera, vollst\u00e4ndig aus sp\u00e4t geernteter Garnacha Negra kreiert. Als Teil der Bruna-Kollektion widmet er sich Weinen mit nat\u00fcrlicher S\u00fc\u00dfe, Tiefe und raffinierter Eleganz. Der Name spiegelt das warme Licht von Terra Alta und den Reichtum seiner Herbsternte wider.<\/p>\n<p data-start=\"1617\" data-end=\"2050\">Die Trauben werden zwischen Ende Oktober und Anfang November geerntet, wenn die Beeren ihre volle Reife, hohen Zuckergehalt und komplexe Aromen zeigen. Die manuelle Auswahl stellt sicher, dass nur die besten Fr\u00fcchte in den Keller gelangen. Sanftes Pressen sch\u00fctzt die aromatische Integrit\u00e4t der Trauben, w\u00e4hrend die langsame G\u00e4rung durch K\u00fchlen des Mostes gestoppt wird, um die nat\u00fcrlichen Zucker zu bewahren und ein lebendiges Gleichgewicht zwischen S\u00fc\u00dfe und S\u00e4ure zu erreichen.<\/p>\n<p data-start=\"2052\" data-end=\"2279\">Die Reifung erfolgt \u00fcber 8 bis 10 Monate in Eichenf\u00e4ssern. In dieser Zeit gewinnt der Wein an Rundheit und aromatischen Schichten, wobei das Holz weiche Noten von Gew\u00fcrzen und Kakao beisteuert, die das reife Fruchtprofil der Garnacha Negra verst\u00e4rken.<\/p>\n<p data-start=\"2281\" data-end=\"2796\">Im Glas zeigt sich Bruna Dol\u00e7or Negre in einem tiefen Granatrot. Aromen von Brombeeren, Kirschen und Pflaumen vermischen sich mit Ankl\u00e4ngen von Schokolade, Vanille und einem sanften Hauch von Gew\u00fcrzen. Am Gaumen ist er \u00fcppig, aber ausgewogen, mit einem seidigen Mundgef\u00fchl und einem langen, befriedigenden Abgang. Dieser Wein passt hervorragend zu Desserts mit dunkler Schokolade, Blauschimmelk\u00e4se oder kann als genussvolles Vergn\u00fcgen nach dem Abendessen allein genossen werden. So steht Bruna Dol\u00e7or Negre als Zeugnis der Kunst der Sp\u00e4tlese-Weinherstellung in Terra Alta.<\/p>","protected":false},"excerpt":{"rendered":"<p data-start=\"2833\" data-end=\"2965\">Sp\u00e4tlese Garnacha Negra aus Terra Alta, gereift in Eichenf\u00e4ssern, bietet eine harmonische Balance aus reifer Fruchts\u00fc\u00dfe, Frische und eleganter Tiefe.<\/p>","protected":false},"featured_media":2191,"template":"","meta":{"_acf_changed":false,"site-sidebar-layout":"default","site-content-layout":"","ast-site-content-layout":"default","site-content-style":"default","site-sidebar-style":"default","ast-global-header-display":"","ast-banner-title-visibility":"","ast-main-header-display":"","ast-hfb-above-header-display":"","ast-hfb-below-header-display":"","ast-hfb-mobile-header-display":"","site-post-title":"","ast-breadcrumbs-content":"","ast-featured-img":"","footer-sml-layout":"","ast-disable-related-posts":"","theme-transparent-header-meta":"default","adv-header-id-meta":"","stick-header-meta":"","header-above-stick-meta":"","header-main-stick-meta":"","header-below-stick-meta":"","astra-migrate-meta-layouts":"set","ast-page-background-enabled":"default","ast-page-background-meta":{"desktop":{"background-color":"var(--ast-global-color-4)","background-image":"","background-repeat":"repeat","background-position":"center center","background-size":"auto","background-attachment":"scroll","background-type":"","background-media":"","overlay-type":"","overlay-color":"","overlay-opacity":"","overlay-gradient":""},"tablet":{"background-color":"","background-image":"","background-repeat":"repeat","background-position":"center center","background-size":"auto","background-attachment":"scroll","background-type":"","background-media":"","overlay-type":"","overlay-color":"","overlay-opacity":"","overlay-gradient":""},"mobile":{"background-color":"","background-image":"","background-repeat":"repeat","background-position":"center center","background-size":"auto","background-attachment":"scroll","background-type":"","background-media":"","overlay-type":"","overlay-color":"","overlay-opacity":"","overlay-gradient":""}},"ast-content-background-meta":{"desktop":{"background-color":"var(--ast-global-color-5)","background-image":"","background-repeat":"repeat","background-position":"center center","background-size":"auto","background-attachment":"scroll","background-type":"","background-media":"","overlay-type":"","overlay-color":"","overlay-opacity":"","overlay-gradient":""},"tablet":{"background-color":"var(--ast-global-color-5)","background-image":"","background-repeat":"repeat","background-position":"center center","background-size":"auto","background-attachment":"scroll","background-type":"","background-media":"","overlay-type":"","overlay-color":"","overlay-opacity":"","overlay-gradient":""},"mobile":{"background-color":"var(--ast-global-color-5)","background-image":"","background-repeat":"repeat","background-position":"center center","background-size":"auto","background-attachment":"scroll","background-type":"","background-media":"","overlay-type":"","overlay-color":"","overlay-opacity":"","overlay-gradient":""}}},"product_brand":[397],"product_cat":[15],"product_tag":[],"class_list":{"0":"post-2190","1":"product","2":"type-product","3":"status-publish","4":"has-post-thumbnail","6":"product_brand-celler-la-botera","7":"product_cat-sin-categoria","8":"desktop-align-left","9":"tablet-align-left","10":"mobile-align-left","12":"first","13":"instock","14":"shipping-taxable","15":"product-type-simple"},"acf":[],"yoast_head":"<!-- This site is optimized with the Yoast SEO plugin v22.9 - https:\/\/yoast.com\/wordpress\/plugins\/seo\/ -->\n<title>Bruna Dol\u00e7or Negre - VINITOR<\/title>\n<meta name=\"description\" content=\"Late-harvest Garnacha Negra from Terra Alta, aged 8\u201310 months in oak, with ripe fruit, chocolate notes, and a perfect balance of sweetness and freshness.\" \/>\n<meta name=\"robots\" content=\"index, follow, max-snippet:-1, max-image-preview:large, max-video-preview:-1\" \/>\n<link rel=\"canonical\" href=\"https:\/\/vinitor.wine\/de\/weine\/bruna-dolcor-negre\/\" \/>\n<meta property=\"og:locale\" content=\"de_DE\" \/>\n<meta property=\"og:type\" content=\"article\" \/>\n<meta property=\"og:title\" content=\"Bruna Dol\u00e7or Negre - VINITOR\" \/>\n<meta property=\"og:description\" content=\"Late-harvest Garnacha Negra from Terra Alta, aged 8\u201310 months in oak, with ripe fruit, chocolate notes, and a perfect balance of sweetness and freshness.\" \/>\n<meta property=\"og:url\" content=\"https:\/\/vinitor.wine\/de\/weine\/bruna-dolcor-negre\/\" \/>\n<meta property=\"og:site_name\" content=\"VINITOR\" \/>\n<meta property=\"article:publisher\" content=\"https:\/\/www.facebook.com\/vinitor.wine\/\" \/>\n<meta property=\"article:modified_time\" content=\"2025-10-07T10:17:23+00:00\" \/>\n<meta property=\"og:image\" content=\"https:\/\/vinitor.wine\/wp-content\/uploads\/2025\/05\/vino-Bruna-Dolcor-Negre-.png\" \/>\n\t<meta property=\"og:image:width\" content=\"1080\" \/>\n\t<meta property=\"og:image:height\" content=\"1080\" \/>\n\t<meta property=\"og:image:type\" content=\"image\/png\" \/>\n<meta name=\"twitter:card\" content=\"summary_large_image\" \/>\n<meta name=\"twitter:label1\" content=\"Gesch\u00e4tzte Lesezeit\" \/>\n\t<meta name=\"twitter:data1\" content=\"2\u00a0Minuten\" \/>\n<script type=\"application\/ld+json\" class=\"yoast-schema-graph\">{\"@context\":\"https:\/\/schema.org\",\"@graph\":[{\"@type\":\"WebPage\",\"@id\":\"https:\/\/vinitor.wine\/wines\/bruna-dolcor-negre\/\",\"url\":\"https:\/\/vinitor.wine\/wines\/bruna-dolcor-negre\/\",\"name\":\"Bruna Dol\u00e7or Negre - VINITOR\",\"isPartOf\":{\"@id\":\"https:\/\/vinitor.wine\/#website\"},\"primaryImageOfPage\":{\"@id\":\"https:\/\/vinitor.wine\/wines\/bruna-dolcor-negre\/#primaryimage\"},\"image\":{\"@id\":\"https:\/\/vinitor.wine\/wines\/bruna-dolcor-negre\/#primaryimage\"},\"thumbnailUrl\":\"https:\/\/vinitor.wine\/wp-content\/uploads\/2025\/05\/vino-Bruna-Dolcor-Negre-.png\",\"datePublished\":\"2025-05-02T14:39:34+00:00\",\"dateModified\":\"2025-10-07T10:17:23+00:00\",\"description\":\"Late-harvest Garnacha Negra from Terra Alta, aged 8\u201310 months in oak, with ripe fruit, chocolate notes, and a perfect balance of sweetness and freshness.\",\"breadcrumb\":{\"@id\":\"https:\/\/vinitor.wine\/wines\/bruna-dolcor-negre\/#breadcrumb\"},\"inLanguage\":\"de\",\"potentialAction\":[{\"@type\":\"ReadAction\",\"target\":[\"https:\/\/vinitor.wine\/wines\/bruna-dolcor-negre\/\"]}]},{\"@type\":\"ImageObject\",\"inLanguage\":\"de\",\"@id\":\"https:\/\/vinitor.wine\/wines\/bruna-dolcor-negre\/#primaryimage\",\"url\":\"https:\/\/vinitor.wine\/wp-content\/uploads\/2025\/05\/vino-Bruna-Dolcor-Negre-.png\",\"contentUrl\":\"https:\/\/vinitor.wine\/wp-content\/uploads\/2025\/05\/vino-Bruna-Dolcor-Negre-.png\",\"width\":1080,\"height\":1080},{\"@type\":\"BreadcrumbList\",\"@id\":\"https:\/\/vinitor.wine\/wines\/bruna-dolcor-negre\/#breadcrumb\",\"itemListElement\":[{\"@type\":\"ListItem\",\"position\":1,\"name\":\"Home\",\"item\":\"https:\/\/vinitor.wine\/en\/\"},{\"@type\":\"ListItem\",\"position\":2,\"name\":\"Productos\",\"item\":\"https:\/\/vinitor.wine\/tienda\/\"},{\"@type\":\"ListItem\",\"position\":3,\"name\":\"Bruna Dol\u00e7or Negre\"}]},{\"@type\":\"WebSite\",\"@id\":\"https:\/\/vinitor.wine\/#website\",\"url\":\"https:\/\/vinitor.wine\/\",\"name\":\"VINITOR\",\"description\":\"Your dedicated export department for premium Spanish wines, bridging wineries in Spain with importers worldwide\",\"publisher\":{\"@id\":\"https:\/\/vinitor.wine\/#organization\"},\"potentialAction\":[{\"@type\":\"SearchAction\",\"target\":{\"@type\":\"EntryPoint\",\"urlTemplate\":\"https:\/\/vinitor.wine\/?s={search_term_string}\"},\"query-input\":\"required name=search_term_string\"}],\"inLanguage\":\"de\"},{\"@type\":\"Organization\",\"@id\":\"https:\/\/vinitor.wine\/#organization\",\"name\":\"VINITOR\",\"url\":\"https:\/\/vinitor.wine\/\",\"logo\":{\"@type\":\"ImageObject\",\"inLanguage\":\"de\",\"@id\":\"https:\/\/vinitor.wine\/#\/schema\/logo\/image\/\",\"url\":\"https:\/\/vinitor.wine\/wp-content\/uploads\/2024\/10\/cropped-Vinitor_Logo-03.png\",\"contentUrl\":\"https:\/\/vinitor.wine\/wp-content\/uploads\/2024\/10\/cropped-Vinitor_Logo-03.png\",\"width\":512,\"height\":512,\"caption\":\"VINITOR\"},\"image\":{\"@id\":\"https:\/\/vinitor.wine\/#\/schema\/logo\/image\/\"},\"sameAs\":[\"https:\/\/www.facebook.com\/vinitor.wine\/\",\"https:\/\/www.instagram.com\/vinitor.wine\/\",\"https:\/\/es.linkedin.com\/company\/vinitor\"]}]}<\/script>\n<!-- \/ Yoast SEO plugin. -->","yoast_head_json":{"title":"Bruna Dol\u00e7or Negre - VINITOR","description":"Sp\u00e4t geerntete Garnacha Negra aus Terra Alta, 8\u201310 Monate in Eiche gereift, mit reifen Fruchtnoten, Schokolade und einer perfekten Balance aus S\u00fc\u00dfe und Frische.","robots":{"index":"index","follow":"follow","max-snippet":"max-snippet:-1","max-image-preview":"max-image-preview:large","max-video-preview":"max-video-preview:-1"},"canonical":"https:\/\/vinitor.wine\/de\/weine\/bruna-dolcor-negre\/","og_locale":"de_DE","og_type":"article","og_title":"Bruna Dol\u00e7or Negre - VINITOR","og_description":"Late-harvest Garnacha Negra from Terra Alta, aged 8\u201310 months in oak, with ripe fruit, chocolate notes, and a perfect balance of sweetness and freshness.","og_url":"https:\/\/vinitor.wine\/de\/weine\/bruna-dolcor-negre\/","og_site_name":"VINITOR","article_publisher":"https:\/\/www.facebook.com\/vinitor.wine\/","article_modified_time":"2025-10-07T10:17:23+00:00","og_image":[{"width":1080,"height":1080,"url":"https:\/\/vinitor.wine\/wp-content\/uploads\/2025\/05\/vino-Bruna-Dolcor-Negre-.png","type":"image\/png"}],"twitter_card":"summary_large_image","twitter_misc":{"Gesch\u00e4tzte Lesezeit":"2\u00a0Minuten"},"schema":{"@context":"https:\/\/schema.org","@graph":[{"@type":"WebPage","@id":"https:\/\/vinitor.wine\/wines\/bruna-dolcor-negre\/","url":"https:\/\/vinitor.wine\/wines\/bruna-dolcor-negre\/","name":"Bruna Dol\u00e7or Negre - VINITOR","isPartOf":{"@id":"https:\/\/vinitor.wine\/#website"},"primaryImageOfPage":{"@id":"https:\/\/vinitor.wine\/wines\/bruna-dolcor-negre\/#primaryimage"},"image":{"@id":"https:\/\/vinitor.wine\/wines\/bruna-dolcor-negre\/#primaryimage"},"thumbnailUrl":"https:\/\/vinitor.wine\/wp-content\/uploads\/2025\/05\/vino-Bruna-Dolcor-Negre-.png","datePublished":"2025-05-02T14:39:34+00:00","dateModified":"2025-10-07T10:17:23+00:00","description":"Sp\u00e4t geerntete Garnacha Negra aus Terra Alta, 8\u201310 Monate in Eiche gereift, mit reifen Fruchtnoten, Schokolade und einer perfekten Balance aus S\u00fc\u00dfe und Frische.","breadcrumb":{"@id":"https:\/\/vinitor.wine\/wines\/bruna-dolcor-negre\/#breadcrumb"},"inLanguage":"de","potentialAction":[{"@type":"ReadAction","target":["https:\/\/vinitor.wine\/wines\/bruna-dolcor-negre\/"]}]},{"@type":"ImageObject","inLanguage":"de","@id":"https:\/\/vinitor.wine\/wines\/bruna-dolcor-negre\/#primaryimage","url":"https:\/\/vinitor.wine\/wp-content\/uploads\/2025\/05\/vino-Bruna-Dolcor-Negre-.png","contentUrl":"https:\/\/vinitor.wine\/wp-content\/uploads\/2025\/05\/vino-Bruna-Dolcor-Negre-.png","width":1080,"height":1080},{"@type":"BreadcrumbList","@id":"https:\/\/vinitor.wine\/wines\/bruna-dolcor-negre\/#breadcrumb","itemListElement":[{"@type":"ListItem","position":1,"name":"Home","item":"https:\/\/vinitor.wine\/en\/"},{"@type":"ListItem","position":2,"name":"Productos","item":"https:\/\/vinitor.wine\/tienda\/"},{"@type":"ListItem","position":3,"name":"Bruna Dol\u00e7or Negre"}]},{"@type":"WebSite","@id":"https:\/\/vinitor.wine\/#website","url":"https:\/\/vinitor.wine\/","name":"VINITOR","description":"Ihre spezialisierte Exportabteilung f\u00fcr spanische Premiumweine, die spanische Weing\u00fcter mit Importeuren weltweit verbindet","publisher":{"@id":"https:\/\/vinitor.wine\/#organization"},"potentialAction":[{"@type":"SearchAction","target":{"@type":"EntryPoint","urlTemplate":"https:\/\/vinitor.wine\/?s={search_term_string}"},"query-input":"required name=search_term_string"}],"inLanguage":"de"},{"@type":"Organization","@id":"https:\/\/vinitor.wine\/#organization","name":"VINITOR","url":"https:\/\/vinitor.wine\/","logo":{"@type":"ImageObject","inLanguage":"de","@id":"https:\/\/vinitor.wine\/#\/schema\/logo\/image\/","url":"https:\/\/vinitor.wine\/wp-content\/uploads\/2024\/10\/cropped-Vinitor_Logo-03.png","contentUrl":"https:\/\/vinitor.wine\/wp-content\/uploads\/2024\/10\/cropped-Vinitor_Logo-03.png","width":512,"height":512,"caption":"VINITOR"},"image":{"@id":"https:\/\/vinitor.wine\/#\/schema\/logo\/image\/"},"sameAs":["https:\/\/www.facebook.com\/vinitor.wine\/","https:\/\/www.instagram.com\/vinitor.wine\/","https:\/\/es.linkedin.com\/company\/vinitor"]}]}},"_links":{"self":[{"href":"https:\/\/vinitor.wine\/de\/wp-json\/wp\/v2\/product\/2190","targetHints":{"allow":["GET"]}}],"collection":[{"href":"https:\/\/vinitor.wine\/de\/wp-json\/wp\/v2\/product"}],"about":[{"href":"https:\/\/vinitor.wine\/de\/wp-json\/wp\/v2\/types\/product"}],"version-history":[{"count":0,"href":"https:\/\/vinitor.wine\/de\/wp-json\/wp\/v2\/product\/2190\/revisions"}],"wp:featuredmedia":[{"embeddable":true,"href":"https:\/\/vinitor.wine\/de\/wp-json\/wp\/v2\/media\/2191"}],"wp:attachment":[{"href":"https:\/\/vinitor.wine\/de\/wp-json\/wp\/v2\/media?parent=2190"}],"wp:term":[{"taxonomy":"product_brand","embeddable":true,"href":"https:\/\/vinitor.wine\/de\/wp-json\/wp\/v2\/product_brand?post=2190"},{"taxonomy":"product_cat","embeddable":true,"href":"https:\/\/vinitor.wine\/de\/wp-json\/wp\/v2\/product_cat?post=2190"},{"taxonomy":"product_tag","embeddable":true,"href":"https:\/\/vinitor.wine\/de\/wp-json\/wp\/v2\/product_tag?post=2190"}],"curies":[{"name":"wp","href":"https:\/\/api.w.org\/{rel}","templated":true}]}}