{"id":6,"date":"2024-10-08T10:21:28","date_gmt":"2024-10-08T10:21:28","guid":{"rendered":"http:\/\/desarrollo.vinitor.wine\/?page_id=6"},"modified":"2025-10-21T15:55:44","modified_gmt":"2025-10-21T13:55:44","slug":"carrito","status":"publish","type":"page","link":"https:\/\/vinitor.wine\/es\/carrito\/","title":{"rendered":"Carrito"},"content":{"rendered":"<div data-block-name=\"woocommerce\/cart\" class=\"wp-block-woocommerce-cart alignwide is-loading\">\n<div data-block-name=\"woocommerce\/filled-cart-block\" class=\"wp-block-woocommerce-filled-cart-block\">\n<div data-block-name=\"woocommerce\/cart-items-block\" class=\"wp-block-woocommerce-cart-items-block\">\n<div data-block-name=\"woocommerce\/cart-line-items-block\" class=\"wp-block-woocommerce-cart-line-items-block\"><\/div>\n\n\n\n<div data-block-name=\"woocommerce\/cart-cross-sells-block\" class=\"wp-block-woocommerce-cart-cross-sells-block\">\n<h2 class=\"wp-block-heading has-large-font-size\">Puede que te interese\u2026<\/h2>\n\n\n\n<div data-block-name=\"woocommerce\/cart-cross-sells-products-block\" class=\"wp-block-woocommerce-cart-cross-sells-products-block\"><\/div>\n<\/div>\n<\/div>\n\n\n\n<div data-block-name=\"woocommerce\/cart-totals-block\" class=\"wp-block-woocommerce-cart-totals-block\">\n<div data-block-name=\"woocommerce\/cart-order-summary-block\" class=\"wp-block-woocommerce-cart-order-summary-block\">\n<div data-block-name=\"woocommerce\/cart-order-summary-heading-block\" class=\"wp-block-woocommerce-cart-order-summary-heading-block\"><\/div><div data-block-name=\"woocommerce\/cart-order-summary-coupon-form-block\" class=\"wp-block-woocommerce-cart-order-summary-coupon-form-block\"><\/div><div data-block-name=\"woocommerce\/cart-order-summary-totals-block\" class=\"wp-block-woocommerce-cart-order-summary-totals-block\">\n<div data-block-name=\"woocommerce\/cart-order-summary-subtotal-block\" class=\"wp-block-woocommerce-cart-order-summary-subtotal-block\"><\/div>\n<div data-block-name=\"woocommerce\/cart-order-summary-discount-block\" class=\"wp-block-woocommerce-cart-order-summary-discount-block\"><\/div>\n<div data-block-name=\"woocommerce\/cart-order-summary-fee-block\" class=\"wp-block-woocommerce-cart-order-summary-fee-block\"><\/div>\n<div data-block-name=\"woocommerce\/cart-order-summary-shipping-block\" class=\"wp-block-woocommerce-cart-order-summary-shipping-block\"><\/div>\n<div data-block-name=\"woocommerce\/cart-order-summary-taxes-block\" class=\"wp-block-woocommerce-cart-order-summary-taxes-block\"><\/div><\/div>\n<\/div>\n\n\n\n<div data-block-name=\"woocommerce\/cart-express-payment-block\" class=\"wp-block-woocommerce-cart-express-payment-block\"><\/div>\n\n\n\n<div data-block-name=\"woocommerce\/proceed-to-checkout-block\" class=\"wp-block-woocommerce-proceed-to-checkout-block\"><\/div>\n\n\n\n<div data-block-name=\"woocommerce\/cart-accepted-payment-methods-block\" class=\"wp-block-woocommerce-cart-accepted-payment-methods-block\"><\/div>\n<\/div>\n<\/div>\n\n\n\n<div data-block-name=\"woocommerce\/empty-cart-block\" class=\"wp-block-woocommerce-empty-cart-block\">\n<h2 class=\"wp-block-heading has-text-align-center with-empty-cart-icon wc-block-cart__empty-cart__title\">\u00a1Tu carrito est\u00e1 actualmente vac\u00edo!<\/h2>\n\n\n\n<hr class=\"wp-block-separator has-alpha-channel-opacity is-style-dots\"\/>\n\n\n\n<h2 class=\"wp-block-heading has-text-align-center\">Nuevo en tienda<\/h2>\n\n\n<div data-block-name=\"woocommerce\/product-new\" data-columns=\"4\" data-rows=\"1\" class=\"wc-block-grid wp-block-product-new wp-block-woocommerce-product-new wc-block-product-new has-4-columns\"><ul class=\"wc-block-grid__products\"><li class=\"wc-block-grid__product\">\n\t\t\t\t<a href=\"https:\/\/vinitor.wine\/es\/wines\/mofo-crianza-the-master-toro\/\" class=\"wc-block-grid__product-link\">\n\t\t\t\t\t\n\t\t\t\t\t<div class=\"wc-block-grid__product-image\"><img fetchpriority=\"high\" decoding=\"async\" width=\"300\" height=\"300\" src=\"https:\/\/vinitor.wine\/wp-content\/uploads\/2025\/05\/VINO-MOFO-THE-DAMN-MASTER-300x300.png\" class=\"attachment-woocommerce_thumbnail size-woocommerce_thumbnail\" alt=\"vino tinto, tinta de toro, crianza, potente\" srcset=\"https:\/\/vinitor.wine\/wp-content\/uploads\/2025\/05\/VINO-MOFO-THE-DAMN-MASTER-300x300.png 300w, https:\/\/vinitor.wine\/wp-content\/uploads\/2025\/05\/VINO-MOFO-THE-DAMN-MASTER-1024x1024.png 1024w, https:\/\/vinitor.wine\/wp-content\/uploads\/2025\/05\/VINO-MOFO-THE-DAMN-MASTER-150x150.png 150w, https:\/\/vinitor.wine\/wp-content\/uploads\/2025\/05\/VINO-MOFO-THE-DAMN-MASTER-768x768.png 768w, https:\/\/vinitor.wine\/wp-content\/uploads\/2025\/05\/VINO-MOFO-THE-DAMN-MASTER-500x500.png 500w, https:\/\/vinitor.wine\/wp-content\/uploads\/2025\/05\/VINO-MOFO-THE-DAMN-MASTER-800x800.png 800w, https:\/\/vinitor.wine\/wp-content\/uploads\/2025\/05\/VINO-MOFO-THE-DAMN-MASTER-600x600.png 600w, https:\/\/vinitor.wine\/wp-content\/uploads\/2025\/05\/VINO-MOFO-THE-DAMN-MASTER-100x100.png 100w, https:\/\/vinitor.wine\/wp-content\/uploads\/2025\/05\/VINO-MOFO-THE-DAMN-MASTER-50x50.png 50w, https:\/\/vinitor.wine\/wp-content\/uploads\/2025\/05\/VINO-MOFO-THE-DAMN-MASTER.png 1080w\" sizes=\"(max-width: 300px) 100vw, 300px\" \/><\/div>\n\t\t\t\t\t<div class=\"wc-block-grid__product-title\">MOFO Crianza<\/div>\n\t\t\t\t<\/a>\n\t\t\t\t<div class=\"wc-block-grid__product-price price\"><\/div>\n\t\t\t\t\n\t\t\t\t<div class=\"wp-block-button wc-block-grid__product-add-to-cart\"><a href=\"https:\/\/vinitor.wine\/es\/wines\/mofo-crianza-the-master-toro\/\" aria-label=\"Lee m\u00e1s sobre \u201cMOFO Crianza\u201d\" data-quantity=\"1\" data-product_id=\"2395\" data-product_sku=\"\" data-price=\"0\" rel=\"nofollow\" class=\"wp-block-button__link  add_to_cart_button\" data-no-translation-aria-label=\"\">Agregar a Solicitud de Cotizaci\u00f3n<\/a><\/div>\n\t\t\t<\/li><li class=\"wc-block-grid__product\">\n\t\t\t\t<a href=\"https:\/\/vinitor.wine\/es\/wines\/mofo-roble\/\" class=\"wc-block-grid__product-link\">\n\t\t\t\t\t\n\t\t\t\t\t<div class=\"wc-block-grid__product-image\"><img decoding=\"async\" width=\"300\" height=\"300\" src=\"https:\/\/vinitor.wine\/wp-content\/uploads\/2025\/05\/VINO-MOFO-THE-WILD-CHILD-300x300.png\" class=\"attachment-woocommerce_thumbnail size-woocommerce_thumbnail\" alt=\"Bottle of MOFO Roble, high-end red wine, 100% Tinta de Toro, vegan, D.O. Toro, with red fruits and smoky touches.\" srcset=\"https:\/\/vinitor.wine\/wp-content\/uploads\/2025\/05\/VINO-MOFO-THE-WILD-CHILD-300x300.png 300w, https:\/\/vinitor.wine\/wp-content\/uploads\/2025\/05\/VINO-MOFO-THE-WILD-CHILD-1024x1024.png 1024w, https:\/\/vinitor.wine\/wp-content\/uploads\/2025\/05\/VINO-MOFO-THE-WILD-CHILD-150x150.png 150w, https:\/\/vinitor.wine\/wp-content\/uploads\/2025\/05\/VINO-MOFO-THE-WILD-CHILD-768x768.png 768w, https:\/\/vinitor.wine\/wp-content\/uploads\/2025\/05\/VINO-MOFO-THE-WILD-CHILD-500x500.png 500w, https:\/\/vinitor.wine\/wp-content\/uploads\/2025\/05\/VINO-MOFO-THE-WILD-CHILD-800x800.png 800w, https:\/\/vinitor.wine\/wp-content\/uploads\/2025\/05\/VINO-MOFO-THE-WILD-CHILD-600x600.png 600w, https:\/\/vinitor.wine\/wp-content\/uploads\/2025\/05\/VINO-MOFO-THE-WILD-CHILD-100x100.png 100w, https:\/\/vinitor.wine\/wp-content\/uploads\/2025\/05\/VINO-MOFO-THE-WILD-CHILD-50x50.png 50w, https:\/\/vinitor.wine\/wp-content\/uploads\/2025\/05\/VINO-MOFO-THE-WILD-CHILD.png 1080w\" sizes=\"(max-width: 300px) 100vw, 300px\" \/><\/div>\n\t\t\t\t\t<div class=\"wc-block-grid__product-title\">MOFO Roble<\/div>\n\t\t\t\t<\/a>\n\t\t\t\t<div class=\"wc-block-grid__product-price price\"><\/div>\n\t\t\t\t\n\t\t\t\t<div class=\"wp-block-button wc-block-grid__product-add-to-cart\"><a href=\"https:\/\/vinitor.wine\/es\/wines\/mofo-roble\/\" aria-label=\"Lee m\u00e1s sobre \u201cMOFO Roble\u201d\" data-quantity=\"1\" data-product_id=\"2392\" data-product_sku=\"\" data-price=\"0\" rel=\"nofollow\" class=\"wp-block-button__link  add_to_cart_button\" data-no-translation-aria-label=\"\">Agregar a Solicitud de Cotizaci\u00f3n<\/a><\/div>\n\t\t\t<\/li><li class=\"wc-block-grid__product\">\n\t\t\t\t<a href=\"https:\/\/vinitor.wine\/es\/wines\/mofo-verdejo-rueda\/\" class=\"wc-block-grid__product-link\">\n\t\t\t\t\t\n\t\t\t\t\t<div class=\"wc-block-grid__product-image\"><img decoding=\"async\" width=\"300\" height=\"300\" src=\"https:\/\/vinitor.wine\/wp-content\/uploads\/2025\/05\/MOFO-Verdejo-The-Free-Soul-1080x1080-1-300x300.png\" class=\"attachment-woocommerce_thumbnail size-woocommerce_thumbnail\" alt=\"Bottle of MOFO Verdejo, The Free Soul, high-end white wine, 100% Verdejo, vegan, D.O. Rueda, with notes of peach and pineapple.\" srcset=\"https:\/\/vinitor.wine\/wp-content\/uploads\/2025\/05\/MOFO-Verdejo-The-Free-Soul-1080x1080-1-300x300.png 300w, https:\/\/vinitor.wine\/wp-content\/uploads\/2025\/05\/MOFO-Verdejo-The-Free-Soul-1080x1080-1-1024x1024.png 1024w, https:\/\/vinitor.wine\/wp-content\/uploads\/2025\/05\/MOFO-Verdejo-The-Free-Soul-1080x1080-1-150x150.png 150w, https:\/\/vinitor.wine\/wp-content\/uploads\/2025\/05\/MOFO-Verdejo-The-Free-Soul-1080x1080-1-768x768.png 768w, https:\/\/vinitor.wine\/wp-content\/uploads\/2025\/05\/MOFO-Verdejo-The-Free-Soul-1080x1080-1-500x500.png 500w, https:\/\/vinitor.wine\/wp-content\/uploads\/2025\/05\/MOFO-Verdejo-The-Free-Soul-1080x1080-1-800x800.png 800w, https:\/\/vinitor.wine\/wp-content\/uploads\/2025\/05\/MOFO-Verdejo-The-Free-Soul-1080x1080-1-600x600.png 600w, https:\/\/vinitor.wine\/wp-content\/uploads\/2025\/05\/MOFO-Verdejo-The-Free-Soul-1080x1080-1-100x100.png 100w, https:\/\/vinitor.wine\/wp-content\/uploads\/2025\/05\/MOFO-Verdejo-The-Free-Soul-1080x1080-1-50x50.png 50w, https:\/\/vinitor.wine\/wp-content\/uploads\/2025\/05\/MOFO-Verdejo-The-Free-Soul-1080x1080-1.png 1080w\" sizes=\"(max-width: 300px) 100vw, 300px\" \/><\/div>\n\t\t\t\t\t<div class=\"wc-block-grid__product-title\">MOFO Verdejo<\/div>\n\t\t\t\t<\/a>\n\t\t\t\t<div class=\"wc-block-grid__product-price price\"><\/div>\n\t\t\t\t\n\t\t\t\t<div class=\"wp-block-button wc-block-grid__product-add-to-cart\"><a href=\"https:\/\/vinitor.wine\/es\/wines\/mofo-verdejo-rueda\/\" aria-label=\"Lee m\u00e1s sobre \u201cMOFO Verdejo\u201d\" data-quantity=\"1\" data-product_id=\"2388\" data-product_sku=\"\" data-price=\"0\" rel=\"nofollow\" class=\"wp-block-button__link  add_to_cart_button\" data-no-translation-aria-label=\"\">Agregar a Solicitud de Cotizaci\u00f3n<\/a><\/div>\n\t\t\t<\/li><li class=\"wc-block-grid__product\">\n\t\t\t\t<a href=\"https:\/\/vinitor.wine\/es\/wines\/corvul\/\" class=\"wc-block-grid__product-link\">\n\t\t\t\t\t\n\t\t\t\t\t<div class=\"wc-block-grid__product-image\"><img loading=\"lazy\" decoding=\"async\" width=\"300\" height=\"300\" src=\"https:\/\/vinitor.wine\/wp-content\/uploads\/2025\/05\/VINO-CORVUL-300x300.png\" class=\"attachment-woocommerce_thumbnail size-woocommerce_thumbnail\" alt=\"Corvul\" srcset=\"https:\/\/vinitor.wine\/wp-content\/uploads\/2025\/05\/VINO-CORVUL-300x300.png 300w, https:\/\/vinitor.wine\/wp-content\/uploads\/2025\/05\/VINO-CORVUL-1024x1024.png 1024w, https:\/\/vinitor.wine\/wp-content\/uploads\/2025\/05\/VINO-CORVUL-150x150.png 150w, https:\/\/vinitor.wine\/wp-content\/uploads\/2025\/05\/VINO-CORVUL-768x768.png 768w, https:\/\/vinitor.wine\/wp-content\/uploads\/2025\/05\/VINO-CORVUL-500x500.png 500w, https:\/\/vinitor.wine\/wp-content\/uploads\/2025\/05\/VINO-CORVUL-800x800.png 800w, https:\/\/vinitor.wine\/wp-content\/uploads\/2025\/05\/VINO-CORVUL-600x600.png 600w, https:\/\/vinitor.wine\/wp-content\/uploads\/2025\/05\/VINO-CORVUL-100x100.png 100w, https:\/\/vinitor.wine\/wp-content\/uploads\/2025\/05\/VINO-CORVUL-50x50.png 50w, https:\/\/vinitor.wine\/wp-content\/uploads\/2025\/05\/VINO-CORVUL.png 1080w\" sizes=\"(max-width: 300px) 100vw, 300px\" \/><\/div>\n\t\t\t\t\t<div class=\"wc-block-grid__product-title\">Corvul<\/div>\n\t\t\t\t<\/a>\n\t\t\t\t<div class=\"wc-block-grid__product-price price\"><\/div>\n\t\t\t\t\n\t\t\t\t<div class=\"wp-block-button wc-block-grid__product-add-to-cart\"><a href=\"https:\/\/vinitor.wine\/es\/wines\/corvul\/\" aria-label=\"Lee m\u00e1s sobre \u201cCorvul\u201d\" data-quantity=\"1\" data-product_id=\"2386\" data-product_sku=\"\" data-price=\"0\" rel=\"nofollow\" class=\"wp-block-button__link  add_to_cart_button\" data-no-translation-aria-label=\"\">Agregar a Solicitud de Cotizaci\u00f3n<\/a><\/div>\n\t\t\t<\/li><\/ul><\/div><\/div>\n<\/div>","protected":false},"excerpt":{"rendered":"","protected":false},"author":1,"featured_media":0,"parent":0,"menu_order":0,"comment_status":"closed","ping_status":"closed","template":"","meta":{"_acf_changed":false,"site-sidebar-layout":"default","site-content-layout":"","ast-site-content-layout":"default","site-content-style":"default","site-sidebar-style":"default","ast-global-header-display":"","ast-banner-title-visibility":"","ast-main-header-display":"","ast-hfb-above-header-display":"","ast-hfb-below-header-display":"","ast-hfb-mobile-header-display":"","site-post-title":"","ast-breadcrumbs-content":"","ast-featured-img":"","footer-sml-layout":"","ast-disable-related-posts":"","theme-transparent-header-meta":"","adv-header-id-meta":"","stick-header-meta":"","header-above-stick-meta":"","header-main-stick-meta":"","header-below-stick-meta":"","astra-migrate-meta-layouts":"default","ast-page-background-enabled":"default","ast-page-background-meta":{"desktop":{"background-color":"var(--ast-global-color-4)","background-image":"","background-repeat":"repeat","background-position":"center center","background-size":"auto","background-attachment":"scroll","background-type":"","background-media":"","overlay-type":"","overlay-color":"","overlay-opacity":"","overlay-gradient":""},"tablet":{"background-color":"","background-image":"","background-repeat":"repeat","background-position":"center center","background-size":"auto","background-attachment":"scroll","background-type":"","background-media":"","overlay-type":"","overlay-color":"","overlay-opacity":"","overlay-gradient":""},"mobile":{"background-color":"","background-image":"","background-repeat":"repeat","background-position":"center center","background-size":"auto","background-attachment":"scroll","background-type":"","background-media":"","overlay-type":"","overlay-color":"","overlay-opacity":"","overlay-gradient":""}},"ast-content-background-meta":{"desktop":{"background-color":"var(--ast-global-color-5)","background-image":"","background-repeat":"repeat","background-position":"center center","background-size":"auto","background-attachment":"scroll","background-type":"","background-media":"","overlay-type":"","overlay-color":"","overlay-opacity":"","overlay-gradient":""},"tablet":{"background-color":"var(--ast-global-color-5)","background-image":"","background-repeat":"repeat","background-position":"center center","background-size":"auto","background-attachment":"scroll","background-type":"","background-media":"","overlay-type":"","overlay-color":"","overlay-opacity":"","overlay-gradient":""},"mobile":{"background-color":"var(--ast-global-color-5)","background-image":"","background-repeat":"repeat","background-position":"center center","background-size":"auto","background-attachment":"scroll","background-type":"","background-media":"","overlay-type":"","overlay-color":"","overlay-opacity":"","overlay-gradient":""}},"footnotes":""},"class_list":["post-6","page","type-page","status-publish","hentry"],"acf":[],"yoast_head":"<!-- This site is optimized with the Yoast SEO plugin v22.9 - https:\/\/yoast.com\/wordpress\/plugins\/seo\/ -->\n<title>Carrito - VINITOR<\/title>\n<meta name=\"robots\" content=\"index, follow, max-snippet:-1, max-image-preview:large, max-video-preview:-1\" \/>\n<link rel=\"canonical\" href=\"https:\/\/vinitor.wine\/es\/carrito\/\" \/>\n<meta property=\"og:locale\" content=\"es_ES\" \/>\n<meta property=\"og:type\" content=\"article\" \/>\n<meta property=\"og:title\" content=\"Carrito - VINITOR\" \/>\n<meta property=\"og:url\" content=\"https:\/\/vinitor.wine\/es\/carrito\/\" \/>\n<meta property=\"og:site_name\" content=\"VINITOR\" \/>\n<meta property=\"article:publisher\" content=\"https:\/\/www.facebook.com\/vinitor.wine\/\" \/>\n<meta property=\"article:modified_time\" content=\"2025-10-21T13:55:44+00:00\" \/>\n<meta property=\"og:image\" content=\"https:\/\/vinitor.wine\/wp-content\/uploads\/2025\/10\/Vinitor_Logo-scaled.png\" \/>\n\t<meta property=\"og:image:width\" content=\"2560\" \/>\n\t<meta property=\"og:image:height\" content=\"2560\" \/>\n\t<meta property=\"og:image:type\" content=\"image\/png\" \/>\n<meta name=\"twitter:card\" content=\"summary_large_image\" \/>\n<script type=\"application\/ld+json\" class=\"yoast-schema-graph\">{\"@context\":\"https:\/\/schema.org\",\"@graph\":[{\"@type\":\"WebPage\",\"@id\":\"https:\/\/vinitor.wine\/carrito\/\",\"url\":\"https:\/\/vinitor.wine\/carrito\/\",\"name\":\"Carrito - VINITOR\",\"isPartOf\":{\"@id\":\"https:\/\/vinitor.wine\/#website\"},\"datePublished\":\"2024-10-08T10:21:28+00:00\",\"dateModified\":\"2025-10-21T13:55:44+00:00\",\"breadcrumb\":{\"@id\":\"https:\/\/vinitor.wine\/carrito\/#breadcrumb\"},\"inLanguage\":\"es\",\"potentialAction\":[{\"@type\":\"ReadAction\",\"target\":[\"https:\/\/vinitor.wine\/carrito\/\"]}]},{\"@type\":\"BreadcrumbList\",\"@id\":\"https:\/\/vinitor.wine\/carrito\/#breadcrumb\",\"itemListElement\":[{\"@type\":\"ListItem\",\"position\":1,\"name\":\"Home\",\"item\":\"https:\/\/vinitor.wine\/en\/\"},{\"@type\":\"ListItem\",\"position\":2,\"name\":\"Carrito\"}]},{\"@type\":\"WebSite\",\"@id\":\"https:\/\/vinitor.wine\/#website\",\"url\":\"https:\/\/vinitor.wine\/\",\"name\":\"VINITOR\",\"description\":\"Your dedicated export department for premium Spanish wines, bridging wineries in Spain with importers worldwide\",\"publisher\":{\"@id\":\"https:\/\/vinitor.wine\/#organization\"},\"potentialAction\":[{\"@type\":\"SearchAction\",\"target\":{\"@type\":\"EntryPoint\",\"urlTemplate\":\"https:\/\/vinitor.wine\/?s={search_term_string}\"},\"query-input\":\"required name=search_term_string\"}],\"inLanguage\":\"es\"},{\"@type\":\"Organization\",\"@id\":\"https:\/\/vinitor.wine\/#organization\",\"name\":\"VINITOR\",\"url\":\"https:\/\/vinitor.wine\/\",\"logo\":{\"@type\":\"ImageObject\",\"inLanguage\":\"es\",\"@id\":\"https:\/\/vinitor.wine\/#\/schema\/logo\/image\/\",\"url\":\"https:\/\/vinitor.wine\/wp-content\/uploads\/2024\/10\/cropped-Vinitor_Logo-03.png\",\"contentUrl\":\"https:\/\/vinitor.wine\/wp-content\/uploads\/2024\/10\/cropped-Vinitor_Logo-03.png\",\"width\":512,\"height\":512,\"caption\":\"VINITOR\"},\"image\":{\"@id\":\"https:\/\/vinitor.wine\/#\/schema\/logo\/image\/\"},\"sameAs\":[\"https:\/\/www.facebook.com\/vinitor.wine\/\",\"https:\/\/www.instagram.com\/vinitor.wine\/\",\"https:\/\/es.linkedin.com\/company\/vinitor\"]}]}<\/script>\n<!-- \/ Yoast SEO plugin. -->","yoast_head_json":{"title":"Carrito - VINITOR","robots":{"index":"index","follow":"follow","max-snippet":"max-snippet:-1","max-image-preview":"max-image-preview:large","max-video-preview":"max-video-preview:-1"},"canonical":"https:\/\/vinitor.wine\/es\/carrito\/","og_locale":"es_ES","og_type":"article","og_title":"Carrito - VINITOR","og_url":"https:\/\/vinitor.wine\/es\/carrito\/","og_site_name":"VINITOR","article_publisher":"https:\/\/www.facebook.com\/vinitor.wine\/","article_modified_time":"2025-10-21T13:55:44+00:00","og_image":[{"width":2560,"height":2560,"url":"https:\/\/vinitor.wine\/wp-content\/uploads\/2025\/10\/Vinitor_Logo-scaled.png","type":"image\/png"}],"twitter_card":"summary_large_image","schema":{"@context":"https:\/\/schema.org","@graph":[{"@type":"WebPage","@id":"https:\/\/vinitor.wine\/carrito\/","url":"https:\/\/vinitor.wine\/carrito\/","name":"Carrito - VINITOR","isPartOf":{"@id":"https:\/\/vinitor.wine\/#website"},"datePublished":"2024-10-08T10:21:28+00:00","dateModified":"2025-10-21T13:55:44+00:00","breadcrumb":{"@id":"https:\/\/vinitor.wine\/carrito\/#breadcrumb"},"inLanguage":"es","potentialAction":[{"@type":"ReadAction","target":["https:\/\/vinitor.wine\/carrito\/"]}]},{"@type":"BreadcrumbList","@id":"https:\/\/vinitor.wine\/carrito\/#breadcrumb","itemListElement":[{"@type":"ListItem","position":1,"name":"Home","item":"https:\/\/vinitor.wine\/en\/"},{"@type":"ListItem","position":2,"name":"Carrito"}]},{"@type":"WebSite","@id":"https:\/\/vinitor.wine\/#website","url":"https:\/\/vinitor.wine\/","name":"VINITOR","description":"Su departamento de exportaci\u00f3n dedicado a vinos espa\u00f1oles premium, conectando bodegas en Espa\u00f1a con importadores de todo el mundo.","publisher":{"@id":"https:\/\/vinitor.wine\/#organization"},"potentialAction":[{"@type":"SearchAction","target":{"@type":"EntryPoint","urlTemplate":"https:\/\/vinitor.wine\/?s={search_term_string}"},"query-input":"required name=search_term_string"}],"inLanguage":"es"},{"@type":"Organization","@id":"https:\/\/vinitor.wine\/#organization","name":"VINITOR","url":"https:\/\/vinitor.wine\/","logo":{"@type":"ImageObject","inLanguage":"es","@id":"https:\/\/vinitor.wine\/#\/schema\/logo\/image\/","url":"https:\/\/vinitor.wine\/wp-content\/uploads\/2024\/10\/cropped-Vinitor_Logo-03.png","contentUrl":"https:\/\/vinitor.wine\/wp-content\/uploads\/2024\/10\/cropped-Vinitor_Logo-03.png","width":512,"height":512,"caption":"VINITOR"},"image":{"@id":"https:\/\/vinitor.wine\/#\/schema\/logo\/image\/"},"sameAs":["https:\/\/www.facebook.com\/vinitor.wine\/","https:\/\/www.instagram.com\/vinitor.wine\/","https:\/\/es.linkedin.com\/company\/vinitor"]}]}},"_links":{"self":[{"href":"https:\/\/vinitor.wine\/es\/wp-json\/wp\/v2\/pages\/6","targetHints":{"allow":["GET"]}}],"collection":[{"href":"https:\/\/vinitor.wine\/es\/wp-json\/wp\/v2\/pages"}],"about":[{"href":"https:\/\/vinitor.wine\/es\/wp-json\/wp\/v2\/types\/page"}],"author":[{"embeddable":true,"href":"https:\/\/vinitor.wine\/es\/wp-json\/wp\/v2\/users\/1"}],"replies":[{"embeddable":true,"href":"https:\/\/vinitor.wine\/es\/wp-json\/wp\/v2\/comments?post=6"}],"version-history":[{"count":0,"href":"https:\/\/vinitor.wine\/es\/wp-json\/wp\/v2\/pages\/6\/revisions"}],"wp:attachment":[{"href":"https:\/\/vinitor.wine\/es\/wp-json\/wp\/v2\/media?parent=6"}],"curies":[{"name":"wp","href":"https:\/\/api.w.org\/{rel}","templated":true}]}}