{"id":972,"date":"2024-11-06T15:35:55","date_gmt":"2024-11-06T14:35:55","guid":{"rendered":"https:\/\/desarrollo.vinitor.wine\/stores-list\/"},"modified":"2025-11-08T16:12:47","modified_gmt":"2025-11-08T15:12:47","slug":"bodegas","status":"publish","type":"page","link":"https:\/\/vinitor.wine\/es\/wineries\/","title":{"rendered":"Bodegas"},"content":{"rendered":"<div data-elementor-type=\"wp-page\" data-elementor-id=\"972\" class=\"elementor elementor-972\" data-elementor-post-type=\"page\">\n\t\t\t\t<div class=\"elementor-element elementor-element-c0c6b7d e-flex e-con-boxed e-con e-parent\" data-id=\"c0c6b7d\" data-element_type=\"container\" data-e-type=\"container\">\n\t\t\t\t\t<div class=\"e-con-inner\">\n\t\t\t\t<div class=\"elementor-element elementor-element-73970b2 elementor-widget elementor-widget-text-editor\" data-id=\"73970b2\" data-element_type=\"widget\" data-e-type=\"widget\" data-widget_type=\"text-editor.default\">\n\t\t\t\t\t\t\t\t\t<h2 data-start=\"264\" data-end=\"307\">Descubre Nuestra Red de Bodegas Espa\u00f1olas<\/h2><p data-start=\"309\" data-end=\"722\">Las bodegas de toda Espa\u00f1a ofrecen m\u00e1s que diversidad regional. Combinan herencia, precisi\u00f3n y preparaci\u00f3n comercial. Este directorio en constante evoluci\u00f3n destaca bodegas espa\u00f1olas seleccionadas no solo por la calidad de sus vinos, sino tambi\u00e9n por su alineaci\u00f3n con las verdaderas necesidades del comercio internacional. Desde vi\u00f1edos costeros hasta denominaciones de origen interiores, cada productor refleja la profundidad y versatilidad de la viticultura espa\u00f1ola.<\/p><p data-start=\"724\" data-end=\"1100\">Todas las bodegas participantes cumplen con criterios profesionales claramente definidos. Cada una opera con transparencia, cumple con las regulaciones de la DO o posee un estatus regional reconocido, y apoya activamente la log\u00edstica de exportaci\u00f3n. Sus equipos comprenden la documentaci\u00f3n, el etiquetado y los plazos de los que dependen importadores y distribuidores. Esto asegura operaciones m\u00e1s fluidas y menos riesgos de entrada al mercado.<\/p><p data-start=\"1102\" data-end=\"1486\">Cada perfil de bodega incluye informaci\u00f3n pr\u00e1ctica: regi\u00f3n, variedades de uva, m\u00e9todo de elaboraci\u00f3n y capacidad de exportaci\u00f3n actual. Algunos productores se centran en la agricultura org\u00e1nica y las variedades aut\u00f3ctonas. Otros trabajan desde fincas multigeneracionales que llevan la tradici\u00f3n a planes comerciales estructurados. A pesar de las diferencias en tama\u00f1o o estilo, todos abordan el comercio como socios, no solo como productores.<\/p><p data-start=\"1488\" data-end=\"1853\">A medida que la selecci\u00f3n se expande, incluir\u00e1 nuevas zonas, terroirs emergentes y DOs menos conocidas que permanecen subrepresentadas en muchos mercados. Esto convierte al directorio en m\u00e1s que informaci\u00f3n est\u00e1tica. Se convierte en una herramienta estrat\u00e9gica para profesionales que buscan diversificar su abastecimiento, desarrollar colecciones regionales o encontrar bodegas listas para exportar con valores comerciales compartidos.<\/p><p data-start=\"1855\" data-end=\"2129\">Ya sea que el objetivo sea renovar un listado, construir una l\u00ednea de marca privada o abastecer vinos para un segmento espec\u00edfico, la conexi\u00f3n adecuada puede ya estar aqu\u00ed. Cada bodega est\u00e1 arraigada en Espa\u00f1a, con el profesionalismo para apoyar el crecimiento y la flexibilidad para satisfacer las demandas del mercado.<\/p>\t\t\t\t\t\t\t\t<\/div>\n\t\t\t\t\t<\/div>\n\t\t\t\t<\/div>\n\t\t\t\t<\/div>","protected":false},"excerpt":{"rendered":"<p>Discover Our Network of Spanish Wineries Wineries across Spain offer more than regional diversity. They combine heritage, precision, and commercial [&hellip;]<\/p>\n","protected":false},"author":4,"featured_media":5297,"parent":0,"menu_order":0,"comment_status":"closed","ping_status":"closed","template":"","meta":{"_acf_changed":false,"site-sidebar-layout":"no-sidebar","site-content-layout":"","ast-site-content-layout":"normal-width-container","site-content-style":"unboxed","site-sidebar-style":"default","ast-global-header-display":"","ast-banner-title-visibility":"","ast-main-header-display":"","ast-hfb-above-header-display":"","ast-hfb-below-header-display":"","ast-hfb-mobile-header-display":"","site-post-title":"disabled","ast-breadcrumbs-content":"","ast-featured-img":"disabled","footer-sml-layout":"","ast-disable-related-posts":"","theme-transparent-header-meta":"","adv-header-id-meta":"","stick-header-meta":"","header-above-stick-meta":"","header-main-stick-meta":"","header-below-stick-meta":"","astra-migrate-meta-layouts":"default","ast-page-background-enabled":"default","ast-page-background-meta":{"desktop":{"background-color":"var(--ast-global-color-4)","background-image":"","background-repeat":"repeat","background-position":"center center","background-size":"auto","background-attachment":"scroll","background-type":"","background-media":"","overlay-type":"","overlay-color":"","overlay-opacity":"","overlay-gradient":""},"tablet":{"background-color":"","background-image":"","background-repeat":"repeat","background-position":"center center","background-size":"auto","background-attachment":"scroll","background-type":"","background-media":"","overlay-type":"","overlay-color":"","overlay-opacity":"","overlay-gradient":""},"mobile":{"background-color":"","background-image":"","background-repeat":"repeat","background-position":"center center","background-size":"auto","background-attachment":"scroll","background-type":"","background-media":"","overlay-type":"","overlay-color":"","overlay-opacity":"","overlay-gradient":""}},"ast-content-background-meta":{"desktop":{"background-color":"var(--ast-global-color-5)","background-image":"","background-repeat":"repeat","background-position":"center center","background-size":"auto","background-attachment":"scroll","background-type":"","background-media":"","overlay-type":"","overlay-color":"","overlay-opacity":"","overlay-gradient":""},"tablet":{"background-color":"var(--ast-global-color-5)","background-image":"","background-repeat":"repeat","background-position":"center center","background-size":"auto","background-attachment":"scroll","background-type":"","background-media":"","overlay-type":"","overlay-color":"","overlay-opacity":"","overlay-gradient":""},"mobile":{"background-color":"var(--ast-global-color-5)","background-image":"","background-repeat":"repeat","background-position":"center center","background-size":"auto","background-attachment":"scroll","background-type":"","background-media":"","overlay-type":"","overlay-color":"","overlay-opacity":"","overlay-gradient":""}},"footnotes":""},"class_list":["post-972","page","type-page","status-publish","has-post-thumbnail","hentry"],"acf":[],"yoast_head":"<!-- This site is optimized with the Yoast SEO plugin v22.9 - https:\/\/yoast.com\/wordpress\/plugins\/seo\/ -->\n<title>Wineries - VINITOR<\/title>\n<meta name=\"description\" content=\"Explore Spanish wineries prepared for export. DO-certified, importer-ready, and focused on long-term professional partnerships.\" \/>\n<meta name=\"robots\" content=\"index, follow, max-snippet:-1, max-image-preview:large, max-video-preview:-1\" \/>\n<link rel=\"canonical\" href=\"https:\/\/vinitor.wine\/es\/bodegas\/\" \/>\n<meta property=\"og:locale\" content=\"es_ES\" \/>\n<meta property=\"og:type\" content=\"article\" \/>\n<meta property=\"og:title\" content=\"Wineries - VINITOR\" \/>\n<meta property=\"og:description\" content=\"Explore Spanish wineries prepared for export. DO-certified, importer-ready, and focused on long-term professional partnerships.\" \/>\n<meta property=\"og:url\" content=\"https:\/\/vinitor.wine\/es\/bodegas\/\" \/>\n<meta property=\"og:site_name\" content=\"VINITOR\" \/>\n<meta property=\"article:publisher\" content=\"https:\/\/www.facebook.com\/vinitor.wine\/\" \/>\n<meta property=\"article:modified_time\" content=\"2025-11-08T15:12:47+00:00\" \/>\n<meta property=\"og:image\" content=\"https:\/\/vinitor.wine\/wp-content\/uploads\/2025\/11\/Mapa-Espana-1-1-1024x907.png\" \/>\n\t<meta property=\"og:image:width\" content=\"1024\" \/>\n\t<meta property=\"og:image:height\" content=\"907\" \/>\n\t<meta property=\"og:image:type\" content=\"image\/png\" \/>\n<meta name=\"twitter:card\" content=\"summary_large_image\" \/>\n<meta name=\"twitter:label1\" content=\"Tiempo de lectura\" \/>\n\t<meta name=\"twitter:data1\" content=\"2 minutos\" \/>\n<script type=\"application\/ld+json\" class=\"yoast-schema-graph\">{\"@context\":\"https:\/\/schema.org\",\"@graph\":[{\"@type\":\"WebPage\",\"@id\":\"https:\/\/vinitor.wine\/wineries\/\",\"url\":\"https:\/\/vinitor.wine\/wineries\/\",\"name\":\"Wineries - VINITOR\",\"isPartOf\":{\"@id\":\"https:\/\/vinitor.wine\/#website\"},\"primaryImageOfPage\":{\"@id\":\"https:\/\/vinitor.wine\/wineries\/#primaryimage\"},\"image\":{\"@id\":\"https:\/\/vinitor.wine\/wineries\/#primaryimage\"},\"thumbnailUrl\":\"https:\/\/vinitor.wine\/wp-content\/uploads\/2025\/11\/Mapa-Espana-1-1.png\",\"datePublished\":\"2024-11-06T14:35:55+00:00\",\"dateModified\":\"2025-11-08T15:12:47+00:00\",\"description\":\"Explore Spanish wineries prepared for export. DO-certified, importer-ready, and focused on long-term professional partnerships.\",\"breadcrumb\":{\"@id\":\"https:\/\/vinitor.wine\/wineries\/#breadcrumb\"},\"inLanguage\":\"es\",\"potentialAction\":[{\"@type\":\"ReadAction\",\"target\":[\"https:\/\/vinitor.wine\/wineries\/\"]}]},{\"@type\":\"ImageObject\",\"inLanguage\":\"es\",\"@id\":\"https:\/\/vinitor.wine\/wineries\/#primaryimage\",\"url\":\"https:\/\/vinitor.wine\/wp-content\/uploads\/2025\/11\/Mapa-Espana-1-1.png\",\"contentUrl\":\"https:\/\/vinitor.wine\/wp-content\/uploads\/2025\/11\/Mapa-Espana-1-1.png\",\"width\":2126,\"height\":1884,\"caption\":\"From tradition to trade, each Spanish winery partner carries a legacy shaped by people, place, and purpose.\"},{\"@type\":\"BreadcrumbList\",\"@id\":\"https:\/\/vinitor.wine\/wineries\/#breadcrumb\",\"itemListElement\":[{\"@type\":\"ListItem\",\"position\":1,\"name\":\"Home\",\"item\":\"https:\/\/vinitor.wine\/en\/\"},{\"@type\":\"ListItem\",\"position\":2,\"name\":\"Wineries\"}]},{\"@type\":\"WebSite\",\"@id\":\"https:\/\/vinitor.wine\/#website\",\"url\":\"https:\/\/vinitor.wine\/\",\"name\":\"VINITOR\",\"description\":\"Your dedicated export department for premium Spanish wines, bridging wineries in Spain with importers worldwide\",\"publisher\":{\"@id\":\"https:\/\/vinitor.wine\/#organization\"},\"potentialAction\":[{\"@type\":\"SearchAction\",\"target\":{\"@type\":\"EntryPoint\",\"urlTemplate\":\"https:\/\/vinitor.wine\/?s={search_term_string}\"},\"query-input\":\"required name=search_term_string\"}],\"inLanguage\":\"es\"},{\"@type\":\"Organization\",\"@id\":\"https:\/\/vinitor.wine\/#organization\",\"name\":\"VINITOR\",\"url\":\"https:\/\/vinitor.wine\/\",\"logo\":{\"@type\":\"ImageObject\",\"inLanguage\":\"es\",\"@id\":\"https:\/\/vinitor.wine\/#\/schema\/logo\/image\/\",\"url\":\"https:\/\/vinitor.wine\/wp-content\/uploads\/2024\/10\/cropped-Vinitor_Logo-03.png\",\"contentUrl\":\"https:\/\/vinitor.wine\/wp-content\/uploads\/2024\/10\/cropped-Vinitor_Logo-03.png\",\"width\":512,\"height\":512,\"caption\":\"VINITOR\"},\"image\":{\"@id\":\"https:\/\/vinitor.wine\/#\/schema\/logo\/image\/\"},\"sameAs\":[\"https:\/\/www.facebook.com\/vinitor.wine\/\",\"https:\/\/www.instagram.com\/vinitor.wine\/\",\"https:\/\/es.linkedin.com\/company\/vinitor\"]}]}<\/script>\n<!-- \/ Yoast SEO plugin. -->","yoast_head_json":{"title":"Bodegas - VINITOR","description":"Descubre bodegas espa\u00f1olas listas para exportar. Con certificaci\u00f3n DO, preparadas para importadores y enfocadas en asociaciones profesionales a largo plazo.","robots":{"index":"index","follow":"follow","max-snippet":"max-snippet:-1","max-image-preview":"max-image-preview:large","max-video-preview":"max-video-preview:-1"},"canonical":"https:\/\/vinitor.wine\/es\/bodegas\/","og_locale":"es_ES","og_type":"article","og_title":"Wineries - VINITOR","og_description":"Explore Spanish wineries prepared for export. DO-certified, importer-ready, and focused on long-term professional partnerships.","og_url":"https:\/\/vinitor.wine\/es\/bodegas\/","og_site_name":"VINITOR","article_publisher":"https:\/\/www.facebook.com\/vinitor.wine\/","article_modified_time":"2025-11-08T15:12:47+00:00","og_image":[{"width":1024,"height":907,"url":"https:\/\/vinitor.wine\/wp-content\/uploads\/2025\/11\/Mapa-Espana-1-1-1024x907.png","type":"image\/png"}],"twitter_card":"summary_large_image","twitter_misc":{"Tiempo de lectura":"2 minutos"},"schema":{"@context":"https:\/\/schema.org","@graph":[{"@type":"WebPage","@id":"https:\/\/vinitor.wine\/wineries\/","url":"https:\/\/vinitor.wine\/wineries\/","name":"Bodegas - VINITOR","isPartOf":{"@id":"https:\/\/vinitor.wine\/#website"},"primaryImageOfPage":{"@id":"https:\/\/vinitor.wine\/wineries\/#primaryimage"},"image":{"@id":"https:\/\/vinitor.wine\/wineries\/#primaryimage"},"thumbnailUrl":"https:\/\/vinitor.wine\/wp-content\/uploads\/2025\/11\/Mapa-Espana-1-1.png","datePublished":"2024-11-06T14:35:55+00:00","dateModified":"2025-11-08T15:12:47+00:00","description":"Descubre bodegas espa\u00f1olas listas para exportar. Con certificaci\u00f3n DO, preparadas para importadores y enfocadas en asociaciones profesionales a largo plazo.","breadcrumb":{"@id":"https:\/\/vinitor.wine\/wineries\/#breadcrumb"},"inLanguage":"es","potentialAction":[{"@type":"ReadAction","target":["https:\/\/vinitor.wine\/wineries\/"]}]},{"@type":"ImageObject","inLanguage":"es","@id":"https:\/\/vinitor.wine\/wineries\/#primaryimage","url":"https:\/\/vinitor.wine\/wp-content\/uploads\/2025\/11\/Mapa-Espana-1-1.png","contentUrl":"https:\/\/vinitor.wine\/wp-content\/uploads\/2025\/11\/Mapa-Espana-1-1.png","width":2126,"height":1884,"caption":"From tradition to trade, each Spanish winery partner carries a legacy shaped by people, place, and purpose."},{"@type":"BreadcrumbList","@id":"https:\/\/vinitor.wine\/wineries\/#breadcrumb","itemListElement":[{"@type":"ListItem","position":1,"name":"Home","item":"https:\/\/vinitor.wine\/en\/"},{"@type":"ListItem","position":2,"name":"Wineries"}]},{"@type":"WebSite","@id":"https:\/\/vinitor.wine\/#website","url":"https:\/\/vinitor.wine\/","name":"VINITOR","description":"Su departamento de exportaci\u00f3n dedicado a vinos espa\u00f1oles premium, conectando bodegas en Espa\u00f1a con importadores de todo el mundo.","publisher":{"@id":"https:\/\/vinitor.wine\/#organization"},"potentialAction":[{"@type":"SearchAction","target":{"@type":"EntryPoint","urlTemplate":"https:\/\/vinitor.wine\/?s={search_term_string}"},"query-input":"required name=search_term_string"}],"inLanguage":"es"},{"@type":"Organization","@id":"https:\/\/vinitor.wine\/#organization","name":"VINITOR","url":"https:\/\/vinitor.wine\/","logo":{"@type":"ImageObject","inLanguage":"es","@id":"https:\/\/vinitor.wine\/#\/schema\/logo\/image\/","url":"https:\/\/vinitor.wine\/wp-content\/uploads\/2024\/10\/cropped-Vinitor_Logo-03.png","contentUrl":"https:\/\/vinitor.wine\/wp-content\/uploads\/2024\/10\/cropped-Vinitor_Logo-03.png","width":512,"height":512,"caption":"VINITOR"},"image":{"@id":"https:\/\/vinitor.wine\/#\/schema\/logo\/image\/"},"sameAs":["https:\/\/www.facebook.com\/vinitor.wine\/","https:\/\/www.instagram.com\/vinitor.wine\/","https:\/\/es.linkedin.com\/company\/vinitor"]}]}},"_links":{"self":[{"href":"https:\/\/vinitor.wine\/es\/wp-json\/wp\/v2\/pages\/972","targetHints":{"allow":["GET"]}}],"collection":[{"href":"https:\/\/vinitor.wine\/es\/wp-json\/wp\/v2\/pages"}],"about":[{"href":"https:\/\/vinitor.wine\/es\/wp-json\/wp\/v2\/types\/page"}],"author":[{"embeddable":true,"href":"https:\/\/vinitor.wine\/es\/wp-json\/wp\/v2\/users\/4"}],"replies":[{"embeddable":true,"href":"https:\/\/vinitor.wine\/es\/wp-json\/wp\/v2\/comments?post=972"}],"version-history":[{"count":0,"href":"https:\/\/vinitor.wine\/es\/wp-json\/wp\/v2\/pages\/972\/revisions"}],"wp:featuredmedia":[{"embeddable":true,"href":"https:\/\/vinitor.wine\/es\/wp-json\/wp\/v2\/media\/5297"}],"wp:attachment":[{"href":"https:\/\/vinitor.wine\/es\/wp-json\/wp\/v2\/media?parent=972"}],"curies":[{"name":"wp","href":"https:\/\/api.w.org\/{rel}","templated":true}]}}