{"id":3978,"date":"2025-05-06T14:55:49","date_gmt":"2025-05-06T12:55:49","guid":{"rendered":"https:\/\/vinitor.wine\/?post_type=product&#038;p=3978"},"modified":"2025-10-07T11:50:00","modified_gmt":"2025-10-07T09:50:00","slug":"3-pueblos-albarino-rias-baixas","status":"publish","type":"product","link":"https:\/\/vinitor.wine\/es\/wines\/3-pueblos-albarino-rias-baixas\/","title":{"rendered":"3 Pueblos Albari\u00f1o"},"content":{"rendered":"<p data-start=\"1388\" data-end=\"1737\">3 Pueblos Albari\u00f1o es una expresi\u00f3n pura de R\u00edas Baixas y la esencia atl\u00e1ntica de Galicia. Nace en Cambados, reconocido como la cuna del Albari\u00f1o, donde vi\u00f1as de m\u00e1s de 40 a\u00f1os hunden sus ra\u00edces en suelos arenosos y gran\u00edticos. Estos suelos, junto con el suave clima mar\u00edtimo, moldean uvas con notable acidez, mineralidad y finura.<\/p>\n<p data-start=\"1739\" data-end=\"2083\">La subzona del Val do Saln\u00e9s es considerada el lugar de origen del Albari\u00f1o. Aqu\u00ed, las brisas marinas, las lluvias frecuentes y el suave sol crean condiciones ideales para una maduraci\u00f3n lenta, preservando la frescura y desarrollando el caracter\u00edstico toque salino de la uva. Las viejas vi\u00f1as entregan frutos concentrados, aportando tanto intensidad arom\u00e1tica como un profundo sentido de terroir.<\/p>\n<p data-start=\"2085\" data-end=\"2473\">La vendimia se realiza a mano en peque\u00f1as cajas para proteger la fruta. La fermentaci\u00f3n se divide: la mayor\u00eda en acero inoxidable para capturar el brillo floral y c\u00edtrico del Albari\u00f1o, y una peque\u00f1a porci\u00f3n en barricas de roble franc\u00e9s para a\u00f1adir profundidad y sutil redondez. Tras la fermentaci\u00f3n, el vino reposa sobre sus l\u00edas finas durante seis meses, una pr\u00e1ctica que realza naturalmente el cuerpo, la textura y la complejidad.<\/p>\n<p data-start=\"2475\" data-end=\"2947\">El resultado es un vino que equilibra precisi\u00f3n con riqueza, expresando tanto la pureza del Albari\u00f1o como la fuerza de su entorno atl\u00e1ntico. Fresco, mineral y con capas, 3 Pueblos Albari\u00f1o refleja la filosof\u00eda colectiva de su nombre: tres pueblos trabajando juntos para elaborar vinos aut\u00e9nticos arraigados en la tradici\u00f3n y el lugar. Ideal con mariscos gallegos, tambi\u00e9n es un compa\u00f1ero vers\u00e1til para cocinas internacionales, encarnando el encanto atemporal de los vi\u00f1edos de Galicia.<\/p>","protected":false},"excerpt":{"rendered":"<p>Un Albari\u00f1o fresco y salino de Cambados, enriquecido por seis meses sobre l\u00edas para aportar elegancia, volumen y car\u00e1cter atl\u00e1ntico.<\/p>","protected":false},"featured_media":3980,"template":"","meta":{"_acf_changed":false,"site-sidebar-layout":"default","site-content-layout":"","ast-site-content-layout":"default","site-content-style":"default","site-sidebar-style":"default","ast-global-header-display":"","ast-banner-title-visibility":"","ast-main-header-display":"","ast-hfb-above-header-display":"","ast-hfb-below-header-display":"","ast-hfb-mobile-header-display":"","site-post-title":"","ast-breadcrumbs-content":"","ast-featured-img":"","footer-sml-layout":"","ast-disable-related-posts":"","theme-transparent-header-meta":"default","adv-header-id-meta":"","stick-header-meta":"","header-above-stick-meta":"","header-main-stick-meta":"","header-below-stick-meta":"","astra-migrate-meta-layouts":"set","ast-page-background-enabled":"default","ast-page-background-meta":{"desktop":{"background-color":"var(--ast-global-color-4)","background-image":"","background-repeat":"repeat","background-position":"center center","background-size":"auto","background-attachment":"scroll","background-type":"","background-media":"","overlay-type":"","overlay-color":"","overlay-opacity":"","overlay-gradient":""},"tablet":{"background-color":"","background-image":"","background-repeat":"repeat","background-position":"center center","background-size":"auto","background-attachment":"scroll","background-type":"","background-media":"","overlay-type":"","overlay-color":"","overlay-opacity":"","overlay-gradient":""},"mobile":{"background-color":"","background-image":"","background-repeat":"repeat","background-position":"center center","background-size":"auto","background-attachment":"scroll","background-type":"","background-media":"","overlay-type":"","overlay-color":"","overlay-opacity":"","overlay-gradient":""}},"ast-content-background-meta":{"desktop":{"background-color":"var(--ast-global-color-5)","background-image":"","background-repeat":"repeat","background-position":"center center","background-size":"auto","background-attachment":"scroll","background-type":"","background-media":"","overlay-type":"","overlay-color":"","overlay-opacity":"","overlay-gradient":""},"tablet":{"background-color":"var(--ast-global-color-5)","background-image":"","background-repeat":"repeat","background-position":"center center","background-size":"auto","background-attachment":"scroll","background-type":"","background-media":"","overlay-type":"","overlay-color":"","overlay-opacity":"","overlay-gradient":""},"mobile":{"background-color":"var(--ast-global-color-5)","background-image":"","background-repeat":"repeat","background-position":"center center","background-size":"auto","background-attachment":"scroll","background-type":"","background-media":"","overlay-type":"","overlay-color":"","overlay-opacity":"","overlay-gradient":""}}},"product_brand":[497],"product_cat":[15],"product_tag":[],"class_list":{"0":"post-3978","1":"product","2":"type-product","3":"status-publish","4":"has-post-thumbnail","6":"product_brand-3-pueblos-wine-project","7":"product_cat-sin-categoria","8":"desktop-align-left","9":"tablet-align-left","10":"mobile-align-left","12":"first","13":"instock","14":"shipping-taxable","15":"product-type-simple"},"acf":[],"yoast_head":"<!-- This site is optimized with the Yoast SEO plugin v22.9 - https:\/\/yoast.com\/wordpress\/plugins\/seo\/ -->\n<title>3 Pueblos Albari\u00f1o - VINITOR<\/title>\n<meta name=\"description\" content=\"3 Pueblos Albari\u00f1o from Cambados in R\u00edas Baixas, fresh and saline, aged six months on lees for elegance and Atlantic character.\" \/>\n<meta name=\"robots\" content=\"index, follow, max-snippet:-1, max-image-preview:large, max-video-preview:-1\" \/>\n<link rel=\"canonical\" href=\"https:\/\/vinitor.wine\/es\/vinos\/3-pueblos-albarino-rias-baixas\/\" \/>\n<meta property=\"og:locale\" content=\"es_ES\" \/>\n<meta property=\"og:type\" content=\"article\" \/>\n<meta property=\"og:title\" content=\"3 Pueblos Albari\u00f1o - VINITOR\" \/>\n<meta property=\"og:description\" content=\"3 Pueblos Albari\u00f1o from Cambados in R\u00edas Baixas, fresh and saline, aged six months on lees for elegance and Atlantic character.\" \/>\n<meta property=\"og:url\" content=\"https:\/\/vinitor.wine\/es\/vinos\/3-pueblos-albarino-rias-baixas\/\" \/>\n<meta property=\"og:site_name\" content=\"VINITOR\" \/>\n<meta property=\"article:publisher\" content=\"https:\/\/www.facebook.com\/vinitor.wine\/\" \/>\n<meta property=\"article:modified_time\" content=\"2025-10-07T09:50:00+00:00\" \/>\n<meta property=\"og:image\" content=\"https:\/\/vinitor.wine\/wp-content\/uploads\/2025\/08\/3-Pueblos-albarino-1080x1080-1.png\" \/>\n\t<meta property=\"og:image:width\" content=\"1080\" \/>\n\t<meta property=\"og:image:height\" content=\"1080\" \/>\n\t<meta property=\"og:image:type\" content=\"image\/png\" \/>\n<meta name=\"twitter:card\" content=\"summary_large_image\" \/>\n<meta name=\"twitter:label1\" content=\"Tiempo de lectura\" \/>\n\t<meta name=\"twitter:data1\" content=\"2 minutos\" \/>\n<script type=\"application\/ld+json\" class=\"yoast-schema-graph\">{\"@context\":\"https:\/\/schema.org\",\"@graph\":[{\"@type\":\"WebPage\",\"@id\":\"https:\/\/vinitor.wine\/wines\/3-pueblos-albarino-rias-baixas\/\",\"url\":\"https:\/\/vinitor.wine\/wines\/3-pueblos-albarino-rias-baixas\/\",\"name\":\"3 Pueblos Albari\u00f1o - VINITOR\",\"isPartOf\":{\"@id\":\"https:\/\/vinitor.wine\/#website\"},\"primaryImageOfPage\":{\"@id\":\"https:\/\/vinitor.wine\/wines\/3-pueblos-albarino-rias-baixas\/#primaryimage\"},\"image\":{\"@id\":\"https:\/\/vinitor.wine\/wines\/3-pueblos-albarino-rias-baixas\/#primaryimage\"},\"thumbnailUrl\":\"https:\/\/vinitor.wine\/wp-content\/uploads\/2025\/08\/3-Pueblos-albarino-1080x1080-1.png\",\"datePublished\":\"2025-05-06T12:55:49+00:00\",\"dateModified\":\"2025-10-07T09:50:00+00:00\",\"description\":\"3 Pueblos Albari\u00f1o from Cambados in R\u00edas Baixas, fresh and saline, aged six months on lees for elegance and Atlantic character.\",\"breadcrumb\":{\"@id\":\"https:\/\/vinitor.wine\/wines\/3-pueblos-albarino-rias-baixas\/#breadcrumb\"},\"inLanguage\":\"es\",\"potentialAction\":[{\"@type\":\"ReadAction\",\"target\":[\"https:\/\/vinitor.wine\/wines\/3-pueblos-albarino-rias-baixas\/\"]}]},{\"@type\":\"ImageObject\",\"inLanguage\":\"es\",\"@id\":\"https:\/\/vinitor.wine\/wines\/3-pueblos-albarino-rias-baixas\/#primaryimage\",\"url\":\"https:\/\/vinitor.wine\/wp-content\/uploads\/2025\/08\/3-Pueblos-albarino-1080x1080-1.png\",\"contentUrl\":\"https:\/\/vinitor.wine\/wp-content\/uploads\/2025\/08\/3-Pueblos-albarino-1080x1080-1.png\",\"width\":1080,\"height\":1080},{\"@type\":\"BreadcrumbList\",\"@id\":\"https:\/\/vinitor.wine\/wines\/3-pueblos-albarino-rias-baixas\/#breadcrumb\",\"itemListElement\":[{\"@type\":\"ListItem\",\"position\":1,\"name\":\"Home\",\"item\":\"https:\/\/vinitor.wine\/en\/\"},{\"@type\":\"ListItem\",\"position\":2,\"name\":\"Productos\",\"item\":\"https:\/\/vinitor.wine\/tienda\/\"},{\"@type\":\"ListItem\",\"position\":3,\"name\":\"3 Pueblos Albari\u00f1o\"}]},{\"@type\":\"WebSite\",\"@id\":\"https:\/\/vinitor.wine\/#website\",\"url\":\"https:\/\/vinitor.wine\/\",\"name\":\"VINITOR\",\"description\":\"Your dedicated export department for premium Spanish wines, bridging wineries in Spain with importers worldwide\",\"publisher\":{\"@id\":\"https:\/\/vinitor.wine\/#organization\"},\"potentialAction\":[{\"@type\":\"SearchAction\",\"target\":{\"@type\":\"EntryPoint\",\"urlTemplate\":\"https:\/\/vinitor.wine\/?s={search_term_string}\"},\"query-input\":\"required name=search_term_string\"}],\"inLanguage\":\"es\"},{\"@type\":\"Organization\",\"@id\":\"https:\/\/vinitor.wine\/#organization\",\"name\":\"VINITOR\",\"url\":\"https:\/\/vinitor.wine\/\",\"logo\":{\"@type\":\"ImageObject\",\"inLanguage\":\"es\",\"@id\":\"https:\/\/vinitor.wine\/#\/schema\/logo\/image\/\",\"url\":\"https:\/\/vinitor.wine\/wp-content\/uploads\/2024\/10\/cropped-Vinitor_Logo-03.png\",\"contentUrl\":\"https:\/\/vinitor.wine\/wp-content\/uploads\/2024\/10\/cropped-Vinitor_Logo-03.png\",\"width\":512,\"height\":512,\"caption\":\"VINITOR\"},\"image\":{\"@id\":\"https:\/\/vinitor.wine\/#\/schema\/logo\/image\/\"},\"sameAs\":[\"https:\/\/www.facebook.com\/vinitor.wine\/\",\"https:\/\/www.instagram.com\/vinitor.wine\/\",\"https:\/\/es.linkedin.com\/company\/vinitor\"]}]}<\/script>\n<!-- \/ Yoast SEO plugin. -->","yoast_head_json":{"title":"3 Pueblos Albari\u00f1o - VINITOR","description":"3 Pueblos Albari\u00f1o de Cambados en R\u00edas Baixas, fresco y salino, envejecido seis meses sobre l\u00edas para aportar elegancia y car\u00e1cter atl\u00e1ntico.","robots":{"index":"index","follow":"follow","max-snippet":"max-snippet:-1","max-image-preview":"max-image-preview:large","max-video-preview":"max-video-preview:-1"},"canonical":"https:\/\/vinitor.wine\/es\/vinos\/3-pueblos-albarino-rias-baixas\/","og_locale":"es_ES","og_type":"article","og_title":"3 Pueblos Albari\u00f1o - VINITOR","og_description":"3 Pueblos Albari\u00f1o from Cambados in R\u00edas Baixas, fresh and saline, aged six months on lees for elegance and Atlantic character.","og_url":"https:\/\/vinitor.wine\/es\/vinos\/3-pueblos-albarino-rias-baixas\/","og_site_name":"VINITOR","article_publisher":"https:\/\/www.facebook.com\/vinitor.wine\/","article_modified_time":"2025-10-07T09:50:00+00:00","og_image":[{"width":1080,"height":1080,"url":"https:\/\/vinitor.wine\/wp-content\/uploads\/2025\/08\/3-Pueblos-albarino-1080x1080-1.png","type":"image\/png"}],"twitter_card":"summary_large_image","twitter_misc":{"Tiempo de lectura":"2 minutos"},"schema":{"@context":"https:\/\/schema.org","@graph":[{"@type":"WebPage","@id":"https:\/\/vinitor.wine\/wines\/3-pueblos-albarino-rias-baixas\/","url":"https:\/\/vinitor.wine\/wines\/3-pueblos-albarino-rias-baixas\/","name":"3 Pueblos Albari\u00f1o - VINITOR","isPartOf":{"@id":"https:\/\/vinitor.wine\/#website"},"primaryImageOfPage":{"@id":"https:\/\/vinitor.wine\/wines\/3-pueblos-albarino-rias-baixas\/#primaryimage"},"image":{"@id":"https:\/\/vinitor.wine\/wines\/3-pueblos-albarino-rias-baixas\/#primaryimage"},"thumbnailUrl":"https:\/\/vinitor.wine\/wp-content\/uploads\/2025\/08\/3-Pueblos-albarino-1080x1080-1.png","datePublished":"2025-05-06T12:55:49+00:00","dateModified":"2025-10-07T09:50:00+00:00","description":"3 Pueblos Albari\u00f1o de Cambados en R\u00edas Baixas, fresco y salino, envejecido seis meses sobre l\u00edas para aportar elegancia y car\u00e1cter atl\u00e1ntico.","breadcrumb":{"@id":"https:\/\/vinitor.wine\/wines\/3-pueblos-albarino-rias-baixas\/#breadcrumb"},"inLanguage":"es","potentialAction":[{"@type":"ReadAction","target":["https:\/\/vinitor.wine\/wines\/3-pueblos-albarino-rias-baixas\/"]}]},{"@type":"ImageObject","inLanguage":"es","@id":"https:\/\/vinitor.wine\/wines\/3-pueblos-albarino-rias-baixas\/#primaryimage","url":"https:\/\/vinitor.wine\/wp-content\/uploads\/2025\/08\/3-Pueblos-albarino-1080x1080-1.png","contentUrl":"https:\/\/vinitor.wine\/wp-content\/uploads\/2025\/08\/3-Pueblos-albarino-1080x1080-1.png","width":1080,"height":1080},{"@type":"BreadcrumbList","@id":"https:\/\/vinitor.wine\/wines\/3-pueblos-albarino-rias-baixas\/#breadcrumb","itemListElement":[{"@type":"ListItem","position":1,"name":"Home","item":"https:\/\/vinitor.wine\/en\/"},{"@type":"ListItem","position":2,"name":"Productos","item":"https:\/\/vinitor.wine\/tienda\/"},{"@type":"ListItem","position":3,"name":"3 Pueblos Albari\u00f1o"}]},{"@type":"WebSite","@id":"https:\/\/vinitor.wine\/#website","url":"https:\/\/vinitor.wine\/","name":"VINITOR","description":"Su departamento de exportaci\u00f3n dedicado a vinos espa\u00f1oles premium, conectando bodegas en Espa\u00f1a con importadores de todo el mundo.","publisher":{"@id":"https:\/\/vinitor.wine\/#organization"},"potentialAction":[{"@type":"SearchAction","target":{"@type":"EntryPoint","urlTemplate":"https:\/\/vinitor.wine\/?s={search_term_string}"},"query-input":"required name=search_term_string"}],"inLanguage":"es"},{"@type":"Organization","@id":"https:\/\/vinitor.wine\/#organization","name":"VINITOR","url":"https:\/\/vinitor.wine\/","logo":{"@type":"ImageObject","inLanguage":"es","@id":"https:\/\/vinitor.wine\/#\/schema\/logo\/image\/","url":"https:\/\/vinitor.wine\/wp-content\/uploads\/2024\/10\/cropped-Vinitor_Logo-03.png","contentUrl":"https:\/\/vinitor.wine\/wp-content\/uploads\/2024\/10\/cropped-Vinitor_Logo-03.png","width":512,"height":512,"caption":"VINITOR"},"image":{"@id":"https:\/\/vinitor.wine\/#\/schema\/logo\/image\/"},"sameAs":["https:\/\/www.facebook.com\/vinitor.wine\/","https:\/\/www.instagram.com\/vinitor.wine\/","https:\/\/es.linkedin.com\/company\/vinitor"]}]}},"_links":{"self":[{"href":"https:\/\/vinitor.wine\/es\/wp-json\/wp\/v2\/product\/3978","targetHints":{"allow":["GET"]}}],"collection":[{"href":"https:\/\/vinitor.wine\/es\/wp-json\/wp\/v2\/product"}],"about":[{"href":"https:\/\/vinitor.wine\/es\/wp-json\/wp\/v2\/types\/product"}],"version-history":[{"count":0,"href":"https:\/\/vinitor.wine\/es\/wp-json\/wp\/v2\/product\/3978\/revisions"}],"wp:featuredmedia":[{"embeddable":true,"href":"https:\/\/vinitor.wine\/es\/wp-json\/wp\/v2\/media\/3980"}],"wp:attachment":[{"href":"https:\/\/vinitor.wine\/es\/wp-json\/wp\/v2\/media?parent=3978"}],"wp:term":[{"taxonomy":"product_brand","embeddable":true,"href":"https:\/\/vinitor.wine\/es\/wp-json\/wp\/v2\/product_brand?post=3978"},{"taxonomy":"product_cat","embeddable":true,"href":"https:\/\/vinitor.wine\/es\/wp-json\/wp\/v2\/product_cat?post=3978"},{"taxonomy":"product_tag","embeddable":true,"href":"https:\/\/vinitor.wine\/es\/wp-json\/wp\/v2\/product_tag?post=3978"}],"curies":[{"name":"wp","href":"https:\/\/api.w.org\/{rel}","templated":true}]}}