{"id":1678,"date":"2025-04-09T10:15:18","date_gmt":"2025-04-09T08:15:18","guid":{"rendered":"http:\/\/vinitor.wine\/?post_type=product&#038;p=1678"},"modified":"2025-10-07T12:44:05","modified_gmt":"2025-10-07T10:44:05","slug":"vila-closa-garnacha-blanca-terra-alta","status":"publish","type":"product","link":"https:\/\/vinitor.wine\/fr\/wines\/vila-closa-garnacha-blanca-terra-alta\/","title":{"rendered":"Vila-Closa Garnacha Blanca"},"content":{"rendered":"<p data-start=\"1510\" data-end=\"1821\">Vila-Closa Garnacha Blanca incarne l'essence pure du c\u00e9page blanc embl\u00e9matique de Terra Alta. Son nom \u00e9voque le \u201cvillage fortifi\u00e9\u201d, c\u0153ur historique de Batea, o\u00f9 les traditions s\u00e9culaires sont pr\u00e9serv\u00e9es. La cl\u00e9 et la serrure sur l'\u00e9tiquette symbolisent l'id\u00e9e que les vins Vila-Closa sont une porte d'entr\u00e9e vers l'\u00e2me de la r\u00e9gion.<\/p>\n<p data-start=\"1823\" data-end=\"2188\">Ce vin r\u00e9sulte d'une combinaison r\u00e9fl\u00e9chie de sources de vignobles. Les raisins des vignes plus jeunes sont r\u00e9colt\u00e9s t\u00f4t pour pr\u00e9server une acidit\u00e9 vive et une certaine l\u00e9g\u00e8ret\u00e9. Les raisins des vignobles plus anciens, avec leurs racines profondes et leurs rendements plus faibles, sont vendang\u00e9s plus tard, apportant du poids, une richesse aromatique et de la complexit\u00e9. Le r\u00e9sultat est une Garnacha Blanca qui offre \u00e0 la fois fra\u00eecheur et profondeur.<\/p>\n<p data-start=\"2190\" data-end=\"2498\">Les vignobles b\u00e9n\u00e9ficient de longues journ\u00e9es ensoleill\u00e9es et de nuits fra\u00eeches, un contraste qui rehausse les ar\u00f4mes et la structure. De plus, les vents Cierzo et Garb\u00ed aident \u00e0 maintenir des raisins sains avec une maturit\u00e9 \u00e9quilibr\u00e9e. Les sols, riches en calcaire et en argile, conf\u00e8rent une note min\u00e9rale subtile qui traverse le vin du d\u00e9but \u00e0 la fin.<\/p>\n<p data-start=\"2500\" data-end=\"2759\">L'\u00e9levage sur lies fines pendant plusieurs mois ajoute du volume et une douceur cr\u00e9meuse. Cette technique enrichit le palais sans \u00e9clipser le fruit naturel du c\u00e9page. Ainsi, Vila-Closa Garnacha Blanca est aussi polyvalent \u00e0 table qu'expressif seul.<\/p>\n<p data-start=\"2761\" data-end=\"3076\">C'est un vin qui s'accorde magnifiquement avec les fruits de mer, les salades fra\u00eeches ou les plats de style m\u00e9diterran\u00e9en. Au-del\u00e0 des accords mets-vins, il offre un aper\u00e7u de Terra Alta: une terre ensoleill\u00e9e fa\u00e7onn\u00e9e par le vent, l'histoire et un profond respect pour la vigne. Chaque gorg\u00e9e d\u00e9voile le caract\u00e8re lumineux et authentique qui d\u00e9finit \u00e0 la fois le c\u00e9page et le lieu.<\/p>","protected":false},"excerpt":{"rendered":"<p data-start=\"3113\" data-end=\"3233\">L\u00e0 o\u00f9 les vents frais des montagnes rencontrent la lumi\u00e8re dor\u00e9e m\u00e9diterran\u00e9enne, la Garnacha Blanca r\u00e9v\u00e8le \u00e9l\u00e9gance et profondeur \u00e0 chaque gorg\u00e9e.<\/p>","protected":false},"featured_media":1684,"template":"","meta":{"_acf_changed":false,"site-sidebar-layout":"default","site-content-layout":"","ast-site-content-layout":"default","site-content-style":"default","site-sidebar-style":"default","ast-global-header-display":"","ast-banner-title-visibility":"","ast-main-header-display":"","ast-hfb-above-header-display":"","ast-hfb-below-header-display":"","ast-hfb-mobile-header-display":"","site-post-title":"","ast-breadcrumbs-content":"","ast-featured-img":"","footer-sml-layout":"","ast-disable-related-posts":"","theme-transparent-header-meta":"default","adv-header-id-meta":"","stick-header-meta":"","header-above-stick-meta":"","header-main-stick-meta":"","header-below-stick-meta":"","astra-migrate-meta-layouts":"set","ast-page-background-enabled":"default","ast-page-background-meta":{"desktop":{"background-color":"var(--ast-global-color-4)","background-image":"","background-repeat":"repeat","background-position":"center center","background-size":"auto","background-attachment":"scroll","background-type":"","background-media":"","overlay-type":"","overlay-color":"","overlay-opacity":"","overlay-gradient":""},"tablet":{"background-color":"","background-image":"","background-repeat":"repeat","background-position":"center center","background-size":"auto","background-attachment":"scroll","background-type":"","background-media":"","overlay-type":"","overlay-color":"","overlay-opacity":"","overlay-gradient":""},"mobile":{"background-color":"","background-image":"","background-repeat":"repeat","background-position":"center center","background-size":"auto","background-attachment":"scroll","background-type":"","background-media":"","overlay-type":"","overlay-color":"","overlay-opacity":"","overlay-gradient":""}},"ast-content-background-meta":{"desktop":{"background-color":"var(--ast-global-color-5)","background-image":"","background-repeat":"repeat","background-position":"center center","background-size":"auto","background-attachment":"scroll","background-type":"","background-media":"","overlay-type":"","overlay-color":"","overlay-opacity":"","overlay-gradient":""},"tablet":{"background-color":"var(--ast-global-color-5)","background-image":"","background-repeat":"repeat","background-position":"center center","background-size":"auto","background-attachment":"scroll","background-type":"","background-media":"","overlay-type":"","overlay-color":"","overlay-opacity":"","overlay-gradient":""},"mobile":{"background-color":"var(--ast-global-color-5)","background-image":"","background-repeat":"repeat","background-position":"center center","background-size":"auto","background-attachment":"scroll","background-type":"","background-media":"","overlay-type":"","overlay-color":"","overlay-opacity":"","overlay-gradient":""}}},"product_brand":[397],"product_cat":[15],"product_tag":[],"class_list":{"0":"post-1678","1":"product","2":"type-product","3":"status-publish","4":"has-post-thumbnail","6":"product_brand-celler-la-botera","7":"product_cat-sin-categoria","8":"desktop-align-left","9":"tablet-align-left","10":"mobile-align-left","12":"first","13":"outofstock","14":"shipping-taxable","15":"product-type-variable"},"acf":[],"yoast_head":"<!-- This site is optimized with the Yoast SEO plugin v22.9 - https:\/\/yoast.com\/wordpress\/plugins\/seo\/ -->\n<title>Vila-Closa Garnacha Blanca - VINITOR<\/title>\n<meta name=\"description\" content=\"Elegant Garnacha Blanca from Terra Alta, aged on fine lees for texture and complexity, offering fresh fruit, minerality and Mediterranean charm.\" \/>\n<meta name=\"robots\" content=\"index, follow, max-snippet:-1, max-image-preview:large, max-video-preview:-1\" \/>\n<link rel=\"canonical\" href=\"https:\/\/vinitor.wine\/fr\/vins\/vila-closa-garnacha-blanca-terra-alta\/\" \/>\n<meta property=\"og:locale\" content=\"fr_FR\" \/>\n<meta property=\"og:type\" content=\"article\" \/>\n<meta property=\"og:title\" content=\"Vila-Closa Garnacha Blanca - VINITOR\" \/>\n<meta property=\"og:description\" content=\"Elegant Garnacha Blanca from Terra Alta, aged on fine lees for texture and complexity, offering fresh fruit, minerality and Mediterranean charm.\" \/>\n<meta property=\"og:url\" content=\"https:\/\/vinitor.wine\/fr\/vins\/vila-closa-garnacha-blanca-terra-alta\/\" \/>\n<meta property=\"og:site_name\" content=\"VINITOR\" \/>\n<meta property=\"article:publisher\" content=\"https:\/\/www.facebook.com\/vinitor.wine\/\" \/>\n<meta property=\"article:modified_time\" content=\"2025-10-07T10:44:05+00:00\" \/>\n<meta property=\"og:image\" content=\"https:\/\/vinitor.wine\/wp-content\/uploads\/2025\/04\/Vila-Closa-Garnacha-Blanca.png\" \/>\n\t<meta property=\"og:image:width\" content=\"1080\" \/>\n\t<meta property=\"og:image:height\" content=\"1080\" \/>\n\t<meta property=\"og:image:type\" content=\"image\/png\" \/>\n<meta name=\"twitter:card\" content=\"summary_large_image\" \/>\n<meta name=\"twitter:label1\" content=\"Dur\u00e9e de lecture estim\u00e9e\" \/>\n\t<meta name=\"twitter:data1\" content=\"2 minutes\" \/>\n<script type=\"application\/ld+json\" class=\"yoast-schema-graph\">{\"@context\":\"https:\/\/schema.org\",\"@graph\":[{\"@type\":\"WebPage\",\"@id\":\"https:\/\/vinitor.wine\/wines\/vila-closa-garnacha-blanca-terra-alta\/\",\"url\":\"https:\/\/vinitor.wine\/wines\/vila-closa-garnacha-blanca-terra-alta\/\",\"name\":\"Vila-Closa Garnacha Blanca - VINITOR\",\"isPartOf\":{\"@id\":\"https:\/\/vinitor.wine\/#website\"},\"primaryImageOfPage\":{\"@id\":\"https:\/\/vinitor.wine\/wines\/vila-closa-garnacha-blanca-terra-alta\/#primaryimage\"},\"image\":{\"@id\":\"https:\/\/vinitor.wine\/wines\/vila-closa-garnacha-blanca-terra-alta\/#primaryimage\"},\"thumbnailUrl\":\"https:\/\/vinitor.wine\/wp-content\/uploads\/2025\/04\/Vila-Closa-Garnacha-Blanca.png\",\"datePublished\":\"2025-04-09T08:15:18+00:00\",\"dateModified\":\"2025-10-07T10:44:05+00:00\",\"description\":\"Elegant Garnacha Blanca from Terra Alta, aged on fine lees for texture and complexity, offering fresh fruit, minerality and Mediterranean charm.\",\"breadcrumb\":{\"@id\":\"https:\/\/vinitor.wine\/wines\/vila-closa-garnacha-blanca-terra-alta\/#breadcrumb\"},\"inLanguage\":\"fr-FR\",\"potentialAction\":[{\"@type\":\"ReadAction\",\"target\":[\"https:\/\/vinitor.wine\/wines\/vila-closa-garnacha-blanca-terra-alta\/\"]}]},{\"@type\":\"ImageObject\",\"inLanguage\":\"fr-FR\",\"@id\":\"https:\/\/vinitor.wine\/wines\/vila-closa-garnacha-blanca-terra-alta\/#primaryimage\",\"url\":\"https:\/\/vinitor.wine\/wp-content\/uploads\/2025\/04\/Vila-Closa-Garnacha-Blanca.png\",\"contentUrl\":\"https:\/\/vinitor.wine\/wp-content\/uploads\/2025\/04\/Vila-Closa-Garnacha-Blanca.png\",\"width\":1080,\"height\":1080,\"caption\":\"Vila-Closa Garnacha Blanca -Terra Alta\"},{\"@type\":\"BreadcrumbList\",\"@id\":\"https:\/\/vinitor.wine\/wines\/vila-closa-garnacha-blanca-terra-alta\/#breadcrumb\",\"itemListElement\":[{\"@type\":\"ListItem\",\"position\":1,\"name\":\"Home\",\"item\":\"https:\/\/vinitor.wine\/en\/\"},{\"@type\":\"ListItem\",\"position\":2,\"name\":\"Productos\",\"item\":\"https:\/\/vinitor.wine\/tienda\/\"},{\"@type\":\"ListItem\",\"position\":3,\"name\":\"Vila-Closa Garnacha Blanca\"}]},{\"@type\":\"WebSite\",\"@id\":\"https:\/\/vinitor.wine\/#website\",\"url\":\"https:\/\/vinitor.wine\/\",\"name\":\"VINITOR\",\"description\":\"Your dedicated export department for premium Spanish wines, bridging wineries in Spain with importers worldwide\",\"publisher\":{\"@id\":\"https:\/\/vinitor.wine\/#organization\"},\"potentialAction\":[{\"@type\":\"SearchAction\",\"target\":{\"@type\":\"EntryPoint\",\"urlTemplate\":\"https:\/\/vinitor.wine\/?s={search_term_string}\"},\"query-input\":\"required name=search_term_string\"}],\"inLanguage\":\"fr-FR\"},{\"@type\":\"Organization\",\"@id\":\"https:\/\/vinitor.wine\/#organization\",\"name\":\"VINITOR\",\"url\":\"https:\/\/vinitor.wine\/\",\"logo\":{\"@type\":\"ImageObject\",\"inLanguage\":\"fr-FR\",\"@id\":\"https:\/\/vinitor.wine\/#\/schema\/logo\/image\/\",\"url\":\"https:\/\/vinitor.wine\/wp-content\/uploads\/2024\/10\/cropped-Vinitor_Logo-03.png\",\"contentUrl\":\"https:\/\/vinitor.wine\/wp-content\/uploads\/2024\/10\/cropped-Vinitor_Logo-03.png\",\"width\":512,\"height\":512,\"caption\":\"VINITOR\"},\"image\":{\"@id\":\"https:\/\/vinitor.wine\/#\/schema\/logo\/image\/\"},\"sameAs\":[\"https:\/\/www.facebook.com\/vinitor.wine\/\",\"https:\/\/www.instagram.com\/vinitor.wine\/\",\"https:\/\/es.linkedin.com\/company\/vinitor\"]}]}<\/script>\n<!-- \/ Yoast SEO plugin. -->","yoast_head_json":{"title":"Vila-Closa Garnacha Blanca - VINITOR","description":"Une Garnacha Blanca \u00e9l\u00e9gante de Terra Alta, \u00e9lev\u00e9e sur lies fines pour une texture et une complexit\u00e9 accrues, offrant des fruits frais, une min\u00e9ralit\u00e9 et un charme m\u00e9diterran\u00e9en.","robots":{"index":"index","follow":"follow","max-snippet":"max-snippet:-1","max-image-preview":"max-image-preview:large","max-video-preview":"max-video-preview:-1"},"canonical":"https:\/\/vinitor.wine\/fr\/vins\/vila-closa-garnacha-blanca-terra-alta\/","og_locale":"fr_FR","og_type":"article","og_title":"Vila-Closa Garnacha Blanca - VINITOR","og_description":"Elegant Garnacha Blanca from Terra Alta, aged on fine lees for texture and complexity, offering fresh fruit, minerality and Mediterranean charm.","og_url":"https:\/\/vinitor.wine\/fr\/vins\/vila-closa-garnacha-blanca-terra-alta\/","og_site_name":"VINITOR","article_publisher":"https:\/\/www.facebook.com\/vinitor.wine\/","article_modified_time":"2025-10-07T10:44:05+00:00","og_image":[{"width":1080,"height":1080,"url":"https:\/\/vinitor.wine\/wp-content\/uploads\/2025\/04\/Vila-Closa-Garnacha-Blanca.png","type":"image\/png"}],"twitter_card":"summary_large_image","twitter_misc":{"Dur\u00e9e de lecture estim\u00e9e":"2 minutes"},"schema":{"@context":"https:\/\/schema.org","@graph":[{"@type":"WebPage","@id":"https:\/\/vinitor.wine\/wines\/vila-closa-garnacha-blanca-terra-alta\/","url":"https:\/\/vinitor.wine\/wines\/vila-closa-garnacha-blanca-terra-alta\/","name":"Vila-Closa Garnacha Blanca - VINITOR","isPartOf":{"@id":"https:\/\/vinitor.wine\/#website"},"primaryImageOfPage":{"@id":"https:\/\/vinitor.wine\/wines\/vila-closa-garnacha-blanca-terra-alta\/#primaryimage"},"image":{"@id":"https:\/\/vinitor.wine\/wines\/vila-closa-garnacha-blanca-terra-alta\/#primaryimage"},"thumbnailUrl":"https:\/\/vinitor.wine\/wp-content\/uploads\/2025\/04\/Vila-Closa-Garnacha-Blanca.png","datePublished":"2025-04-09T08:15:18+00:00","dateModified":"2025-10-07T10:44:05+00:00","description":"Une Garnacha Blanca \u00e9l\u00e9gante de Terra Alta, \u00e9lev\u00e9e sur lies fines pour une texture et une complexit\u00e9 accrues, offrant des fruits frais, une min\u00e9ralit\u00e9 et un charme m\u00e9diterran\u00e9en.","breadcrumb":{"@id":"https:\/\/vinitor.wine\/wines\/vila-closa-garnacha-blanca-terra-alta\/#breadcrumb"},"inLanguage":"fr-FR","potentialAction":[{"@type":"ReadAction","target":["https:\/\/vinitor.wine\/wines\/vila-closa-garnacha-blanca-terra-alta\/"]}]},{"@type":"ImageObject","inLanguage":"fr-FR","@id":"https:\/\/vinitor.wine\/wines\/vila-closa-garnacha-blanca-terra-alta\/#primaryimage","url":"https:\/\/vinitor.wine\/wp-content\/uploads\/2025\/04\/Vila-Closa-Garnacha-Blanca.png","contentUrl":"https:\/\/vinitor.wine\/wp-content\/uploads\/2025\/04\/Vila-Closa-Garnacha-Blanca.png","width":1080,"height":1080,"caption":"Vila-Closa Garnacha Blanca -Terra Alta"},{"@type":"BreadcrumbList","@id":"https:\/\/vinitor.wine\/wines\/vila-closa-garnacha-blanca-terra-alta\/#breadcrumb","itemListElement":[{"@type":"ListItem","position":1,"name":"Home","item":"https:\/\/vinitor.wine\/en\/"},{"@type":"ListItem","position":2,"name":"Productos","item":"https:\/\/vinitor.wine\/tienda\/"},{"@type":"ListItem","position":3,"name":"Vila-Closa Garnacha Blanca"}]},{"@type":"WebSite","@id":"https:\/\/vinitor.wine\/#website","url":"https:\/\/vinitor.wine\/","name":"VINITOR","description":"Votre d\u00e9partement export d\u00e9di\u00e9 aux vins espagnols haut de gamme, reliant les domaines viticoles en Espagne aux importateurs du monde entier","publisher":{"@id":"https:\/\/vinitor.wine\/#organization"},"potentialAction":[{"@type":"SearchAction","target":{"@type":"EntryPoint","urlTemplate":"https:\/\/vinitor.wine\/?s={search_term_string}"},"query-input":"required name=search_term_string"}],"inLanguage":"fr-FR"},{"@type":"Organization","@id":"https:\/\/vinitor.wine\/#organization","name":"VINITOR","url":"https:\/\/vinitor.wine\/","logo":{"@type":"ImageObject","inLanguage":"fr-FR","@id":"https:\/\/vinitor.wine\/#\/schema\/logo\/image\/","url":"https:\/\/vinitor.wine\/wp-content\/uploads\/2024\/10\/cropped-Vinitor_Logo-03.png","contentUrl":"https:\/\/vinitor.wine\/wp-content\/uploads\/2024\/10\/cropped-Vinitor_Logo-03.png","width":512,"height":512,"caption":"VINITOR"},"image":{"@id":"https:\/\/vinitor.wine\/#\/schema\/logo\/image\/"},"sameAs":["https:\/\/www.facebook.com\/vinitor.wine\/","https:\/\/www.instagram.com\/vinitor.wine\/","https:\/\/es.linkedin.com\/company\/vinitor"]}]}},"_links":{"self":[{"href":"https:\/\/vinitor.wine\/fr\/wp-json\/wp\/v2\/product\/1678","targetHints":{"allow":["GET"]}}],"collection":[{"href":"https:\/\/vinitor.wine\/fr\/wp-json\/wp\/v2\/product"}],"about":[{"href":"https:\/\/vinitor.wine\/fr\/wp-json\/wp\/v2\/types\/product"}],"version-history":[{"count":0,"href":"https:\/\/vinitor.wine\/fr\/wp-json\/wp\/v2\/product\/1678\/revisions"}],"wp:featuredmedia":[{"embeddable":true,"href":"https:\/\/vinitor.wine\/fr\/wp-json\/wp\/v2\/media\/1684"}],"wp:attachment":[{"href":"https:\/\/vinitor.wine\/fr\/wp-json\/wp\/v2\/media?parent=1678"}],"wp:term":[{"taxonomy":"product_brand","embeddable":true,"href":"https:\/\/vinitor.wine\/fr\/wp-json\/wp\/v2\/product_brand?post=1678"},{"taxonomy":"product_cat","embeddable":true,"href":"https:\/\/vinitor.wine\/fr\/wp-json\/wp\/v2\/product_cat?post=1678"},{"taxonomy":"product_tag","embeddable":true,"href":"https:\/\/vinitor.wine\/fr\/wp-json\/wp\/v2\/product_tag?post=1678"}],"curies":[{"name":"wp","href":"https:\/\/api.w.org\/{rel}","templated":true}]}}