{"id":1678,"date":"2025-04-09T10:15:18","date_gmt":"2025-04-09T08:15:18","guid":{"rendered":"http:\/\/vinitor.wine\/?post_type=product&#038;p=1678"},"modified":"2025-10-07T12:44:05","modified_gmt":"2025-10-07T10:44:05","slug":"vila-closa-garnacha-blanca-terra-alta","status":"publish","type":"product","link":"https:\/\/vinitor.wine\/pl\/wines\/vila-closa-garnacha-blanca-terra-alta\/","title":{"rendered":"Vila-Closa Garnacha Blanca"},"content":{"rendered":"<p data-start=\"1510\" data-end=\"1821\">Vila-Closa Garnacha Blanca uchwyca czyst\u0105 esencj\u0119 najbardziej ikonicznego bia\u0142ego szczepu Terra Alta. Nazwa nawi\u0105zuje do \u201cumocnionej wioski\u201d, historycznego serca Batea, gdzie zachowane s\u0105 wieki tradycji. Klucz i zamek na etykiecie symbolizuj\u0105 ide\u0119, \u017ce wina Vila-Closa s\u0105 bram\u0105 do duszy regionu.<\/p>\n<p data-start=\"1823\" data-end=\"2188\">To wino pochodzi z przemy\u015blanego po\u0142\u0105czenia \u017ar\u00f3de\u0142 winnic. Winogrona z m\u0142odszych krzew\u00f3w zbierane s\u0105 wcze\u015bnie, aby zachowa\u0107 \u015bwie\u017c\u0105 kwasowo\u015b\u0107 i lekko\u015b\u0107. Winogrona ze starszych winnic, z ich g\u0142\u0119bokimi systemami korzeniowymi i ni\u017cszymi plonami, zbierane s\u0105 p\u00f3\u017aniej, co dodaje ci\u0119\u017caru, bogactwa aromatycznego i z\u0142o\u017cono\u015bci. Efektem jest Garnacha Blanca, kt\u00f3ra oferuje zar\u00f3wno \u015bwie\u017co\u015b\u0107, jak i g\u0142\u0119bi\u0119.<\/p>\n<p data-start=\"2190\" data-end=\"2498\">Winnice ciesz\u0105 si\u0119 d\u0142ugimi, s\u0142onecznymi dniami i ch\u0142odnymi nocami, co wzmacnia aromat i struktur\u0119. Dodatkowo, wiatry Cierzo i Garb\u00ed pomagaj\u0105 utrzyma\u0107 zdrowe winogrona o zr\u00f3wnowa\u017conej dojrza\u0142o\u015bci. Gleby bogate w wap\u0144 i glin\u0119 nadaj\u0105 subtelny mineralny akcent, kt\u00f3ry przewija si\u0119 przez wino od pocz\u0105tku do ko\u0144ca.<\/p>\n<p data-start=\"2500\" data-end=\"2759\">Starzenie na drobnych osadach przez kilka miesi\u0119cy dodaje obj\u0119to\u015bci i delikatnej kremowo\u015bci. Ta technika wzbogaca podniebienie, nie przy\u0107miewaj\u0105c naturalnego owocu szczepu. Dlatego Vila-Closa Garnacha Blanca jest tak samo wszechstronna przy stole, jak i wyrazista sama w sobie.<\/p>\n<p data-start=\"2761\" data-end=\"3076\">To wino doskonale komponuje si\u0119 z owocami morza, \u015bwie\u017cymi sa\u0142atkami czy daniami w stylu \u015br\u00f3dziemnomorskim. Poza po\u0142\u0105czeniami kulinarnymi, oferuje obraz Terra Alta: s\u0142onecznej krainy kszta\u0142towanej przez wiatr, histori\u0119 i g\u0142\u0119boki szacunek dla winoro\u015bli. Ka\u017cdy \u0142yk odkrywa jasny, autentyczny charakter, kt\u00f3ry definiuje zar\u00f3wno szczep, jak i miejsce.<\/p>","protected":false},"excerpt":{"rendered":"<p data-start=\"3113\" data-end=\"3233\">Tam, gdzie rze\u015bkie g\u00f3rskie wiatry spotykaj\u0105 z\u0142ote \u015br\u00f3dziemnomorskie \u015bwiat\u0142o, Garnacha Blanca ukazuje elegancj\u0119 i g\u0142\u0119bi\u0119 w ka\u017cdym \u0142yku.<\/p>","protected":false},"featured_media":1684,"template":"","meta":{"_acf_changed":false,"site-sidebar-layout":"default","site-content-layout":"","ast-site-content-layout":"default","site-content-style":"default","site-sidebar-style":"default","ast-global-header-display":"","ast-banner-title-visibility":"","ast-main-header-display":"","ast-hfb-above-header-display":"","ast-hfb-below-header-display":"","ast-hfb-mobile-header-display":"","site-post-title":"","ast-breadcrumbs-content":"","ast-featured-img":"","footer-sml-layout":"","ast-disable-related-posts":"","theme-transparent-header-meta":"default","adv-header-id-meta":"","stick-header-meta":"","header-above-stick-meta":"","header-main-stick-meta":"","header-below-stick-meta":"","astra-migrate-meta-layouts":"set","ast-page-background-enabled":"default","ast-page-background-meta":{"desktop":{"background-color":"var(--ast-global-color-4)","background-image":"","background-repeat":"repeat","background-position":"center center","background-size":"auto","background-attachment":"scroll","background-type":"","background-media":"","overlay-type":"","overlay-color":"","overlay-opacity":"","overlay-gradient":""},"tablet":{"background-color":"","background-image":"","background-repeat":"repeat","background-position":"center center","background-size":"auto","background-attachment":"scroll","background-type":"","background-media":"","overlay-type":"","overlay-color":"","overlay-opacity":"","overlay-gradient":""},"mobile":{"background-color":"","background-image":"","background-repeat":"repeat","background-position":"center center","background-size":"auto","background-attachment":"scroll","background-type":"","background-media":"","overlay-type":"","overlay-color":"","overlay-opacity":"","overlay-gradient":""}},"ast-content-background-meta":{"desktop":{"background-color":"var(--ast-global-color-5)","background-image":"","background-repeat":"repeat","background-position":"center center","background-size":"auto","background-attachment":"scroll","background-type":"","background-media":"","overlay-type":"","overlay-color":"","overlay-opacity":"","overlay-gradient":""},"tablet":{"background-color":"var(--ast-global-color-5)","background-image":"","background-repeat":"repeat","background-position":"center center","background-size":"auto","background-attachment":"scroll","background-type":"","background-media":"","overlay-type":"","overlay-color":"","overlay-opacity":"","overlay-gradient":""},"mobile":{"background-color":"var(--ast-global-color-5)","background-image":"","background-repeat":"repeat","background-position":"center center","background-size":"auto","background-attachment":"scroll","background-type":"","background-media":"","overlay-type":"","overlay-color":"","overlay-opacity":"","overlay-gradient":""}}},"product_brand":[397],"product_cat":[15],"product_tag":[],"class_list":{"0":"post-1678","1":"product","2":"type-product","3":"status-publish","4":"has-post-thumbnail","6":"product_brand-celler-la-botera","7":"product_cat-sin-categoria","8":"desktop-align-left","9":"tablet-align-left","10":"mobile-align-left","12":"first","13":"outofstock","14":"shipping-taxable","15":"product-type-variable"},"acf":[],"yoast_head":"<!-- This site is optimized with the Yoast SEO plugin v22.9 - https:\/\/yoast.com\/wordpress\/plugins\/seo\/ -->\n<title>Vila-Closa Garnacha Blanca - VINITOR<\/title>\n<meta name=\"description\" content=\"Elegant Garnacha Blanca from Terra Alta, aged on fine lees for texture and complexity, offering fresh fruit, minerality and Mediterranean charm.\" \/>\n<meta name=\"robots\" content=\"index, follow, max-snippet:-1, max-image-preview:large, max-video-preview:-1\" \/>\n<link rel=\"canonical\" href=\"https:\/\/vinitor.wine\/pl\/wina\/vila-closa-garnacha-blanca-terra-alta\/\" \/>\n<meta property=\"og:locale\" content=\"pl_PL\" \/>\n<meta property=\"og:type\" content=\"article\" \/>\n<meta property=\"og:title\" content=\"Vila-Closa Garnacha Blanca - VINITOR\" \/>\n<meta property=\"og:description\" content=\"Elegant Garnacha Blanca from Terra Alta, aged on fine lees for texture and complexity, offering fresh fruit, minerality and Mediterranean charm.\" \/>\n<meta property=\"og:url\" content=\"https:\/\/vinitor.wine\/pl\/wina\/vila-closa-garnacha-blanca-terra-alta\/\" \/>\n<meta property=\"og:site_name\" content=\"VINITOR\" \/>\n<meta property=\"article:publisher\" content=\"https:\/\/www.facebook.com\/vinitor.wine\/\" \/>\n<meta property=\"article:modified_time\" content=\"2025-10-07T10:44:05+00:00\" \/>\n<meta property=\"og:image\" content=\"https:\/\/vinitor.wine\/wp-content\/uploads\/2025\/04\/Vila-Closa-Garnacha-Blanca.png\" \/>\n\t<meta property=\"og:image:width\" content=\"1080\" \/>\n\t<meta property=\"og:image:height\" content=\"1080\" \/>\n\t<meta property=\"og:image:type\" content=\"image\/png\" \/>\n<meta name=\"twitter:card\" content=\"summary_large_image\" \/>\n<meta name=\"twitter:label1\" content=\"Szacowany czas czytania\" \/>\n\t<meta name=\"twitter:data1\" content=\"2 minuty\" \/>\n<script type=\"application\/ld+json\" class=\"yoast-schema-graph\">{\"@context\":\"https:\/\/schema.org\",\"@graph\":[{\"@type\":\"WebPage\",\"@id\":\"https:\/\/vinitor.wine\/wines\/vila-closa-garnacha-blanca-terra-alta\/\",\"url\":\"https:\/\/vinitor.wine\/wines\/vila-closa-garnacha-blanca-terra-alta\/\",\"name\":\"Vila-Closa Garnacha Blanca - VINITOR\",\"isPartOf\":{\"@id\":\"https:\/\/vinitor.wine\/#website\"},\"primaryImageOfPage\":{\"@id\":\"https:\/\/vinitor.wine\/wines\/vila-closa-garnacha-blanca-terra-alta\/#primaryimage\"},\"image\":{\"@id\":\"https:\/\/vinitor.wine\/wines\/vila-closa-garnacha-blanca-terra-alta\/#primaryimage\"},\"thumbnailUrl\":\"https:\/\/vinitor.wine\/wp-content\/uploads\/2025\/04\/Vila-Closa-Garnacha-Blanca.png\",\"datePublished\":\"2025-04-09T08:15:18+00:00\",\"dateModified\":\"2025-10-07T10:44:05+00:00\",\"description\":\"Elegant Garnacha Blanca from Terra Alta, aged on fine lees for texture and complexity, offering fresh fruit, minerality and Mediterranean charm.\",\"breadcrumb\":{\"@id\":\"https:\/\/vinitor.wine\/wines\/vila-closa-garnacha-blanca-terra-alta\/#breadcrumb\"},\"inLanguage\":\"pl-PL\",\"potentialAction\":[{\"@type\":\"ReadAction\",\"target\":[\"https:\/\/vinitor.wine\/wines\/vila-closa-garnacha-blanca-terra-alta\/\"]}]},{\"@type\":\"ImageObject\",\"inLanguage\":\"pl-PL\",\"@id\":\"https:\/\/vinitor.wine\/wines\/vila-closa-garnacha-blanca-terra-alta\/#primaryimage\",\"url\":\"https:\/\/vinitor.wine\/wp-content\/uploads\/2025\/04\/Vila-Closa-Garnacha-Blanca.png\",\"contentUrl\":\"https:\/\/vinitor.wine\/wp-content\/uploads\/2025\/04\/Vila-Closa-Garnacha-Blanca.png\",\"width\":1080,\"height\":1080,\"caption\":\"Vila-Closa Garnacha Blanca -Terra Alta\"},{\"@type\":\"BreadcrumbList\",\"@id\":\"https:\/\/vinitor.wine\/wines\/vila-closa-garnacha-blanca-terra-alta\/#breadcrumb\",\"itemListElement\":[{\"@type\":\"ListItem\",\"position\":1,\"name\":\"Home\",\"item\":\"https:\/\/vinitor.wine\/en\/\"},{\"@type\":\"ListItem\",\"position\":2,\"name\":\"Productos\",\"item\":\"https:\/\/vinitor.wine\/tienda\/\"},{\"@type\":\"ListItem\",\"position\":3,\"name\":\"Vila-Closa Garnacha Blanca\"}]},{\"@type\":\"WebSite\",\"@id\":\"https:\/\/vinitor.wine\/#website\",\"url\":\"https:\/\/vinitor.wine\/\",\"name\":\"VINITOR\",\"description\":\"Your dedicated export department for premium Spanish wines, bridging wineries in Spain with importers worldwide\",\"publisher\":{\"@id\":\"https:\/\/vinitor.wine\/#organization\"},\"potentialAction\":[{\"@type\":\"SearchAction\",\"target\":{\"@type\":\"EntryPoint\",\"urlTemplate\":\"https:\/\/vinitor.wine\/?s={search_term_string}\"},\"query-input\":\"required name=search_term_string\"}],\"inLanguage\":\"pl-PL\"},{\"@type\":\"Organization\",\"@id\":\"https:\/\/vinitor.wine\/#organization\",\"name\":\"VINITOR\",\"url\":\"https:\/\/vinitor.wine\/\",\"logo\":{\"@type\":\"ImageObject\",\"inLanguage\":\"pl-PL\",\"@id\":\"https:\/\/vinitor.wine\/#\/schema\/logo\/image\/\",\"url\":\"https:\/\/vinitor.wine\/wp-content\/uploads\/2024\/10\/cropped-Vinitor_Logo-03.png\",\"contentUrl\":\"https:\/\/vinitor.wine\/wp-content\/uploads\/2024\/10\/cropped-Vinitor_Logo-03.png\",\"width\":512,\"height\":512,\"caption\":\"VINITOR\"},\"image\":{\"@id\":\"https:\/\/vinitor.wine\/#\/schema\/logo\/image\/\"},\"sameAs\":[\"https:\/\/www.facebook.com\/vinitor.wine\/\",\"https:\/\/www.instagram.com\/vinitor.wine\/\",\"https:\/\/es.linkedin.com\/company\/vinitor\"]}]}<\/script>\n<!-- \/ Yoast SEO plugin. -->","yoast_head_json":{"title":"Vila-Closa Garnacha Blanca - VINITOR","description":"Elegancka Garnacha Blanca z Terra Alta, dojrzewaj\u0105ca na drobnych osadach, co nadaje jej tekstur\u0119 i z\u0142o\u017cono\u015b\u0107, oferuj\u0105c \u015bwie\u017ce owoce, mineralno\u015b\u0107 i \u015br\u00f3dziemnomorski urok.","robots":{"index":"index","follow":"follow","max-snippet":"max-snippet:-1","max-image-preview":"max-image-preview:large","max-video-preview":"max-video-preview:-1"},"canonical":"https:\/\/vinitor.wine\/pl\/wina\/vila-closa-garnacha-blanca-terra-alta\/","og_locale":"pl_PL","og_type":"article","og_title":"Vila-Closa Garnacha Blanca - VINITOR","og_description":"Elegant Garnacha Blanca from Terra Alta, aged on fine lees for texture and complexity, offering fresh fruit, minerality and Mediterranean charm.","og_url":"https:\/\/vinitor.wine\/pl\/wina\/vila-closa-garnacha-blanca-terra-alta\/","og_site_name":"VINITOR","article_publisher":"https:\/\/www.facebook.com\/vinitor.wine\/","article_modified_time":"2025-10-07T10:44:05+00:00","og_image":[{"width":1080,"height":1080,"url":"https:\/\/vinitor.wine\/wp-content\/uploads\/2025\/04\/Vila-Closa-Garnacha-Blanca.png","type":"image\/png"}],"twitter_card":"summary_large_image","twitter_misc":{"Szacowany czas czytania":"2 minuty"},"schema":{"@context":"https:\/\/schema.org","@graph":[{"@type":"WebPage","@id":"https:\/\/vinitor.wine\/wines\/vila-closa-garnacha-blanca-terra-alta\/","url":"https:\/\/vinitor.wine\/wines\/vila-closa-garnacha-blanca-terra-alta\/","name":"Vila-Closa Garnacha Blanca - VINITOR","isPartOf":{"@id":"https:\/\/vinitor.wine\/#website"},"primaryImageOfPage":{"@id":"https:\/\/vinitor.wine\/wines\/vila-closa-garnacha-blanca-terra-alta\/#primaryimage"},"image":{"@id":"https:\/\/vinitor.wine\/wines\/vila-closa-garnacha-blanca-terra-alta\/#primaryimage"},"thumbnailUrl":"https:\/\/vinitor.wine\/wp-content\/uploads\/2025\/04\/Vila-Closa-Garnacha-Blanca.png","datePublished":"2025-04-09T08:15:18+00:00","dateModified":"2025-10-07T10:44:05+00:00","description":"Elegancka Garnacha Blanca z Terra Alta, dojrzewaj\u0105ca na drobnych osadach, co nadaje jej tekstur\u0119 i z\u0142o\u017cono\u015b\u0107, oferuj\u0105c \u015bwie\u017ce owoce, mineralno\u015b\u0107 i \u015br\u00f3dziemnomorski urok.","breadcrumb":{"@id":"https:\/\/vinitor.wine\/wines\/vila-closa-garnacha-blanca-terra-alta\/#breadcrumb"},"inLanguage":"pl-PL","potentialAction":[{"@type":"ReadAction","target":["https:\/\/vinitor.wine\/wines\/vila-closa-garnacha-blanca-terra-alta\/"]}]},{"@type":"ImageObject","inLanguage":"pl-PL","@id":"https:\/\/vinitor.wine\/wines\/vila-closa-garnacha-blanca-terra-alta\/#primaryimage","url":"https:\/\/vinitor.wine\/wp-content\/uploads\/2025\/04\/Vila-Closa-Garnacha-Blanca.png","contentUrl":"https:\/\/vinitor.wine\/wp-content\/uploads\/2025\/04\/Vila-Closa-Garnacha-Blanca.png","width":1080,"height":1080,"caption":"Vila-Closa Garnacha Blanca -Terra Alta"},{"@type":"BreadcrumbList","@id":"https:\/\/vinitor.wine\/wines\/vila-closa-garnacha-blanca-terra-alta\/#breadcrumb","itemListElement":[{"@type":"ListItem","position":1,"name":"Home","item":"https:\/\/vinitor.wine\/en\/"},{"@type":"ListItem","position":2,"name":"Productos","item":"https:\/\/vinitor.wine\/tienda\/"},{"@type":"ListItem","position":3,"name":"Vila-Closa Garnacha Blanca"}]},{"@type":"WebSite","@id":"https:\/\/vinitor.wine\/#website","url":"https:\/\/vinitor.wine\/","name":"VINITOR","description":"Tw\u00f3j dedykowany dzia\u0142 eksportu dla hiszpa\u0144skich win premium, \u0142\u0105cz\u0105cy winnice w Hiszpanii z importerami na ca\u0142ym \u015bwiecie","publisher":{"@id":"https:\/\/vinitor.wine\/#organization"},"potentialAction":[{"@type":"SearchAction","target":{"@type":"EntryPoint","urlTemplate":"https:\/\/vinitor.wine\/?s={search_term_string}"},"query-input":"required name=search_term_string"}],"inLanguage":"pl-PL"},{"@type":"Organization","@id":"https:\/\/vinitor.wine\/#organization","name":"VINITOR","url":"https:\/\/vinitor.wine\/","logo":{"@type":"ImageObject","inLanguage":"pl-PL","@id":"https:\/\/vinitor.wine\/#\/schema\/logo\/image\/","url":"https:\/\/vinitor.wine\/wp-content\/uploads\/2024\/10\/cropped-Vinitor_Logo-03.png","contentUrl":"https:\/\/vinitor.wine\/wp-content\/uploads\/2024\/10\/cropped-Vinitor_Logo-03.png","width":512,"height":512,"caption":"VINITOR"},"image":{"@id":"https:\/\/vinitor.wine\/#\/schema\/logo\/image\/"},"sameAs":["https:\/\/www.facebook.com\/vinitor.wine\/","https:\/\/www.instagram.com\/vinitor.wine\/","https:\/\/es.linkedin.com\/company\/vinitor"]}]}},"_links":{"self":[{"href":"https:\/\/vinitor.wine\/pl\/wp-json\/wp\/v2\/product\/1678","targetHints":{"allow":["GET"]}}],"collection":[{"href":"https:\/\/vinitor.wine\/pl\/wp-json\/wp\/v2\/product"}],"about":[{"href":"https:\/\/vinitor.wine\/pl\/wp-json\/wp\/v2\/types\/product"}],"version-history":[{"count":0,"href":"https:\/\/vinitor.wine\/pl\/wp-json\/wp\/v2\/product\/1678\/revisions"}],"wp:featuredmedia":[{"embeddable":true,"href":"https:\/\/vinitor.wine\/pl\/wp-json\/wp\/v2\/media\/1684"}],"wp:attachment":[{"href":"https:\/\/vinitor.wine\/pl\/wp-json\/wp\/v2\/media?parent=1678"}],"wp:term":[{"taxonomy":"product_brand","embeddable":true,"href":"https:\/\/vinitor.wine\/pl\/wp-json\/wp\/v2\/product_brand?post=1678"},{"taxonomy":"product_cat","embeddable":true,"href":"https:\/\/vinitor.wine\/pl\/wp-json\/wp\/v2\/product_cat?post=1678"},{"taxonomy":"product_tag","embeddable":true,"href":"https:\/\/vinitor.wine\/pl\/wp-json\/wp\/v2\/product_tag?post=1678"}],"curies":[{"name":"wp","href":"https:\/\/api.w.org\/{rel}","templated":true}]}}