{"id":2180,"date":"2025-05-02T12:22:05","date_gmt":"2025-05-02T10:22:05","guid":{"rendered":"https:\/\/vinitor.wine\/?post_type=product&#038;p=2180"},"modified":"2025-10-07T12:18:27","modified_gmt":"2025-10-07T10:18:27","slug":"s-amfora-mudefer-blanc-dojrzewajacy-pod-woda","status":"publish","type":"product","link":"https:\/\/vinitor.wine\/pl\/wines\/s-amfora-mudefer-blanc-underwater-aged\/","title":{"rendered":"S\u2019\u00c0mfora Mud\u00e8fer Blanc"},"content":{"rendered":"<p data-start=\"1496\" data-end=\"1908\">S\u2019\u00c0mfora Mud\u00e8fer Blanc to wyj\u0105tkowe bia\u0142e wino, kt\u00f3re \u0142\u0105czy najstarsze winnice Garnacha Blanca z Celler La Botera, kunszt dojrzewania w beczkach oraz innowacj\u0119 dojrzewania pod wod\u0105. Nale\u017cy do kolekcji Mud\u00e8fer, flagowej serii winiarni, nazwanej na cze\u015b\u0107 g\u00f3ry Mud\u00e8fer, dominuj\u0105cej nad okolicznym krajobrazem i chroni\u0105cej jedne z najcenniejszych winoro\u015bli Terra Alta.<\/p>\n<p data-start=\"1910\" data-end=\"2279\">Winogrona pochodz\u0105 ze starych krzew\u00f3w zakorzenionych w glebach \u201cpanal\u201d, skamienia\u0142ej formacji piaskowej unikalnej dla tego regionu. Na wysoko\u015bciach mi\u0119dzy 400 a 550 metr\u00f3w, otoczone lasem, te winoro\u015ble rosn\u0105 w warunkach niskich opad\u00f3w, ciep\u0142ych dni i ch\u0142odnych nocy. Po\u0142\u0105czenie klimatu i gleby skutkuje skoncentrowanymi winogronami o zr\u00f3wnowa\u017conej kwasowo\u015bci i bogatej aromatyczno\u015bci.<\/p>\n<p data-start=\"2281\" data-end=\"2560\">Po fermentacji w stali nierdzewnej, aby zachowa\u0107 \u015bwie\u017co\u015b\u0107 winogron, wino dojrzewa przez sze\u015b\u0107 do o\u015bmiu miesi\u0119cy w nowych 300-litrowych beczkach z francuskiego d\u0119bu. Kontakt z osadem w tym czasie dodaje obj\u0119to\u015bci, kremowo\u015bci i z\u0142o\u017cono\u015bci, a delikatne nuty tostowe \u0142\u0105cz\u0105 si\u0119 z dojrza\u0142ymi owocami.<\/p>\n<p data-start=\"2562\" data-end=\"2987\">Kolejny etap jego podr\u00f3\u017cy rozgrywa si\u0119 pod wod\u0105. Wino jest butelkowane w amforach o pojemno\u015bci 75 cl i zanurzane na sze\u015b\u0107 miesi\u0119cy na g\u0142\u0119boko\u015bci 20 metr\u00f3w w Morzu \u015ar\u00f3dziemnym, w pobli\u017cu Delty Ebro. Sta\u0142a temperatura, delikatny ruch i naturalne ci\u015bnienie tworz\u0105 unikalne \u015brodowisko dla powolnego, harmonijnego dojrzewania. Ten etap dodaje dodatkowej warstwy tekstury i subtelnej s\u0142onej nuty, czyni\u0105c wino naprawd\u0119 wyj\u0105tkowym.<\/p>\n<p data-start=\"2989\" data-end=\"3262\">Efektem jest Garnacha Blanca o niezwyk\u0142ej g\u0142\u0119bi aromatycznej i r\u00f3wnowadze. Cytrusy, bia\u0142e owoce i suszone kwiaty \u0142\u0105cz\u0105 si\u0119 z mineralnymi tonami i delikatnym powiewem morza. Na podniebieniu jest kremowe, a jednocze\u015bnie \u015bwie\u017ce, z d\u0142ugim finiszem, kt\u00f3ry opowiada o jego podw\u00f3jnym pochodzeniu z l\u0105du i wody.<\/p>","protected":false},"excerpt":{"rendered":"<p>Garnacha Blanca ze starych winoro\u015bli dojrzewaj\u0105ca w francuskim d\u0119bie i wyka\u0144czana pod Morzem \u015ar\u00f3dziemnym, \u0142\u0105cz\u0105ca bogactwo, \u015bwie\u017co\u015b\u0107 i subtelny morski akcent.<\/p>","protected":false},"featured_media":2186,"template":"","meta":{"_acf_changed":false,"site-sidebar-layout":"default","site-content-layout":"","ast-site-content-layout":"default","site-content-style":"default","site-sidebar-style":"default","ast-global-header-display":"","ast-banner-title-visibility":"","ast-main-header-display":"","ast-hfb-above-header-display":"","ast-hfb-below-header-display":"","ast-hfb-mobile-header-display":"","site-post-title":"","ast-breadcrumbs-content":"","ast-featured-img":"","footer-sml-layout":"","ast-disable-related-posts":"","theme-transparent-header-meta":"default","adv-header-id-meta":"","stick-header-meta":"","header-above-stick-meta":"","header-main-stick-meta":"","header-below-stick-meta":"","astra-migrate-meta-layouts":"set","ast-page-background-enabled":"default","ast-page-background-meta":{"desktop":{"background-color":"var(--ast-global-color-4)","background-image":"","background-repeat":"repeat","background-position":"center center","background-size":"auto","background-attachment":"scroll","background-type":"","background-media":"","overlay-type":"","overlay-color":"","overlay-opacity":"","overlay-gradient":""},"tablet":{"background-color":"","background-image":"","background-repeat":"repeat","background-position":"center center","background-size":"auto","background-attachment":"scroll","background-type":"","background-media":"","overlay-type":"","overlay-color":"","overlay-opacity":"","overlay-gradient":""},"mobile":{"background-color":"","background-image":"","background-repeat":"repeat","background-position":"center center","background-size":"auto","background-attachment":"scroll","background-type":"","background-media":"","overlay-type":"","overlay-color":"","overlay-opacity":"","overlay-gradient":""}},"ast-content-background-meta":{"desktop":{"background-color":"var(--ast-global-color-5)","background-image":"","background-repeat":"repeat","background-position":"center center","background-size":"auto","background-attachment":"scroll","background-type":"","background-media":"","overlay-type":"","overlay-color":"","overlay-opacity":"","overlay-gradient":""},"tablet":{"background-color":"var(--ast-global-color-5)","background-image":"","background-repeat":"repeat","background-position":"center center","background-size":"auto","background-attachment":"scroll","background-type":"","background-media":"","overlay-type":"","overlay-color":"","overlay-opacity":"","overlay-gradient":""},"mobile":{"background-color":"var(--ast-global-color-5)","background-image":"","background-repeat":"repeat","background-position":"center center","background-size":"auto","background-attachment":"scroll","background-type":"","background-media":"","overlay-type":"","overlay-color":"","overlay-opacity":"","overlay-gradient":""}}},"product_brand":[397],"product_cat":[15],"product_tag":[],"class_list":{"0":"post-2180","1":"product","2":"type-product","3":"status-publish","4":"has-post-thumbnail","6":"product_brand-celler-la-botera","7":"product_cat-sin-categoria","8":"desktop-align-left","9":"tablet-align-left","10":"mobile-align-left","12":"first","13":"outofstock","14":"shipping-taxable","15":"product-type-variable"},"acf":[],"yoast_head":"<!-- This site is optimized with the Yoast SEO plugin v22.9 - https:\/\/yoast.com\/wordpress\/plugins\/seo\/ -->\n<title>S&#039;\u00c0mfora Mud\u00e8fer Blanc - VINITOR<\/title>\n<meta name=\"description\" content=\"Old-vine Garnacha Blanca from Terra Alta, aged 6\u20138 months in French oak and six months under the Mediterranean, with creamy texture and a saline finish.\" \/>\n<meta name=\"robots\" content=\"index, follow, max-snippet:-1, max-image-preview:large, max-video-preview:-1\" \/>\n<link rel=\"canonical\" href=\"https:\/\/vinitor.wine\/pl\/wina\/s-amfora-mudefer-blanc-dojrzewajacy-pod-woda\/\" \/>\n<meta property=\"og:locale\" content=\"pl_PL\" \/>\n<meta property=\"og:type\" content=\"article\" \/>\n<meta property=\"og:title\" content=\"S&#039;\u00c0mfora Mud\u00e8fer Blanc - VINITOR\" \/>\n<meta property=\"og:description\" content=\"Old-vine Garnacha Blanca from Terra Alta, aged 6\u20138 months in French oak and six months under the Mediterranean, with creamy texture and a saline finish.\" \/>\n<meta property=\"og:url\" content=\"https:\/\/vinitor.wine\/pl\/wina\/s-amfora-mudefer-blanc-dojrzewajacy-pod-woda\/\" \/>\n<meta property=\"og:site_name\" content=\"VINITOR\" \/>\n<meta property=\"article:publisher\" content=\"https:\/\/www.facebook.com\/vinitor.wine\/\" \/>\n<meta property=\"article:modified_time\" content=\"2025-10-07T10:18:27+00:00\" \/>\n<meta property=\"og:image\" content=\"https:\/\/vinitor.wine\/wp-content\/uploads\/2025\/05\/samfora-mudefer-blanc-labotera.png\" \/>\n\t<meta property=\"og:image:width\" content=\"1080\" \/>\n\t<meta property=\"og:image:height\" content=\"1080\" \/>\n\t<meta property=\"og:image:type\" content=\"image\/png\" \/>\n<meta name=\"twitter:card\" content=\"summary_large_image\" \/>\n<meta name=\"twitter:label1\" content=\"Szacowany czas czytania\" \/>\n\t<meta name=\"twitter:data1\" content=\"2 minuty\" \/>\n<script type=\"application\/ld+json\" class=\"yoast-schema-graph\">{\"@context\":\"https:\/\/schema.org\",\"@graph\":[{\"@type\":\"WebPage\",\"@id\":\"https:\/\/vinitor.wine\/wines\/s-amfora-mudefer-blanc-underwater-aged\/\",\"url\":\"https:\/\/vinitor.wine\/wines\/s-amfora-mudefer-blanc-underwater-aged\/\",\"name\":\"S'\u00c0mfora Mud\u00e8fer Blanc - VINITOR\",\"isPartOf\":{\"@id\":\"https:\/\/vinitor.wine\/#website\"},\"primaryImageOfPage\":{\"@id\":\"https:\/\/vinitor.wine\/wines\/s-amfora-mudefer-blanc-underwater-aged\/#primaryimage\"},\"image\":{\"@id\":\"https:\/\/vinitor.wine\/wines\/s-amfora-mudefer-blanc-underwater-aged\/#primaryimage\"},\"thumbnailUrl\":\"https:\/\/vinitor.wine\/wp-content\/uploads\/2025\/05\/samfora-mudefer-blanc-labotera.png\",\"datePublished\":\"2025-05-02T10:22:05+00:00\",\"dateModified\":\"2025-10-07T10:18:27+00:00\",\"description\":\"Old-vine Garnacha Blanca from Terra Alta, aged 6\u20138 months in French oak and six months under the Mediterranean, with creamy texture and a saline finish.\",\"breadcrumb\":{\"@id\":\"https:\/\/vinitor.wine\/wines\/s-amfora-mudefer-blanc-underwater-aged\/#breadcrumb\"},\"inLanguage\":\"pl-PL\",\"potentialAction\":[{\"@type\":\"ReadAction\",\"target\":[\"https:\/\/vinitor.wine\/wines\/s-amfora-mudefer-blanc-underwater-aged\/\"]}]},{\"@type\":\"ImageObject\",\"inLanguage\":\"pl-PL\",\"@id\":\"https:\/\/vinitor.wine\/wines\/s-amfora-mudefer-blanc-underwater-aged\/#primaryimage\",\"url\":\"https:\/\/vinitor.wine\/wp-content\/uploads\/2025\/05\/samfora-mudefer-blanc-labotera.png\",\"contentUrl\":\"https:\/\/vinitor.wine\/wp-content\/uploads\/2025\/05\/samfora-mudefer-blanc-labotera.png\",\"width\":1080,\"height\":1080},{\"@type\":\"BreadcrumbList\",\"@id\":\"https:\/\/vinitor.wine\/wines\/s-amfora-mudefer-blanc-underwater-aged\/#breadcrumb\",\"itemListElement\":[{\"@type\":\"ListItem\",\"position\":1,\"name\":\"Home\",\"item\":\"https:\/\/vinitor.wine\/en\/\"},{\"@type\":\"ListItem\",\"position\":2,\"name\":\"Productos\",\"item\":\"https:\/\/vinitor.wine\/tienda\/\"},{\"@type\":\"ListItem\",\"position\":3,\"name\":\"S&#8217;\u00c0mfora Mud\u00e8fer Blanc\"}]},{\"@type\":\"WebSite\",\"@id\":\"https:\/\/vinitor.wine\/#website\",\"url\":\"https:\/\/vinitor.wine\/\",\"name\":\"VINITOR\",\"description\":\"Your dedicated export department for premium Spanish wines, bridging wineries in Spain with importers worldwide\",\"publisher\":{\"@id\":\"https:\/\/vinitor.wine\/#organization\"},\"potentialAction\":[{\"@type\":\"SearchAction\",\"target\":{\"@type\":\"EntryPoint\",\"urlTemplate\":\"https:\/\/vinitor.wine\/?s={search_term_string}\"},\"query-input\":\"required name=search_term_string\"}],\"inLanguage\":\"pl-PL\"},{\"@type\":\"Organization\",\"@id\":\"https:\/\/vinitor.wine\/#organization\",\"name\":\"VINITOR\",\"url\":\"https:\/\/vinitor.wine\/\",\"logo\":{\"@type\":\"ImageObject\",\"inLanguage\":\"pl-PL\",\"@id\":\"https:\/\/vinitor.wine\/#\/schema\/logo\/image\/\",\"url\":\"https:\/\/vinitor.wine\/wp-content\/uploads\/2024\/10\/cropped-Vinitor_Logo-03.png\",\"contentUrl\":\"https:\/\/vinitor.wine\/wp-content\/uploads\/2024\/10\/cropped-Vinitor_Logo-03.png\",\"width\":512,\"height\":512,\"caption\":\"VINITOR\"},\"image\":{\"@id\":\"https:\/\/vinitor.wine\/#\/schema\/logo\/image\/\"},\"sameAs\":[\"https:\/\/www.facebook.com\/vinitor.wine\/\",\"https:\/\/www.instagram.com\/vinitor.wine\/\",\"https:\/\/es.linkedin.com\/company\/vinitor\"]}]}<\/script>\n<!-- \/ Yoast SEO plugin. -->","yoast_head_json":{"title":"S'\u00c0mfora Mud\u00e8fer Blanc - VINITOR","description":"Garnacha Blanca ze starych krzew\u00f3w z Terra Alta, dojrzewaj\u0105ca 6\u20138 miesi\u0119cy w d\u0119bie francuskim i sze\u015b\u0107 miesi\u0119cy pod Morzem \u015ar\u00f3dziemnym, z kremow\u0105 tekstur\u0105 i s\u0142onym finiszem.","robots":{"index":"index","follow":"follow","max-snippet":"max-snippet:-1","max-image-preview":"max-image-preview:large","max-video-preview":"max-video-preview:-1"},"canonical":"https:\/\/vinitor.wine\/pl\/wina\/s-amfora-mudefer-blanc-dojrzewajacy-pod-woda\/","og_locale":"pl_PL","og_type":"article","og_title":"S'\u00c0mfora Mud\u00e8fer Blanc - VINITOR","og_description":"Old-vine Garnacha Blanca from Terra Alta, aged 6\u20138 months in French oak and six months under the Mediterranean, with creamy texture and a saline finish.","og_url":"https:\/\/vinitor.wine\/pl\/wina\/s-amfora-mudefer-blanc-dojrzewajacy-pod-woda\/","og_site_name":"VINITOR","article_publisher":"https:\/\/www.facebook.com\/vinitor.wine\/","article_modified_time":"2025-10-07T10:18:27+00:00","og_image":[{"width":1080,"height":1080,"url":"https:\/\/vinitor.wine\/wp-content\/uploads\/2025\/05\/samfora-mudefer-blanc-labotera.png","type":"image\/png"}],"twitter_card":"summary_large_image","twitter_misc":{"Szacowany czas czytania":"2 minuty"},"schema":{"@context":"https:\/\/schema.org","@graph":[{"@type":"WebPage","@id":"https:\/\/vinitor.wine\/wines\/s-amfora-mudefer-blanc-underwater-aged\/","url":"https:\/\/vinitor.wine\/wines\/s-amfora-mudefer-blanc-underwater-aged\/","name":"S'\u00c0mfora Mud\u00e8fer Blanc - VINITOR","isPartOf":{"@id":"https:\/\/vinitor.wine\/#website"},"primaryImageOfPage":{"@id":"https:\/\/vinitor.wine\/wines\/s-amfora-mudefer-blanc-underwater-aged\/#primaryimage"},"image":{"@id":"https:\/\/vinitor.wine\/wines\/s-amfora-mudefer-blanc-underwater-aged\/#primaryimage"},"thumbnailUrl":"https:\/\/vinitor.wine\/wp-content\/uploads\/2025\/05\/samfora-mudefer-blanc-labotera.png","datePublished":"2025-05-02T10:22:05+00:00","dateModified":"2025-10-07T10:18:27+00:00","description":"Garnacha Blanca ze starych krzew\u00f3w z Terra Alta, dojrzewaj\u0105ca 6\u20138 miesi\u0119cy w d\u0119bie francuskim i sze\u015b\u0107 miesi\u0119cy pod Morzem \u015ar\u00f3dziemnym, z kremow\u0105 tekstur\u0105 i s\u0142onym finiszem.","breadcrumb":{"@id":"https:\/\/vinitor.wine\/wines\/s-amfora-mudefer-blanc-underwater-aged\/#breadcrumb"},"inLanguage":"pl-PL","potentialAction":[{"@type":"ReadAction","target":["https:\/\/vinitor.wine\/wines\/s-amfora-mudefer-blanc-underwater-aged\/"]}]},{"@type":"ImageObject","inLanguage":"pl-PL","@id":"https:\/\/vinitor.wine\/wines\/s-amfora-mudefer-blanc-underwater-aged\/#primaryimage","url":"https:\/\/vinitor.wine\/wp-content\/uploads\/2025\/05\/samfora-mudefer-blanc-labotera.png","contentUrl":"https:\/\/vinitor.wine\/wp-content\/uploads\/2025\/05\/samfora-mudefer-blanc-labotera.png","width":1080,"height":1080},{"@type":"BreadcrumbList","@id":"https:\/\/vinitor.wine\/wines\/s-amfora-mudefer-blanc-underwater-aged\/#breadcrumb","itemListElement":[{"@type":"ListItem","position":1,"name":"Home","item":"https:\/\/vinitor.wine\/en\/"},{"@type":"ListItem","position":2,"name":"Productos","item":"https:\/\/vinitor.wine\/tienda\/"},{"@type":"ListItem","position":3,"name":"S&#8217;\u00c0mfora Mud\u00e8fer Blanc"}]},{"@type":"WebSite","@id":"https:\/\/vinitor.wine\/#website","url":"https:\/\/vinitor.wine\/","name":"VINITOR","description":"Tw\u00f3j dedykowany dzia\u0142 eksportu dla hiszpa\u0144skich win premium, \u0142\u0105cz\u0105cy winnice w Hiszpanii z importerami na ca\u0142ym \u015bwiecie","publisher":{"@id":"https:\/\/vinitor.wine\/#organization"},"potentialAction":[{"@type":"SearchAction","target":{"@type":"EntryPoint","urlTemplate":"https:\/\/vinitor.wine\/?s={search_term_string}"},"query-input":"required name=search_term_string"}],"inLanguage":"pl-PL"},{"@type":"Organization","@id":"https:\/\/vinitor.wine\/#organization","name":"VINITOR","url":"https:\/\/vinitor.wine\/","logo":{"@type":"ImageObject","inLanguage":"pl-PL","@id":"https:\/\/vinitor.wine\/#\/schema\/logo\/image\/","url":"https:\/\/vinitor.wine\/wp-content\/uploads\/2024\/10\/cropped-Vinitor_Logo-03.png","contentUrl":"https:\/\/vinitor.wine\/wp-content\/uploads\/2024\/10\/cropped-Vinitor_Logo-03.png","width":512,"height":512,"caption":"VINITOR"},"image":{"@id":"https:\/\/vinitor.wine\/#\/schema\/logo\/image\/"},"sameAs":["https:\/\/www.facebook.com\/vinitor.wine\/","https:\/\/www.instagram.com\/vinitor.wine\/","https:\/\/es.linkedin.com\/company\/vinitor"]}]}},"_links":{"self":[{"href":"https:\/\/vinitor.wine\/pl\/wp-json\/wp\/v2\/product\/2180","targetHints":{"allow":["GET"]}}],"collection":[{"href":"https:\/\/vinitor.wine\/pl\/wp-json\/wp\/v2\/product"}],"about":[{"href":"https:\/\/vinitor.wine\/pl\/wp-json\/wp\/v2\/types\/product"}],"version-history":[{"count":0,"href":"https:\/\/vinitor.wine\/pl\/wp-json\/wp\/v2\/product\/2180\/revisions"}],"wp:featuredmedia":[{"embeddable":true,"href":"https:\/\/vinitor.wine\/pl\/wp-json\/wp\/v2\/media\/2186"}],"wp:attachment":[{"href":"https:\/\/vinitor.wine\/pl\/wp-json\/wp\/v2\/media?parent=2180"}],"wp:term":[{"taxonomy":"product_brand","embeddable":true,"href":"https:\/\/vinitor.wine\/pl\/wp-json\/wp\/v2\/product_brand?post=2180"},{"taxonomy":"product_cat","embeddable":true,"href":"https:\/\/vinitor.wine\/pl\/wp-json\/wp\/v2\/product_cat?post=2180"},{"taxonomy":"product_tag","embeddable":true,"href":"https:\/\/vinitor.wine\/pl\/wp-json\/wp\/v2\/product_tag?post=2180"}],"curies":[{"name":"wp","href":"https:\/\/api.w.org\/{rel}","templated":true}]}}