{"id":2315,"date":"2025-05-05T19:36:46","date_gmt":"2025-05-05T17:36:46","guid":{"rendered":"https:\/\/vinitor.wine\/?post_type=product&#038;p=2315"},"modified":"2026-02-23T12:30:32","modified_gmt":"2026-02-23T11:30:32","slug":"maria-ganxa-carinena-montsant","status":"publish","type":"product","link":"https:\/\/vinitor.wine\/pt\/wines\/maria-ganxa-carinena-montsant\/","title":{"rendered":"Mar\u00eda Ganxa"},"content":{"rendered":"<p>Mar\u00eda Ganxa \u00e9 mais do que um vinho, \u00e9 uma figura m\u00edtica do imagin\u00e1rio popular de Falset. Nas hist\u00f3rias locais transmitidas de gera\u00e7\u00e3o em gera\u00e7\u00e3o, a bruxa Mar\u00eda Ganxa vivia em po\u00e7os ou lagoas, surgindo para levar crian\u00e7as desobedientes. Esta lenda sombria foi reimaginada aqui como um s\u00edmbolo de liberdade, frescor e autenticidade.<br data-start=\"1432\" data-end=\"1435\" \/>O nome n\u00e3o \u00e9 por acaso. \u201cGanxa\u201d vem do catal\u00e3o <em data-start=\"1491\" data-end=\"1501\">enganxar<\/em>, que significa \u201ccapturar\u201d, e \u00e9 exatamente isso que este vinho faz. Ao prov\u00e1-lo, ele te captura. N\u00e3o apenas por seu car\u00e1ter vibrante e express\u00e3o arom\u00e1tica, mas tamb\u00e9m pela honestidade com que \u00e9 feito.<br data-start=\"1721\" data-end=\"1724\" \/>A Cari\u00f1ena \u00e9 uma uva conhecida por seu poder e taninos firmes, muitas vezes necessitando de tempo em barrica ou garrafa para amaciar. A Celler Pascona adota uma abordagem diferente com Mar\u00eda Ganxa, mostrando a variedade em sua forma mais fresca e direta. O resultado \u00e9 um tinto jovem que se assemelha a uma lufada de ar puro em uma regi\u00e3o de clima quente. Sua acidez pronunciada, perfil floral e frutado, e textura fluida o colocam surpreendentemente pr\u00f3ximo do que poderia ser considerado um vinho de clima frio.<br data-start=\"2189\" data-end=\"2192\" \/>O mais not\u00e1vel \u00e9 que essa frescura n\u00e3o vem de vinhas jovens, mas de vinhedos em ta\u00e7a com mais de seis d\u00e9cadas. Estas vinhas maduras t\u00eam ra\u00edzes profundas que traduzem o territ\u00f3rio com complexidade e autenticidade, mas ainda assim entregam um vinho cheio de leveza e energia.<br data-start=\"2491\" data-end=\"2494\" \/>O r\u00f3tulo diz claramente: uma figura feminina sem roupas, sem adornos, sem maquiagem. Representa o vinho exatamente como ele \u00e9. Sem carvalho, sem disfarces, apenas Cari\u00f1ena em sua forma mais pura, fresca e livre. Mar\u00eda Ganxa \u00e9 perfeita para quem busca tintos com energia e transpar\u00eancia, combinando lindamente com pratos de arroz, charcutaria, carnes grelhadas, ou simplesmente como um vinho para desfrutar quando n\u00e3o se quer nada escondido. Como seu nome, deixa uma impress\u00e3o duradoura.<\/p>","protected":false},"excerpt":{"rendered":"<p>Uma Cari\u00f1ena vibrante de vinhas velhas de Montsant, feita sem carvalho para capturar frescor, energia e pura express\u00e3o varietal.<\/p>","protected":false},"featured_media":2321,"template":"","meta":{"_acf_changed":false,"site-sidebar-layout":"default","site-content-layout":"","ast-site-content-layout":"default","site-content-style":"default","site-sidebar-style":"default","ast-global-header-display":"","ast-banner-title-visibility":"","ast-main-header-display":"","ast-hfb-above-header-display":"","ast-hfb-below-header-display":"","ast-hfb-mobile-header-display":"","site-post-title":"","ast-breadcrumbs-content":"","ast-featured-img":"","footer-sml-layout":"","ast-disable-related-posts":"","theme-transparent-header-meta":"default","adv-header-id-meta":"","stick-header-meta":"","header-above-stick-meta":"","header-main-stick-meta":"","header-below-stick-meta":"","astra-migrate-meta-layouts":"set","ast-page-background-enabled":"default","ast-page-background-meta":{"desktop":{"background-color":"var(--ast-global-color-4)","background-image":"","background-repeat":"repeat","background-position":"center center","background-size":"auto","background-attachment":"scroll","background-type":"","background-media":"","overlay-type":"","overlay-color":"","overlay-opacity":"","overlay-gradient":""},"tablet":{"background-color":"","background-image":"","background-repeat":"repeat","background-position":"center center","background-size":"auto","background-attachment":"scroll","background-type":"","background-media":"","overlay-type":"","overlay-color":"","overlay-opacity":"","overlay-gradient":""},"mobile":{"background-color":"","background-image":"","background-repeat":"repeat","background-position":"center center","background-size":"auto","background-attachment":"scroll","background-type":"","background-media":"","overlay-type":"","overlay-color":"","overlay-opacity":"","overlay-gradient":""}},"ast-content-background-meta":{"desktop":{"background-color":"var(--ast-global-color-5)","background-image":"","background-repeat":"repeat","background-position":"center center","background-size":"auto","background-attachment":"scroll","background-type":"","background-media":"","overlay-type":"","overlay-color":"","overlay-opacity":"","overlay-gradient":""},"tablet":{"background-color":"var(--ast-global-color-5)","background-image":"","background-repeat":"repeat","background-position":"center center","background-size":"auto","background-attachment":"scroll","background-type":"","background-media":"","overlay-type":"","overlay-color":"","overlay-opacity":"","overlay-gradient":""},"mobile":{"background-color":"var(--ast-global-color-5)","background-image":"","background-repeat":"repeat","background-position":"center center","background-size":"auto","background-attachment":"scroll","background-type":"","background-media":"","overlay-type":"","overlay-color":"","overlay-opacity":"","overlay-gradient":""}}},"product_brand":[400],"product_cat":[15],"product_tag":[],"class_list":{"0":"post-2315","1":"product","2":"type-product","3":"status-publish","4":"has-post-thumbnail","6":"product_brand-celler-pascona-montsant","7":"product_cat-sin-categoria","8":"desktop-align-left","9":"tablet-align-left","10":"mobile-align-left","12":"first","13":"instock","14":"shipping-taxable","15":"product-type-simple"},"acf":[],"yoast_head":"<!-- This site is optimized with the Yoast SEO plugin v22.9 - https:\/\/yoast.com\/wordpress\/plugins\/seo\/ -->\n<title>Mar\u00eda Ganxa - VINITOR<\/title>\n<meta name=\"description\" content=\"Mar\u00eda Ganxa is an old-vine Cari\u00f1ena from Montsant, unoaked to showcase freshness, energy, and pure varietal expression with vibrant character.\" \/>\n<meta name=\"robots\" content=\"index, follow, max-snippet:-1, max-image-preview:large, max-video-preview:-1\" \/>\n<link rel=\"canonical\" href=\"https:\/\/vinitor.wine\/pt\/vinhos\/maria-ganxa-carinena-montsant\/\" \/>\n<meta property=\"og:locale\" content=\"pt_PT\" \/>\n<meta property=\"og:type\" content=\"article\" \/>\n<meta property=\"og:title\" content=\"Mar\u00eda Ganxa - VINITOR\" \/>\n<meta property=\"og:description\" content=\"Mar\u00eda Ganxa is an old-vine Cari\u00f1ena from Montsant, unoaked to showcase freshness, energy, and pure varietal expression with vibrant character.\" \/>\n<meta property=\"og:url\" content=\"https:\/\/vinitor.wine\/pt\/vinhos\/maria-ganxa-carinena-montsant\/\" \/>\n<meta property=\"og:site_name\" content=\"VINITOR\" \/>\n<meta property=\"article:publisher\" content=\"https:\/\/www.facebook.com\/vinitor.wine\/\" \/>\n<meta property=\"article:modified_time\" content=\"2026-02-23T11:30:32+00:00\" \/>\n<meta property=\"og:image\" content=\"https:\/\/vinitor.wine\/wp-content\/uploads\/2025\/05\/VINO-MARIA-GANXA.png\" \/>\n\t<meta property=\"og:image:width\" content=\"1080\" \/>\n\t<meta property=\"og:image:height\" content=\"1080\" \/>\n\t<meta property=\"og:image:type\" content=\"image\/png\" \/>\n<meta name=\"twitter:card\" content=\"summary_large_image\" \/>\n<meta name=\"twitter:label1\" content=\"Tempo estimado de leitura\" \/>\n\t<meta name=\"twitter:data1\" content=\"2 minutos\" \/>\n<script type=\"application\/ld+json\" class=\"yoast-schema-graph\">{\"@context\":\"https:\/\/schema.org\",\"@graph\":[{\"@type\":\"WebPage\",\"@id\":\"https:\/\/vinitor.wine\/wines\/maria-ganxa-carinena-montsant\/\",\"url\":\"https:\/\/vinitor.wine\/wines\/maria-ganxa-carinena-montsant\/\",\"name\":\"Mar\u00eda Ganxa - VINITOR\",\"isPartOf\":{\"@id\":\"https:\/\/vinitor.wine\/#website\"},\"primaryImageOfPage\":{\"@id\":\"https:\/\/vinitor.wine\/wines\/maria-ganxa-carinena-montsant\/#primaryimage\"},\"image\":{\"@id\":\"https:\/\/vinitor.wine\/wines\/maria-ganxa-carinena-montsant\/#primaryimage\"},\"thumbnailUrl\":\"https:\/\/vinitor.wine\/wp-content\/uploads\/2025\/05\/VINO-MARIA-GANXA.png\",\"datePublished\":\"2025-05-05T17:36:46+00:00\",\"dateModified\":\"2026-02-23T11:30:32+00:00\",\"description\":\"Mar\u00eda Ganxa is an old-vine Cari\u00f1ena from Montsant, unoaked to showcase freshness, energy, and pure varietal expression with vibrant character.\",\"breadcrumb\":{\"@id\":\"https:\/\/vinitor.wine\/wines\/maria-ganxa-carinena-montsant\/#breadcrumb\"},\"inLanguage\":\"pt-PT\",\"potentialAction\":[{\"@type\":\"ReadAction\",\"target\":[\"https:\/\/vinitor.wine\/wines\/maria-ganxa-carinena-montsant\/\"]}]},{\"@type\":\"ImageObject\",\"inLanguage\":\"pt-PT\",\"@id\":\"https:\/\/vinitor.wine\/wines\/maria-ganxa-carinena-montsant\/#primaryimage\",\"url\":\"https:\/\/vinitor.wine\/wp-content\/uploads\/2025\/05\/VINO-MARIA-GANXA.png\",\"contentUrl\":\"https:\/\/vinitor.wine\/wp-content\/uploads\/2025\/05\/VINO-MARIA-GANXA.png\",\"width\":1080,\"height\":1080},{\"@type\":\"BreadcrumbList\",\"@id\":\"https:\/\/vinitor.wine\/wines\/maria-ganxa-carinena-montsant\/#breadcrumb\",\"itemListElement\":[{\"@type\":\"ListItem\",\"position\":1,\"name\":\"Home\",\"item\":\"https:\/\/vinitor.wine\/en\/\"},{\"@type\":\"ListItem\",\"position\":2,\"name\":\"Productos\",\"item\":\"https:\/\/vinitor.wine\/tienda\/\"},{\"@type\":\"ListItem\",\"position\":3,\"name\":\"Mar\u00eda Ganxa\"}]},{\"@type\":\"WebSite\",\"@id\":\"https:\/\/vinitor.wine\/#website\",\"url\":\"https:\/\/vinitor.wine\/\",\"name\":\"VINITOR\",\"description\":\"Your dedicated export department for premium Spanish wines, bridging wineries in Spain with importers worldwide\",\"publisher\":{\"@id\":\"https:\/\/vinitor.wine\/#organization\"},\"potentialAction\":[{\"@type\":\"SearchAction\",\"target\":{\"@type\":\"EntryPoint\",\"urlTemplate\":\"https:\/\/vinitor.wine\/?s={search_term_string}\"},\"query-input\":\"required name=search_term_string\"}],\"inLanguage\":\"pt-PT\"},{\"@type\":\"Organization\",\"@id\":\"https:\/\/vinitor.wine\/#organization\",\"name\":\"VINITOR\",\"url\":\"https:\/\/vinitor.wine\/\",\"logo\":{\"@type\":\"ImageObject\",\"inLanguage\":\"pt-PT\",\"@id\":\"https:\/\/vinitor.wine\/#\/schema\/logo\/image\/\",\"url\":\"https:\/\/vinitor.wine\/wp-content\/uploads\/2024\/10\/cropped-Vinitor_Logo-03.png\",\"contentUrl\":\"https:\/\/vinitor.wine\/wp-content\/uploads\/2024\/10\/cropped-Vinitor_Logo-03.png\",\"width\":512,\"height\":512,\"caption\":\"VINITOR\"},\"image\":{\"@id\":\"https:\/\/vinitor.wine\/#\/schema\/logo\/image\/\"},\"sameAs\":[\"https:\/\/www.facebook.com\/vinitor.wine\/\",\"https:\/\/www.instagram.com\/vinitor.wine\/\",\"https:\/\/es.linkedin.com\/company\/vinitor\"]}]}<\/script>\n<!-- \/ Yoast SEO plugin. -->","yoast_head_json":{"title":"Mar\u00eda Ganxa - VINITOR","description":"Mar\u00eda Ganxa \u00e9 um Cari\u00f1ena de vinhas velhas de Montsant, sem passagem por madeira, destacando-se pela frescura, energia e express\u00e3o pura da casta, com um car\u00e1ter vibrante.","robots":{"index":"index","follow":"follow","max-snippet":"max-snippet:-1","max-image-preview":"max-image-preview:large","max-video-preview":"max-video-preview:-1"},"canonical":"https:\/\/vinitor.wine\/pt\/vinhos\/maria-ganxa-carinena-montsant\/","og_locale":"pt_PT","og_type":"article","og_title":"Mar\u00eda Ganxa - VINITOR","og_description":"Mar\u00eda Ganxa is an old-vine Cari\u00f1ena from Montsant, unoaked to showcase freshness, energy, and pure varietal expression with vibrant character.","og_url":"https:\/\/vinitor.wine\/pt\/vinhos\/maria-ganxa-carinena-montsant\/","og_site_name":"VINITOR","article_publisher":"https:\/\/www.facebook.com\/vinitor.wine\/","article_modified_time":"2026-02-23T11:30:32+00:00","og_image":[{"width":1080,"height":1080,"url":"https:\/\/vinitor.wine\/wp-content\/uploads\/2025\/05\/VINO-MARIA-GANXA.png","type":"image\/png"}],"twitter_card":"summary_large_image","twitter_misc":{"Tempo estimado de leitura":"2 minutos"},"schema":{"@context":"https:\/\/schema.org","@graph":[{"@type":"WebPage","@id":"https:\/\/vinitor.wine\/wines\/maria-ganxa-carinena-montsant\/","url":"https:\/\/vinitor.wine\/wines\/maria-ganxa-carinena-montsant\/","name":"Mar\u00eda Ganxa - VINITOR","isPartOf":{"@id":"https:\/\/vinitor.wine\/#website"},"primaryImageOfPage":{"@id":"https:\/\/vinitor.wine\/wines\/maria-ganxa-carinena-montsant\/#primaryimage"},"image":{"@id":"https:\/\/vinitor.wine\/wines\/maria-ganxa-carinena-montsant\/#primaryimage"},"thumbnailUrl":"https:\/\/vinitor.wine\/wp-content\/uploads\/2025\/05\/VINO-MARIA-GANXA.png","datePublished":"2025-05-05T17:36:46+00:00","dateModified":"2026-02-23T11:30:32+00:00","description":"Mar\u00eda Ganxa \u00e9 um Cari\u00f1ena de vinhas velhas de Montsant, sem passagem por madeira, destacando-se pela frescura, energia e express\u00e3o pura da casta, com um car\u00e1ter vibrante.","breadcrumb":{"@id":"https:\/\/vinitor.wine\/wines\/maria-ganxa-carinena-montsant\/#breadcrumb"},"inLanguage":"pt-PT","potentialAction":[{"@type":"ReadAction","target":["https:\/\/vinitor.wine\/wines\/maria-ganxa-carinena-montsant\/"]}]},{"@type":"ImageObject","inLanguage":"pt-PT","@id":"https:\/\/vinitor.wine\/wines\/maria-ganxa-carinena-montsant\/#primaryimage","url":"https:\/\/vinitor.wine\/wp-content\/uploads\/2025\/05\/VINO-MARIA-GANXA.png","contentUrl":"https:\/\/vinitor.wine\/wp-content\/uploads\/2025\/05\/VINO-MARIA-GANXA.png","width":1080,"height":1080},{"@type":"BreadcrumbList","@id":"https:\/\/vinitor.wine\/wines\/maria-ganxa-carinena-montsant\/#breadcrumb","itemListElement":[{"@type":"ListItem","position":1,"name":"Home","item":"https:\/\/vinitor.wine\/en\/"},{"@type":"ListItem","position":2,"name":"Productos","item":"https:\/\/vinitor.wine\/tienda\/"},{"@type":"ListItem","position":3,"name":"Mar\u00eda Ganxa"}]},{"@type":"WebSite","@id":"https:\/\/vinitor.wine\/#website","url":"https:\/\/vinitor.wine\/","name":"VINITOR","description":"Seu departamento de exporta\u00e7\u00e3o dedicado a vinhos espanh\u00f3is premium, conectando vin\u00edcolas na Espanha com importadores em todo o mundo","publisher":{"@id":"https:\/\/vinitor.wine\/#organization"},"potentialAction":[{"@type":"SearchAction","target":{"@type":"EntryPoint","urlTemplate":"https:\/\/vinitor.wine\/?s={search_term_string}"},"query-input":"required name=search_term_string"}],"inLanguage":"pt-PT"},{"@type":"Organization","@id":"https:\/\/vinitor.wine\/#organization","name":"VINITOR","url":"https:\/\/vinitor.wine\/","logo":{"@type":"ImageObject","inLanguage":"pt-PT","@id":"https:\/\/vinitor.wine\/#\/schema\/logo\/image\/","url":"https:\/\/vinitor.wine\/wp-content\/uploads\/2024\/10\/cropped-Vinitor_Logo-03.png","contentUrl":"https:\/\/vinitor.wine\/wp-content\/uploads\/2024\/10\/cropped-Vinitor_Logo-03.png","width":512,"height":512,"caption":"VINITOR"},"image":{"@id":"https:\/\/vinitor.wine\/#\/schema\/logo\/image\/"},"sameAs":["https:\/\/www.facebook.com\/vinitor.wine\/","https:\/\/www.instagram.com\/vinitor.wine\/","https:\/\/es.linkedin.com\/company\/vinitor"]}]}},"_links":{"self":[{"href":"https:\/\/vinitor.wine\/pt\/wp-json\/wp\/v2\/product\/2315","targetHints":{"allow":["GET"]}}],"collection":[{"href":"https:\/\/vinitor.wine\/pt\/wp-json\/wp\/v2\/product"}],"about":[{"href":"https:\/\/vinitor.wine\/pt\/wp-json\/wp\/v2\/types\/product"}],"version-history":[{"count":2,"href":"https:\/\/vinitor.wine\/pt\/wp-json\/wp\/v2\/product\/2315\/revisions"}],"predecessor-version":[{"id":5377,"href":"https:\/\/vinitor.wine\/pt\/wp-json\/wp\/v2\/product\/2315\/revisions\/5377"}],"wp:featuredmedia":[{"embeddable":true,"href":"https:\/\/vinitor.wine\/pt\/wp-json\/wp\/v2\/media\/2321"}],"wp:attachment":[{"href":"https:\/\/vinitor.wine\/pt\/wp-json\/wp\/v2\/media?parent=2315"}],"wp:term":[{"taxonomy":"product_brand","embeddable":true,"href":"https:\/\/vinitor.wine\/pt\/wp-json\/wp\/v2\/product_brand?post=2315"},{"taxonomy":"product_cat","embeddable":true,"href":"https:\/\/vinitor.wine\/pt\/wp-json\/wp\/v2\/product_cat?post=2315"},{"taxonomy":"product_tag","embeddable":true,"href":"https:\/\/vinitor.wine\/pt\/wp-json\/wp\/v2\/product_tag?post=2315"}],"curies":[{"name":"wp","href":"https:\/\/api.w.org\/{rel}","templated":true}]}}