{"id":3974,"date":"2025-05-06T14:50:13","date_gmt":"2025-05-06T12:50:13","guid":{"rendered":"https:\/\/vinitor.wine\/?post_type=product&#038;p=3974"},"modified":"2025-10-07T11:50:12","modified_gmt":"2025-10-07T09:50:12","slug":"3-pueblos-verdejo","status":"publish","type":"product","link":"https:\/\/vinitor.wine\/pt\/wines\/3-pueblos-verdejo\/","title":{"rendered":"3 Pueblos Verdejo"},"content":{"rendered":"<p data-start=\"1240\" data-end=\"1695\">O 3 Pueblos Verdejo captura a ess\u00eancia de Rueda, a regi\u00e3o mais emblem\u00e1tica da Espanha para esta uva. As vinhas, com mais de duas d\u00e9cadas, prosperam a mais de 800 metros acima do n\u00edvel do mar, onde os dias quentes de ver\u00e3o contrastam com noites frescas. Essa varia\u00e7\u00e3o t\u00e9rmica preserva a acidez e promove a complexidade arom\u00e1tica. Os solos arenosos e calc\u00e1rios oferecem o equil\u00edbrio perfeito entre frescor e estrutura, conferindo \u00e0 uva Verdejo sua personalidade distinta.<\/p>\n<p data-start=\"1697\" data-end=\"2033\">O nome \u201c3 Pueblos\u201d homenageia as origens do projeto, que une viticultores de tr\u00eas vilarejos diferentes sob a mesma filosofia: honrar as variedades nativas atrav\u00e9s da viticultura org\u00e2nica e da vinifica\u00e7\u00e3o cuidadosa. Representa a for\u00e7a da comunidade e a ideia de que a qualidade \u00e9 constru\u00edda coletivamente, em harmonia com a terra.<\/p>\n<p data-start=\"2035\" data-end=\"2462\">Na adega, o processo \u00e9 delicado e preciso. As uvas s\u00e3o colhidas no auge, depois resfriadas antes da fermenta\u00e7\u00e3o para preservar o m\u00e1ximo potencial arom\u00e1tico. Fermentando a 13\u00b0C controlados, mant\u00e9m-se a express\u00e3o v\u00edvida de frutas e ervas. Ap\u00f3s a fermenta\u00e7\u00e3o, o vinho repousa sobre suas borras finas, enriquecendo naturalmente a textura e o comprimento. O resultado \u00e9 um vinho que respeita a tradi\u00e7\u00e3o, mas tamb\u00e9m fala com clareza e modernidade.<\/p>\n<p data-start=\"2464\" data-end=\"2908\">O Rueda Verdejo \u00e9 conhecido por seu frescor vibrante e seu toque amargo sutil, e esta cuv\u00e9e captura ambos com precis\u00e3o. N\u00e3o \u00e9 apenas um vinho de aperitivo, mas tamb\u00e9m vers\u00e1til com alimentos, desde frutos do mar frescos e mariscos at\u00e9 refei\u00e7\u00f5es longas onde sua vivacidade desperta o paladar. O 3 Pueblos Verdejo \u00e9 mais do que um vinho branco, \u00e9 a voz de uma regi\u00e3o, o trabalho coletivo de seu povo e uma express\u00e3o clara de uma das variedades mais ic\u00f4nicas da Espanha.<\/p>","protected":false},"excerpt":{"rendered":"<p data-start=\"2934\" data-end=\"3075\">Um Verdejo puro e expressivo de Rueda, que combina frescor, intensidade arom\u00e1tica e o amargor caracter\u00edstico que define a regi\u00e3o.<\/p>\n<h3 data-start=\"3077\" data-end=\"3091\"><\/h3>","protected":false},"featured_media":3975,"template":"","meta":{"_acf_changed":false,"site-sidebar-layout":"default","site-content-layout":"","ast-site-content-layout":"default","site-content-style":"default","site-sidebar-style":"default","ast-global-header-display":"","ast-banner-title-visibility":"","ast-main-header-display":"","ast-hfb-above-header-display":"","ast-hfb-below-header-display":"","ast-hfb-mobile-header-display":"","site-post-title":"","ast-breadcrumbs-content":"","ast-featured-img":"","footer-sml-layout":"","ast-disable-related-posts":"","theme-transparent-header-meta":"default","adv-header-id-meta":"","stick-header-meta":"","header-above-stick-meta":"","header-main-stick-meta":"","header-below-stick-meta":"","astra-migrate-meta-layouts":"set","ast-page-background-enabled":"default","ast-page-background-meta":{"desktop":{"background-color":"var(--ast-global-color-4)","background-image":"","background-repeat":"repeat","background-position":"center center","background-size":"auto","background-attachment":"scroll","background-type":"","background-media":"","overlay-type":"","overlay-color":"","overlay-opacity":"","overlay-gradient":""},"tablet":{"background-color":"","background-image":"","background-repeat":"repeat","background-position":"center center","background-size":"auto","background-attachment":"scroll","background-type":"","background-media":"","overlay-type":"","overlay-color":"","overlay-opacity":"","overlay-gradient":""},"mobile":{"background-color":"","background-image":"","background-repeat":"repeat","background-position":"center center","background-size":"auto","background-attachment":"scroll","background-type":"","background-media":"","overlay-type":"","overlay-color":"","overlay-opacity":"","overlay-gradient":""}},"ast-content-background-meta":{"desktop":{"background-color":"var(--ast-global-color-5)","background-image":"","background-repeat":"repeat","background-position":"center center","background-size":"auto","background-attachment":"scroll","background-type":"","background-media":"","overlay-type":"","overlay-color":"","overlay-opacity":"","overlay-gradient":""},"tablet":{"background-color":"var(--ast-global-color-5)","background-image":"","background-repeat":"repeat","background-position":"center center","background-size":"auto","background-attachment":"scroll","background-type":"","background-media":"","overlay-type":"","overlay-color":"","overlay-opacity":"","overlay-gradient":""},"mobile":{"background-color":"var(--ast-global-color-5)","background-image":"","background-repeat":"repeat","background-position":"center center","background-size":"auto","background-attachment":"scroll","background-type":"","background-media":"","overlay-type":"","overlay-color":"","overlay-opacity":"","overlay-gradient":""}}},"product_brand":[497],"product_cat":[15],"product_tag":[],"class_list":{"0":"post-3974","1":"product","2":"type-product","3":"status-publish","4":"has-post-thumbnail","6":"product_brand-3-pueblos-wine-project","7":"product_cat-sin-categoria","8":"desktop-align-left","9":"tablet-align-left","10":"mobile-align-left","12":"first","13":"instock","14":"shipping-taxable","15":"product-type-simple"},"acf":[],"yoast_head":"<!-- This site is optimized with the Yoast SEO plugin v22.9 - https:\/\/yoast.com\/wordpress\/plugins\/seo\/ -->\n<title>3 Pueblos Verdejo - VINITOR<\/title>\n<meta name=\"description\" content=\"3 Pueblos Verdejo from Rueda, organic and expressive, crafted from old vines at 800m altitude. Fresh, aromatic, with the classic Verdejo bitter touch.\" \/>\n<meta name=\"robots\" content=\"index, follow, max-snippet:-1, max-image-preview:large, max-video-preview:-1\" \/>\n<link rel=\"canonical\" href=\"https:\/\/vinitor.wine\/pt\/vinhos\/3-pueblos-verdejo\/\" \/>\n<meta property=\"og:locale\" content=\"pt_PT\" \/>\n<meta property=\"og:type\" content=\"article\" \/>\n<meta property=\"og:title\" content=\"3 Pueblos Verdejo - VINITOR\" \/>\n<meta property=\"og:description\" content=\"3 Pueblos Verdejo from Rueda, organic and expressive, crafted from old vines at 800m altitude. Fresh, aromatic, with the classic Verdejo bitter touch.\" \/>\n<meta property=\"og:url\" content=\"https:\/\/vinitor.wine\/pt\/vinhos\/3-pueblos-verdejo\/\" \/>\n<meta property=\"og:site_name\" content=\"VINITOR\" \/>\n<meta property=\"article:publisher\" content=\"https:\/\/www.facebook.com\/vinitor.wine\/\" \/>\n<meta property=\"article:modified_time\" content=\"2025-10-07T09:50:12+00:00\" \/>\n<meta property=\"og:image\" content=\"https:\/\/vinitor.wine\/wp-content\/uploads\/2025\/08\/3-Pueblos-verdejo-1080x1080-1.png\" \/>\n\t<meta property=\"og:image:width\" content=\"1080\" \/>\n\t<meta property=\"og:image:height\" content=\"1080\" \/>\n\t<meta property=\"og:image:type\" content=\"image\/png\" \/>\n<meta name=\"twitter:card\" content=\"summary_large_image\" \/>\n<meta name=\"twitter:label1\" content=\"Tempo estimado de leitura\" \/>\n\t<meta name=\"twitter:data1\" content=\"2 minutos\" \/>\n<script type=\"application\/ld+json\" class=\"yoast-schema-graph\">{\"@context\":\"https:\/\/schema.org\",\"@graph\":[{\"@type\":\"WebPage\",\"@id\":\"https:\/\/vinitor.wine\/wines\/3-pueblos-verdejo\/\",\"url\":\"https:\/\/vinitor.wine\/wines\/3-pueblos-verdejo\/\",\"name\":\"3 Pueblos Verdejo - VINITOR\",\"isPartOf\":{\"@id\":\"https:\/\/vinitor.wine\/#website\"},\"primaryImageOfPage\":{\"@id\":\"https:\/\/vinitor.wine\/wines\/3-pueblos-verdejo\/#primaryimage\"},\"image\":{\"@id\":\"https:\/\/vinitor.wine\/wines\/3-pueblos-verdejo\/#primaryimage\"},\"thumbnailUrl\":\"https:\/\/vinitor.wine\/wp-content\/uploads\/2025\/08\/3-Pueblos-verdejo-1080x1080-1.png\",\"datePublished\":\"2025-05-06T12:50:13+00:00\",\"dateModified\":\"2025-10-07T09:50:12+00:00\",\"description\":\"3 Pueblos Verdejo from Rueda, organic and expressive, crafted from old vines at 800m altitude. Fresh, aromatic, with the classic Verdejo bitter touch.\",\"breadcrumb\":{\"@id\":\"https:\/\/vinitor.wine\/wines\/3-pueblos-verdejo\/#breadcrumb\"},\"inLanguage\":\"pt-PT\",\"potentialAction\":[{\"@type\":\"ReadAction\",\"target\":[\"https:\/\/vinitor.wine\/wines\/3-pueblos-verdejo\/\"]}]},{\"@type\":\"ImageObject\",\"inLanguage\":\"pt-PT\",\"@id\":\"https:\/\/vinitor.wine\/wines\/3-pueblos-verdejo\/#primaryimage\",\"url\":\"https:\/\/vinitor.wine\/wp-content\/uploads\/2025\/08\/3-Pueblos-verdejo-1080x1080-1.png\",\"contentUrl\":\"https:\/\/vinitor.wine\/wp-content\/uploads\/2025\/08\/3-Pueblos-verdejo-1080x1080-1.png\",\"width\":1080,\"height\":1080},{\"@type\":\"BreadcrumbList\",\"@id\":\"https:\/\/vinitor.wine\/wines\/3-pueblos-verdejo\/#breadcrumb\",\"itemListElement\":[{\"@type\":\"ListItem\",\"position\":1,\"name\":\"Home\",\"item\":\"https:\/\/vinitor.wine\/en\/\"},{\"@type\":\"ListItem\",\"position\":2,\"name\":\"Productos\",\"item\":\"https:\/\/vinitor.wine\/tienda\/\"},{\"@type\":\"ListItem\",\"position\":3,\"name\":\"3 Pueblos Verdejo\"}]},{\"@type\":\"WebSite\",\"@id\":\"https:\/\/vinitor.wine\/#website\",\"url\":\"https:\/\/vinitor.wine\/\",\"name\":\"VINITOR\",\"description\":\"Your dedicated export department for premium Spanish wines, bridging wineries in Spain with importers worldwide\",\"publisher\":{\"@id\":\"https:\/\/vinitor.wine\/#organization\"},\"potentialAction\":[{\"@type\":\"SearchAction\",\"target\":{\"@type\":\"EntryPoint\",\"urlTemplate\":\"https:\/\/vinitor.wine\/?s={search_term_string}\"},\"query-input\":\"required name=search_term_string\"}],\"inLanguage\":\"pt-PT\"},{\"@type\":\"Organization\",\"@id\":\"https:\/\/vinitor.wine\/#organization\",\"name\":\"VINITOR\",\"url\":\"https:\/\/vinitor.wine\/\",\"logo\":{\"@type\":\"ImageObject\",\"inLanguage\":\"pt-PT\",\"@id\":\"https:\/\/vinitor.wine\/#\/schema\/logo\/image\/\",\"url\":\"https:\/\/vinitor.wine\/wp-content\/uploads\/2024\/10\/cropped-Vinitor_Logo-03.png\",\"contentUrl\":\"https:\/\/vinitor.wine\/wp-content\/uploads\/2024\/10\/cropped-Vinitor_Logo-03.png\",\"width\":512,\"height\":512,\"caption\":\"VINITOR\"},\"image\":{\"@id\":\"https:\/\/vinitor.wine\/#\/schema\/logo\/image\/\"},\"sameAs\":[\"https:\/\/www.facebook.com\/vinitor.wine\/\",\"https:\/\/www.instagram.com\/vinitor.wine\/\",\"https:\/\/es.linkedin.com\/company\/vinitor\"]}]}<\/script>\n<!-- \/ Yoast SEO plugin. -->","yoast_head_json":{"title":"3 Pueblos Verdejo - VINITOR","description":"3 Pueblos Verdejo de Rueda, org\u00e2nico e expressivo, elaborado a partir de vinhas antigas a 800m de altitude. Fresco, arom\u00e1tico, com o toque amargo cl\u00e1ssico do Verdejo.","robots":{"index":"index","follow":"follow","max-snippet":"max-snippet:-1","max-image-preview":"max-image-preview:large","max-video-preview":"max-video-preview:-1"},"canonical":"https:\/\/vinitor.wine\/pt\/vinhos\/3-pueblos-verdejo\/","og_locale":"pt_PT","og_type":"article","og_title":"3 Pueblos Verdejo - VINITOR","og_description":"3 Pueblos Verdejo from Rueda, organic and expressive, crafted from old vines at 800m altitude. Fresh, aromatic, with the classic Verdejo bitter touch.","og_url":"https:\/\/vinitor.wine\/pt\/vinhos\/3-pueblos-verdejo\/","og_site_name":"VINITOR","article_publisher":"https:\/\/www.facebook.com\/vinitor.wine\/","article_modified_time":"2025-10-07T09:50:12+00:00","og_image":[{"width":1080,"height":1080,"url":"https:\/\/vinitor.wine\/wp-content\/uploads\/2025\/08\/3-Pueblos-verdejo-1080x1080-1.png","type":"image\/png"}],"twitter_card":"summary_large_image","twitter_misc":{"Tempo estimado de leitura":"2 minutos"},"schema":{"@context":"https:\/\/schema.org","@graph":[{"@type":"WebPage","@id":"https:\/\/vinitor.wine\/wines\/3-pueblos-verdejo\/","url":"https:\/\/vinitor.wine\/wines\/3-pueblos-verdejo\/","name":"3 Pueblos Verdejo - VINITOR","isPartOf":{"@id":"https:\/\/vinitor.wine\/#website"},"primaryImageOfPage":{"@id":"https:\/\/vinitor.wine\/wines\/3-pueblos-verdejo\/#primaryimage"},"image":{"@id":"https:\/\/vinitor.wine\/wines\/3-pueblos-verdejo\/#primaryimage"},"thumbnailUrl":"https:\/\/vinitor.wine\/wp-content\/uploads\/2025\/08\/3-Pueblos-verdejo-1080x1080-1.png","datePublished":"2025-05-06T12:50:13+00:00","dateModified":"2025-10-07T09:50:12+00:00","description":"3 Pueblos Verdejo de Rueda, org\u00e2nico e expressivo, elaborado a partir de vinhas antigas a 800m de altitude. Fresco, arom\u00e1tico, com o toque amargo cl\u00e1ssico do Verdejo.","breadcrumb":{"@id":"https:\/\/vinitor.wine\/wines\/3-pueblos-verdejo\/#breadcrumb"},"inLanguage":"pt-PT","potentialAction":[{"@type":"ReadAction","target":["https:\/\/vinitor.wine\/wines\/3-pueblos-verdejo\/"]}]},{"@type":"ImageObject","inLanguage":"pt-PT","@id":"https:\/\/vinitor.wine\/wines\/3-pueblos-verdejo\/#primaryimage","url":"https:\/\/vinitor.wine\/wp-content\/uploads\/2025\/08\/3-Pueblos-verdejo-1080x1080-1.png","contentUrl":"https:\/\/vinitor.wine\/wp-content\/uploads\/2025\/08\/3-Pueblos-verdejo-1080x1080-1.png","width":1080,"height":1080},{"@type":"BreadcrumbList","@id":"https:\/\/vinitor.wine\/wines\/3-pueblos-verdejo\/#breadcrumb","itemListElement":[{"@type":"ListItem","position":1,"name":"Home","item":"https:\/\/vinitor.wine\/en\/"},{"@type":"ListItem","position":2,"name":"Productos","item":"https:\/\/vinitor.wine\/tienda\/"},{"@type":"ListItem","position":3,"name":"3 Pueblos Verdejo"}]},{"@type":"WebSite","@id":"https:\/\/vinitor.wine\/#website","url":"https:\/\/vinitor.wine\/","name":"VINITOR","description":"Seu departamento de exporta\u00e7\u00e3o dedicado a vinhos espanh\u00f3is premium, conectando vin\u00edcolas na Espanha com importadores em todo o mundo","publisher":{"@id":"https:\/\/vinitor.wine\/#organization"},"potentialAction":[{"@type":"SearchAction","target":{"@type":"EntryPoint","urlTemplate":"https:\/\/vinitor.wine\/?s={search_term_string}"},"query-input":"required name=search_term_string"}],"inLanguage":"pt-PT"},{"@type":"Organization","@id":"https:\/\/vinitor.wine\/#organization","name":"VINITOR","url":"https:\/\/vinitor.wine\/","logo":{"@type":"ImageObject","inLanguage":"pt-PT","@id":"https:\/\/vinitor.wine\/#\/schema\/logo\/image\/","url":"https:\/\/vinitor.wine\/wp-content\/uploads\/2024\/10\/cropped-Vinitor_Logo-03.png","contentUrl":"https:\/\/vinitor.wine\/wp-content\/uploads\/2024\/10\/cropped-Vinitor_Logo-03.png","width":512,"height":512,"caption":"VINITOR"},"image":{"@id":"https:\/\/vinitor.wine\/#\/schema\/logo\/image\/"},"sameAs":["https:\/\/www.facebook.com\/vinitor.wine\/","https:\/\/www.instagram.com\/vinitor.wine\/","https:\/\/es.linkedin.com\/company\/vinitor"]}]}},"_links":{"self":[{"href":"https:\/\/vinitor.wine\/pt\/wp-json\/wp\/v2\/product\/3974","targetHints":{"allow":["GET"]}}],"collection":[{"href":"https:\/\/vinitor.wine\/pt\/wp-json\/wp\/v2\/product"}],"about":[{"href":"https:\/\/vinitor.wine\/pt\/wp-json\/wp\/v2\/types\/product"}],"version-history":[{"count":0,"href":"https:\/\/vinitor.wine\/pt\/wp-json\/wp\/v2\/product\/3974\/revisions"}],"wp:featuredmedia":[{"embeddable":true,"href":"https:\/\/vinitor.wine\/pt\/wp-json\/wp\/v2\/media\/3975"}],"wp:attachment":[{"href":"https:\/\/vinitor.wine\/pt\/wp-json\/wp\/v2\/media?parent=3974"}],"wp:term":[{"taxonomy":"product_brand","embeddable":true,"href":"https:\/\/vinitor.wine\/pt\/wp-json\/wp\/v2\/product_brand?post=3974"},{"taxonomy":"product_cat","embeddable":true,"href":"https:\/\/vinitor.wine\/pt\/wp-json\/wp\/v2\/product_cat?post=3974"},{"taxonomy":"product_tag","embeddable":true,"href":"https:\/\/vinitor.wine\/pt\/wp-json\/wp\/v2\/product_tag?post=3974"}],"curies":[{"name":"wp","href":"https:\/\/api.w.org\/{rel}","templated":true}]}}