{"id":3791,"date":"2025-05-06T13:15:57","date_gmt":"2025-05-06T11:15:57","guid":{"rendered":"https:\/\/vinitor.wine\/?post_type=product&#038;p=3791"},"modified":"2025-10-07T11:53:34","modified_gmt":"2025-10-07T09:53:34","slug":"terra-ferma-blanc-costers-del-segre","status":"publish","type":"product","link":"https:\/\/vinitor.wine\/vi\/wines\/terra-ferma-blanc-costers-del-segre\/","title":{"rendered":"Terra Ferma Blanc"},"content":{"rendered":"<p data-start=\"105\" data-end=\"180\"><span class=\"relative -mx-px my-[-0.2rem] rounded px-px py-[0.2rem] transition-colors duration-100 ease-in-out\">Terra Ferma Blanc is a white wine that whispers of its birthplace in Costers del Segre, Catalonia. This D.O.P. is defined by a hot, arid continental climate with cold winters and hot summers. The vineyards are perched at elevations between 250 to 700 meters, rooted in shallow, limestone-rich soils with low organic matter<\/span><span class=\"\" data-state=\"closed\"><span class=\"ms-1 inline-flex max-w-full items-center relative top-[-0.094rem] animate-[show_150ms_ease-in]\" data-testid=\"webpage-citation-pill\"><a class=\"flex h-4.5 overflow-hidden rounded-xl px-2 text-[9px] font-medium text-token-text-secondary! bg-[#F4F4F4]! dark:bg-[#303030]! transition-colors duration-150 ease-in-out\" href=\"https:\/\/en.wikipedia.org\/wiki\/Costers_del_Segre?utm_source=chatgpt.com\" target=\"_blank\" rel=\"noopener\"><span class=\"relative start-0 bottom-0 flex h-full w-full items-center\"><span class=\"flex h-4 w-full items-center justify-between absolute\"><span class=\"max-w-full grow truncate overflow-hidden text-center\">Jancis Robinson<\/span><span class=\"-me-1 flex h-full items-center rounded-full px-1 text-[#8F8F8F]\">+15<\/span><\/span><span class=\"flex h-4 w-full items-center justify-between\"><span class=\"max-w-full grow truncate overflow-hidden text-center\">Wikipedia<\/span><span class=\"-me-1 flex h-full items-center rounded-full px-1 text-[#8F8F8F]\">+15<\/span><\/span><span class=\"flex h-4 w-full items-center justify-between absolute\"><span class=\"max-w-full grow truncate overflow-hidden text-center\">Vinissimus<\/span><span class=\"-me-1 flex h-full items-center rounded-full px-1 text-[#8F8F8F]\">+15<\/span><\/span><\/span><\/a><\/span><\/span>.<\/p>\n<p data-start=\"227\" data-end=\"401\"><span class=\"relative -mx-px my-[-0.2rem] rounded px-px py-[0.2rem] transition-colors duration-100 ease-in-out\">Blending Macabeo, Garnacha Blanca, and Chardonnay, Terra Ferma Blanc is a wine of both structure and nuance. The cold fermentation and gentle lees contact unify these varieties, allowing each to contribute without overpowering the others. Macabeo lends nerve and aging potential<\/span><span class=\"\" data-state=\"closed\"><span class=\"ms-1 inline-flex max-w-full items-center relative top-[-0.094rem] animate-[show_150ms_ease-in]\" data-testid=\"webpage-citation-pill\"><a class=\"flex h-4.5 overflow-hidden rounded-xl px-2 text-[9px] font-medium text-token-text-secondary! bg-[#F4F4F4]! dark:bg-[#303030]! transition-colors duration-150 ease-in-out\" href=\"https:\/\/www.grapesofspain.com\/wine.cfm?id=1084&amp;utm_source=chatgpt.com\" target=\"_blank\" rel=\"noopener\"><span class=\"relative start-0 bottom-0 flex h-full w-full items-center\"><span class=\"flex h-4 w-full items-center justify-between overflow-hidden\"><span class=\"max-w-full grow truncate overflow-hidden text-center\">grapesofspain.com<\/span><\/span><\/span><\/a><\/span><\/span>, Garnacha Blanca brings body and food-forward character, and Chardonnay adds a refined modern edge.<\/p>\n<p data-start=\"441\" data-end=\"782\">This wine is bright and round, with flavors of white fruit, subtle floral notes, and a gently creamy texture. Its balanced freshness makes it perfect for a broad range of cuisine\u2014from grilled vegetables and mild cheeses to aromatic rice dishes and seafood. Terra Ferma Blanc brings both mineral clarity and approachable comfort to the glass.<\/p>\n","protected":false},"excerpt":{"rendered":"<p>Terra Ferma Blanc l\u00e0 m\u1ed9t chai vang tr\u1eafng Catalan n\u1ed5i b\u1eadt v\u1edbi s\u1ef1 t\u01b0\u01a1i m\u00e1t kho\u00e1ng ch\u1ea5t v\u00e0 k\u1ebft c\u1ea5u m\u01b0\u1ee3t m\u00e0. M\u1ed9t chai vang sinh ra cho b\u00e0n \u0103n, s\u1ed1ng \u0111\u1ed9ng v\u00e0 \u0111a n\u0103ng.<\/p>","protected":false},"featured_media":3931,"template":"","meta":{"_acf_changed":false,"site-sidebar-layout":"default","site-content-layout":"","ast-site-content-layout":"default","site-content-style":"default","site-sidebar-style":"default","ast-global-header-display":"","ast-banner-title-visibility":"","ast-main-header-display":"","ast-hfb-above-header-display":"","ast-hfb-below-header-display":"","ast-hfb-mobile-header-display":"","site-post-title":"","ast-breadcrumbs-content":"","ast-featured-img":"","footer-sml-layout":"","ast-disable-related-posts":"","theme-transparent-header-meta":"default","adv-header-id-meta":"","stick-header-meta":"","header-above-stick-meta":"","header-main-stick-meta":"","header-below-stick-meta":"","astra-migrate-meta-layouts":"set","ast-page-background-enabled":"default","ast-page-background-meta":{"desktop":{"background-color":"var(--ast-global-color-4)","background-image":"","background-repeat":"repeat","background-position":"center center","background-size":"auto","background-attachment":"scroll","background-type":"","background-media":"","overlay-type":"","overlay-color":"","overlay-opacity":"","overlay-gradient":""},"tablet":{"background-color":"","background-image":"","background-repeat":"repeat","background-position":"center center","background-size":"auto","background-attachment":"scroll","background-type":"","background-media":"","overlay-type":"","overlay-color":"","overlay-opacity":"","overlay-gradient":""},"mobile":{"background-color":"","background-image":"","background-repeat":"repeat","background-position":"center center","background-size":"auto","background-attachment":"scroll","background-type":"","background-media":"","overlay-type":"","overlay-color":"","overlay-opacity":"","overlay-gradient":""}},"ast-content-background-meta":{"desktop":{"background-color":"var(--ast-global-color-5)","background-image":"","background-repeat":"repeat","background-position":"center center","background-size":"auto","background-attachment":"scroll","background-type":"","background-media":"","overlay-type":"","overlay-color":"","overlay-opacity":"","overlay-gradient":""},"tablet":{"background-color":"var(--ast-global-color-5)","background-image":"","background-repeat":"repeat","background-position":"center center","background-size":"auto","background-attachment":"scroll","background-type":"","background-media":"","overlay-type":"","overlay-color":"","overlay-opacity":"","overlay-gradient":""},"mobile":{"background-color":"var(--ast-global-color-5)","background-image":"","background-repeat":"repeat","background-position":"center center","background-size":"auto","background-attachment":"scroll","background-type":"","background-media":"","overlay-type":"","overlay-color":"","overlay-opacity":"","overlay-gradient":""}}},"product_brand":[500],"product_cat":[15],"product_tag":[],"class_list":{"0":"post-3791","1":"product","2":"type-product","3":"status-publish","4":"has-post-thumbnail","6":"product_brand-terra-ferma-costers-del-segre","7":"product_cat-sin-categoria","8":"desktop-align-left","9":"tablet-align-left","10":"mobile-align-left","12":"first","13":"instock","14":"shipping-taxable","15":"product-type-simple"},"acf":[],"yoast_head":"<!-- This site is optimized with the Yoast SEO plugin v22.9 - https:\/\/yoast.com\/wordpress\/plugins\/seo\/ -->\n<title>Terra Ferma Blanc - VINITOR<\/title>\n<meta name=\"description\" content=\"Terra Ferma Blanc is a white wine from Costers del Segre, a blend of Macabeo, Garnacha Blanca and Chardonnay. Fresh, mineral and gastronomic.\" \/>\n<meta name=\"robots\" content=\"index, follow, max-snippet:-1, max-image-preview:large, max-video-preview:-1\" \/>\n<link rel=\"canonical\" href=\"https:\/\/vinitor.wine\/vi\/ruou-vang\/terra-ferma-blanc-costers-del-segre\/\" \/>\n<meta property=\"og:locale\" content=\"vi_VN\" \/>\n<meta property=\"og:type\" content=\"article\" \/>\n<meta property=\"og:title\" content=\"Terra Ferma Blanc - VINITOR\" \/>\n<meta property=\"og:description\" content=\"Terra Ferma Blanc is a white wine from Costers del Segre, a blend of Macabeo, Garnacha Blanca and Chardonnay. Fresh, mineral and gastronomic.\" \/>\n<meta property=\"og:url\" content=\"https:\/\/vinitor.wine\/vi\/ruou-vang\/terra-ferma-blanc-costers-del-segre\/\" \/>\n<meta property=\"og:site_name\" content=\"VINITOR\" \/>\n<meta property=\"article:publisher\" content=\"https:\/\/www.facebook.com\/vinitor.wine\/\" \/>\n<meta property=\"article:modified_time\" content=\"2025-10-07T09:53:34+00:00\" \/>\n<meta property=\"og:image\" content=\"https:\/\/vinitor.wine\/wp-content\/uploads\/2025\/08\/Terra-Ferma-blanc.png\" \/>\n\t<meta property=\"og:image:width\" content=\"1080\" \/>\n\t<meta property=\"og:image:height\" content=\"1080\" \/>\n\t<meta property=\"og:image:type\" content=\"image\/png\" \/>\n<meta name=\"twitter:card\" content=\"summary_large_image\" \/>\n<meta name=\"twitter:label1\" content=\"\u01af\u1edbc t\u00ednh th\u1eddi gian \u0111\u1ecdc\" \/>\n\t<meta name=\"twitter:data1\" content=\"1 ph\u00fat\" \/>\n<script type=\"application\/ld+json\" class=\"yoast-schema-graph\">{\"@context\":\"https:\/\/schema.org\",\"@graph\":[{\"@type\":\"WebPage\",\"@id\":\"https:\/\/vinitor.wine\/wines\/terra-ferma-blanc-costers-del-segre\/\",\"url\":\"https:\/\/vinitor.wine\/wines\/terra-ferma-blanc-costers-del-segre\/\",\"name\":\"Terra Ferma Blanc - VINITOR\",\"isPartOf\":{\"@id\":\"https:\/\/vinitor.wine\/#website\"},\"primaryImageOfPage\":{\"@id\":\"https:\/\/vinitor.wine\/wines\/terra-ferma-blanc-costers-del-segre\/#primaryimage\"},\"image\":{\"@id\":\"https:\/\/vinitor.wine\/wines\/terra-ferma-blanc-costers-del-segre\/#primaryimage\"},\"thumbnailUrl\":\"https:\/\/vinitor.wine\/wp-content\/uploads\/2025\/08\/Terra-Ferma-blanc.png\",\"datePublished\":\"2025-05-06T11:15:57+00:00\",\"dateModified\":\"2025-10-07T09:53:34+00:00\",\"description\":\"Terra Ferma Blanc is a white wine from Costers del Segre, a blend of Macabeo, Garnacha Blanca and Chardonnay. Fresh, mineral and gastronomic.\",\"breadcrumb\":{\"@id\":\"https:\/\/vinitor.wine\/wines\/terra-ferma-blanc-costers-del-segre\/#breadcrumb\"},\"inLanguage\":\"vi\",\"potentialAction\":[{\"@type\":\"ReadAction\",\"target\":[\"https:\/\/vinitor.wine\/wines\/terra-ferma-blanc-costers-del-segre\/\"]}]},{\"@type\":\"ImageObject\",\"inLanguage\":\"vi\",\"@id\":\"https:\/\/vinitor.wine\/wines\/terra-ferma-blanc-costers-del-segre\/#primaryimage\",\"url\":\"https:\/\/vinitor.wine\/wp-content\/uploads\/2025\/08\/Terra-Ferma-blanc.png\",\"contentUrl\":\"https:\/\/vinitor.wine\/wp-content\/uploads\/2025\/08\/Terra-Ferma-blanc.png\",\"width\":1080,\"height\":1080},{\"@type\":\"BreadcrumbList\",\"@id\":\"https:\/\/vinitor.wine\/wines\/terra-ferma-blanc-costers-del-segre\/#breadcrumb\",\"itemListElement\":[{\"@type\":\"ListItem\",\"position\":1,\"name\":\"Home\",\"item\":\"https:\/\/vinitor.wine\/en\/\"},{\"@type\":\"ListItem\",\"position\":2,\"name\":\"Productos\",\"item\":\"https:\/\/vinitor.wine\/tienda\/\"},{\"@type\":\"ListItem\",\"position\":3,\"name\":\"Terra Ferma Blanc\"}]},{\"@type\":\"WebSite\",\"@id\":\"https:\/\/vinitor.wine\/#website\",\"url\":\"https:\/\/vinitor.wine\/\",\"name\":\"VINITOR\",\"description\":\"Your dedicated export department for premium Spanish wines, bridging wineries in Spain with importers worldwide\",\"publisher\":{\"@id\":\"https:\/\/vinitor.wine\/#organization\"},\"potentialAction\":[{\"@type\":\"SearchAction\",\"target\":{\"@type\":\"EntryPoint\",\"urlTemplate\":\"https:\/\/vinitor.wine\/?s={search_term_string}\"},\"query-input\":\"required name=search_term_string\"}],\"inLanguage\":\"vi\"},{\"@type\":\"Organization\",\"@id\":\"https:\/\/vinitor.wine\/#organization\",\"name\":\"VINITOR\",\"url\":\"https:\/\/vinitor.wine\/\",\"logo\":{\"@type\":\"ImageObject\",\"inLanguage\":\"vi\",\"@id\":\"https:\/\/vinitor.wine\/#\/schema\/logo\/image\/\",\"url\":\"https:\/\/vinitor.wine\/wp-content\/uploads\/2024\/10\/cropped-Vinitor_Logo-03.png\",\"contentUrl\":\"https:\/\/vinitor.wine\/wp-content\/uploads\/2024\/10\/cropped-Vinitor_Logo-03.png\",\"width\":512,\"height\":512,\"caption\":\"VINITOR\"},\"image\":{\"@id\":\"https:\/\/vinitor.wine\/#\/schema\/logo\/image\/\"},\"sameAs\":[\"https:\/\/www.facebook.com\/vinitor.wine\/\",\"https:\/\/www.instagram.com\/vinitor.wine\/\",\"https:\/\/es.linkedin.com\/company\/vinitor\"]}]}<\/script>\n<!-- \/ Yoast SEO plugin. -->","yoast_head_json":{"title":"Terra Ferma Blanc - VINITOR","description":"Terra Ferma Blanc l\u00e0 m\u1ed9t lo\u1ea1i r\u01b0\u1ee3u tr\u1eafng t\u1eeb Costers del Segre, k\u1ebft h\u1ee3p gi\u1eefa Macabeo, Garnacha Blanca v\u00e0 Chardonnay. T\u01b0\u01a1i m\u00e1t, kho\u00e1ng \u0111\u1ea1t v\u00e0 l\u00fd t\u01b0\u1edfng cho \u1ea9m th\u1ef1c.","robots":{"index":"index","follow":"follow","max-snippet":"max-snippet:-1","max-image-preview":"max-image-preview:large","max-video-preview":"max-video-preview:-1"},"canonical":"https:\/\/vinitor.wine\/vi\/ruou-vang\/terra-ferma-blanc-costers-del-segre\/","og_locale":"vi_VN","og_type":"article","og_title":"Terra Ferma Blanc - VINITOR","og_description":"Terra Ferma Blanc is a white wine from Costers del Segre, a blend of Macabeo, Garnacha Blanca and Chardonnay. Fresh, mineral and gastronomic.","og_url":"https:\/\/vinitor.wine\/vi\/ruou-vang\/terra-ferma-blanc-costers-del-segre\/","og_site_name":"VINITOR","article_publisher":"https:\/\/www.facebook.com\/vinitor.wine\/","article_modified_time":"2025-10-07T09:53:34+00:00","og_image":[{"width":1080,"height":1080,"url":"https:\/\/vinitor.wine\/wp-content\/uploads\/2025\/08\/Terra-Ferma-blanc.png","type":"image\/png"}],"twitter_card":"summary_large_image","twitter_misc":{"\u01af\u1edbc t\u00ednh th\u1eddi gian \u0111\u1ecdc":"1 ph\u00fat"},"schema":{"@context":"https:\/\/schema.org","@graph":[{"@type":"WebPage","@id":"https:\/\/vinitor.wine\/wines\/terra-ferma-blanc-costers-del-segre\/","url":"https:\/\/vinitor.wine\/wines\/terra-ferma-blanc-costers-del-segre\/","name":"Terra Ferma Blanc - VINITOR","isPartOf":{"@id":"https:\/\/vinitor.wine\/#website"},"primaryImageOfPage":{"@id":"https:\/\/vinitor.wine\/wines\/terra-ferma-blanc-costers-del-segre\/#primaryimage"},"image":{"@id":"https:\/\/vinitor.wine\/wines\/terra-ferma-blanc-costers-del-segre\/#primaryimage"},"thumbnailUrl":"https:\/\/vinitor.wine\/wp-content\/uploads\/2025\/08\/Terra-Ferma-blanc.png","datePublished":"2025-05-06T11:15:57+00:00","dateModified":"2025-10-07T09:53:34+00:00","description":"Terra Ferma Blanc l\u00e0 m\u1ed9t lo\u1ea1i r\u01b0\u1ee3u tr\u1eafng t\u1eeb Costers del Segre, k\u1ebft h\u1ee3p gi\u1eefa Macabeo, Garnacha Blanca v\u00e0 Chardonnay. T\u01b0\u01a1i m\u00e1t, kho\u00e1ng \u0111\u1ea1t v\u00e0 l\u00fd t\u01b0\u1edfng cho \u1ea9m th\u1ef1c.","breadcrumb":{"@id":"https:\/\/vinitor.wine\/wines\/terra-ferma-blanc-costers-del-segre\/#breadcrumb"},"inLanguage":"vi","potentialAction":[{"@type":"ReadAction","target":["https:\/\/vinitor.wine\/wines\/terra-ferma-blanc-costers-del-segre\/"]}]},{"@type":"ImageObject","inLanguage":"vi","@id":"https:\/\/vinitor.wine\/wines\/terra-ferma-blanc-costers-del-segre\/#primaryimage","url":"https:\/\/vinitor.wine\/wp-content\/uploads\/2025\/08\/Terra-Ferma-blanc.png","contentUrl":"https:\/\/vinitor.wine\/wp-content\/uploads\/2025\/08\/Terra-Ferma-blanc.png","width":1080,"height":1080},{"@type":"BreadcrumbList","@id":"https:\/\/vinitor.wine\/wines\/terra-ferma-blanc-costers-del-segre\/#breadcrumb","itemListElement":[{"@type":"ListItem","position":1,"name":"Home","item":"https:\/\/vinitor.wine\/en\/"},{"@type":"ListItem","position":2,"name":"Productos","item":"https:\/\/vinitor.wine\/tienda\/"},{"@type":"ListItem","position":3,"name":"Terra Ferma Blanc"}]},{"@type":"WebSite","@id":"https:\/\/vinitor.wine\/#website","url":"https:\/\/vinitor.wine\/","name":"VINITOR","description":"B\u1ed9 ph\u1eadn xu\u1ea5t kh\u1ea9u chuy\u00ean nghi\u1ec7p c\u1ee7a b\u1ea1n cho r\u01b0\u1ee3u vang cao c\u1ea5p T\u00e2y Ban Nha, k\u1ebft n\u1ed1i c\u00e1c nh\u00e0 m\u00e1y r\u01b0\u1ee3u \u1edf T\u00e2y Ban Nha v\u1edbi c\u00e1c nh\u00e0 nh\u1eadp kh\u1ea9u tr\u00ean to\u00e0n th\u1ebf gi\u1edbi","publisher":{"@id":"https:\/\/vinitor.wine\/#organization"},"potentialAction":[{"@type":"SearchAction","target":{"@type":"EntryPoint","urlTemplate":"https:\/\/vinitor.wine\/?s={search_term_string}"},"query-input":"required name=search_term_string"}],"inLanguage":"vi"},{"@type":"Organization","@id":"https:\/\/vinitor.wine\/#organization","name":"VINITOR","url":"https:\/\/vinitor.wine\/","logo":{"@type":"ImageObject","inLanguage":"vi","@id":"https:\/\/vinitor.wine\/#\/schema\/logo\/image\/","url":"https:\/\/vinitor.wine\/wp-content\/uploads\/2024\/10\/cropped-Vinitor_Logo-03.png","contentUrl":"https:\/\/vinitor.wine\/wp-content\/uploads\/2024\/10\/cropped-Vinitor_Logo-03.png","width":512,"height":512,"caption":"VINITOR"},"image":{"@id":"https:\/\/vinitor.wine\/#\/schema\/logo\/image\/"},"sameAs":["https:\/\/www.facebook.com\/vinitor.wine\/","https:\/\/www.instagram.com\/vinitor.wine\/","https:\/\/es.linkedin.com\/company\/vinitor"]}]}},"_links":{"self":[{"href":"https:\/\/vinitor.wine\/vi\/wp-json\/wp\/v2\/product\/3791","targetHints":{"allow":["GET"]}}],"collection":[{"href":"https:\/\/vinitor.wine\/vi\/wp-json\/wp\/v2\/product"}],"about":[{"href":"https:\/\/vinitor.wine\/vi\/wp-json\/wp\/v2\/types\/product"}],"version-history":[{"count":0,"href":"https:\/\/vinitor.wine\/vi\/wp-json\/wp\/v2\/product\/3791\/revisions"}],"wp:featuredmedia":[{"embeddable":true,"href":"https:\/\/vinitor.wine\/vi\/wp-json\/wp\/v2\/media\/3931"}],"wp:attachment":[{"href":"https:\/\/vinitor.wine\/vi\/wp-json\/wp\/v2\/media?parent=3791"}],"wp:term":[{"taxonomy":"product_brand","embeddable":true,"href":"https:\/\/vinitor.wine\/vi\/wp-json\/wp\/v2\/product_brand?post=3791"},{"taxonomy":"product_cat","embeddable":true,"href":"https:\/\/vinitor.wine\/vi\/wp-json\/wp\/v2\/product_cat?post=3791"},{"taxonomy":"product_tag","embeddable":true,"href":"https:\/\/vinitor.wine\/vi\/wp-json\/wp\/v2\/product_tag?post=3791"}],"curies":[{"name":"wp","href":"https:\/\/api.w.org\/{rel}","templated":true}]}}